{"id":386,"date":"2016-03-31T14:08:59","date_gmt":"2016-03-31T14:08:59","guid":{"rendered":"http:\/\/flatsome.dev\/?page_id=7002"},"modified":"2021-01-16T11:51:01","modified_gmt":"2021-01-16T16:51:01","slug":"portfolio","status":"publish","type":"page","link":"https:\/\/seic.com.co\/cda\/","title":{"rendered":"Portfolio"},"content":{"rendered":"\n[ux_banner height=\u00bb550px\u00bb height__sm=\u00bb450px\u00bb bg=\u00bb557&#8243; bg_overlay=\u00bbrgba(30, 94, 167, 0.302)\u00bb bg_pos=\u00bb54% 21%\u00bb]\n\n[text_box width=\u00bb50&#8243; width__sm=\u00bb62&#8243; position_x=\u00bb10&#8243; position_y=\u00bb50&#8243; text_align=\u00bbleft\u00bb]\n\n<h2><span style=\"font-size: 90%;\"><strong>PRODUCTOS DESTACADOS<\/strong><\/span><\/h2>\n<p><span style=\"font-size: 90%;\">Visite nuestra Tienda y conozca\u00a0 una linea completa de productos para CDA.<\/span><\/p>\n[button text=\u00bbTienda en linea\u00bb color=\u00bbwhite\u00bb link=\u00bbTienda\u00bb]\n\n[button text=\u00bbCotizaciones\u00bb color=\u00bbwhite\u00bb style=\u00bboutline\u00bb link=\u00bbhttps:\/\/seic.com.co\/cda\/elements\/pages\/our-stores\/\u00bb]\n\n\n[\/text_box]\n\n[\/ux_banner]\n[title style=\u00bbcenter\u00bb text=\u00bbNUESTROS PRODUCTOS\u00bb]\n\n[ux_banner_grid spacing=\u00bblarge\u00bb height=\u00bb885&#8243; width=\u00bbfull-width\u00bb]\n\n[col_grid span=\u00bb4&#8243; span__sm=\u00bb13&#8243; height=\u00bb1-2&#8243;]\n\n[ux_banner height=\u00bb500px\u00bb]\n\n[text_box width__sm=\u00bb60&#8243; position_x=\u00bb50&#8243; position_y=\u00bb50&#8243;]\n\n\n[\/text_box]\n\n[\/ux_banner]\n\n[\/col_grid]\n[col_grid span=\u00bb4&#8243; span__sm=\u00bb13&#8243; height=\u00bb1-2&#8243;]\n\n[ux_banner height=\u00bb500px\u00bb]\n\n[text_box width__sm=\u00bb60&#8243; position_x=\u00bb50&#8243; position_y=\u00bb50&#8243;]\n\n\n[\/text_box]\n\n[\/ux_banner]\n[ux_banner height=\u00bb500px\u00bb]\n\n[text_box width__sm=\u00bb60&#8243; position_x=\u00bb50&#8243; position_y=\u00bb50&#8243;]\n\n\n[\/text_box]\n\n[\/ux_banner]\n\n[\/col_grid]\n[col_grid span=\u00bb4&#8243; span__sm=\u00bb13&#8243; height=\u00bb1-2&#8243;]\n\n[ux_banner height=\u00bb500px\u00bb]\n\n[text_box width__sm=\u00bb60&#8243; position_x=\u00bb50&#8243; position_y=\u00bb50&#8243;]\n\n\n[\/text_box]\n\n[\/ux_banner]\n[ux_banner height=\u00bb500px\u00bb]\n\n[text_box width__sm=\u00bb60&#8243; position_x=\u00bb50&#8243; position_y=\u00bb50&#8243;]\n\n\n[\/text_box]\n\n[\/ux_banner]\n\n[\/col_grid]\n[col_grid span=\u00bb4&#8243; span__sm=\u00bb14&#8243; height=\u00bb1-2&#8243;]\n\n[ux_banner height=\u00bb500px\u00bb]\n\n[text_box position_x=\u00bb50&#8243; position_y=\u00bb50&#8243;]\n\n\n[\/text_box]\n\n[\/ux_banner]\n\n[\/col_grid]\n[col_grid span=\u00bb4&#8243; span__sm=\u00bb13&#8243; height=\u00bb1-2&#8243;]\n\n[ux_banner height=\u00bb500px\u00bb]\n\n[text_box position_x=\u00bb50&#8243; position_y=\u00bb50&#8243;]\n\n\n[\/text_box]\n\n[\/ux_banner]\n\n[\/col_grid]\n[col_grid span=\u00bb4&#8243; span__sm=\u00bb13&#8243; height=\u00bb1-2&#8243;]\n\n[ux_banner height=\u00bb500px\u00bb]\n\n[text_box position_x=\u00bb50&#8243; position_y=\u00bb50&#8243;]\n\n\n[\/text_box]\n\n[\/ux_banner]\n\n[\/col_grid]\n\n[\/ux_banner_grid]\n[section padding=\u00bb0px\u00bb]\n\n[row]\n\n[col span__sm=\u00bb12&#8243;]\n\n[gap]\n\n[row_inner style=\u00bbcollapse\u00bb width=\u00bbfull-width\u00bb]\n\n[col_inner span=\u00bb4&#8243; span__sm=\u00bb12&#8243;]\n\n[ux_banner height=\u00bb150px\u00bb height__sm=\u00bb190px\u00bb bg=\u00bb571&#8243; bg_size=\u00bbmedium\u00bb bg_overlay=\u00bbrgba(17, 81, 155, 0.529)\u00bb bg_pos=\u00bb57% 100%\u00bb]\n\n[text_box position_x=\u00bb50&#8243; position_y=\u00bb50&#8243;]\n\n<h3 class=\"uppercase\"><span style=\"font-size: 110%;\"><strong>50\u00a0%\u00a0OFF SALE<\/strong><\/span><\/h3>\n<p>Productos en promoci\u00f3n.<\/p>\n\n[\/text_box]\n\n[\/ux_banner]\n\n[\/col_inner]\n[col_inner span=\u00bb4&#8243; span__sm=\u00bb12&#8243;]\n\n[ux_banner height=\u00bb150px\u00bb height__sm=\u00bb190px\u00bb bg=\u00bb574&#8243; bg_overlay=\u00bbrgba(13, 65, 123, 0.407)\u00bb]\n\n[text_box position_x=\u00bb50&#8243; position_y=\u00bb50&#8243;]\n\n<h3 class=\"uppercase\"><span style=\"font-size: 110%;\"><strong>novedades<\/strong><\/span><\/h3>\n<p>Encuentra novedosos productos<\/p>\n\n[\/text_box]\n\n[\/ux_banner]\n\n[\/col_inner]\n[col_inner span=\u00bb4&#8243; span__sm=\u00bb12&#8243;]\n\n[ux_banner height=\u00bb150px\u00bb height__sm=\u00bb190px\u00bb bg=\u00bb709&#8243; bg_overlay=\u00bbrgba(0,0,0,.5)\u00bb]\n\n[text_box position_x=\u00bb50&#8243; position_y=\u00bb50&#8243;]\n\n<h3 class=\"uppercase\"><span style=\"font-size: 110%;\"><strong>los mas comprados<\/strong><\/span><\/h3>\n<p>Encuentra los productos m\u00e1s comercializados.<\/p>\n\n[\/text_box]\n\n[\/ux_banner]\n\n[\/col_inner]\n\n[\/row_inner]\n\n[\/col]\n\n[\/row]\n\n[\/section]\n[section label=\u00bbTestimonials\u00bb bg_color=\u00bbrgb(246, 246, 246)\u00bb padding=\u00bb80px\u00bb]\n\n[gap]\n\n[row label=\u00bbTitle\u00bb]\n\n[col span__sm=\u00bb12&#8243; align=\u00bbcenter\u00bb]\n\n<h2>Lo que opinan nuestros clientes<\/h2>\n<p>Nuestro negocio es hacer crecer el suyo!<\/p>\n\n[\/col]\n\n[\/row]\n[row label=\u00bbTestimonials\u00bb col_bg=\u00bbrgb(255,255,255)\u00bb v_align=\u00bbequal\u00bb padding=\u00bb25px 25px 25px 25px\u00bb]\n\n[col span=\u00bb4&#8243; span__sm=\u00bb12&#8243; span__md=\u00bb6&#8243;]\n\n[testimonial image=\u00bb13755&#8243; pos=\u00bbcenter\u00bb name=\u00bbRobinson S\u00e1nchez\u00bb company=\u00bbInspector CDA\u00bb]\n\n[gap height=\u00bb10px\u00bb]\n\n[ux_text text_align=\u00bbleft\u00bb]\n\n<p style=\"font-style: normal;\">Accidentalmente se da\u00f1o un Sonda de temperatura para Analizador Brain Bee, pens\u00e9 que deb\u00eda pagarla nueva , afortunadamente en SEIC la repararon a un costo muy viable, todo sali\u00f3 perfecto.<\/p>\n[\/ux_text]\n\n[\/testimonial]\n\n[\/col]\n[col span=\u00bb4&#8243; span__sm=\u00bb12&#8243; span__md=\u00bb6&#8243;]\n\n[testimonial image=\u00bb13784&#8243; pos=\u00bbcenter\u00bb name=\u00bbGabriel Bustos\u00bb company=\u00bbDirector T\u00e9cnico CDA Chiquinquira\u00bb]\n\n[gap height=\u00bb10px\u00bb]\n\n[ux_text text_align=\u00bbleft\u00bb]\n\n<p style=\"font-style: normal;\">Me ha gustado el servicio, primero por que es econ\u00f3mico pero tambi\u00e9n\u00a0 se puede conseguir de todo lo que necesitamos, en SEIC se esmeran por brindar una soluci\u00f3n completa.<\/p>\n[\/ux_text]\n\n[\/testimonial]\n\n[\/col]\n[col span=\u00bb4&#8243; span__sm=\u00bb12&#8243; span__md=\u00bb6&#8243; align=\u00bbleft\u00bb]\n\n[testimonial image=\u00bb13754&#8243; pos=\u00bbcenter\u00bb name=\u00bbFernando Fern\u00e1ndez\u00bb company=\u00bbDirector T\u00e9cnico CDA\u00bb]\n\n[gap height=\u00bb10px\u00bb]\n\n[ux_text text_align=\u00bbleft\u00bb]\n\n<p style=\"font-style: normal;\">Siempre est\u00e1n pendientes de ayudar, me gusta el servicio que brindan en SEIC. son personas que trabajan con mucha seriedad.<\/p>\n[\/ux_text]\n\n[\/testimonial]\n\n[\/col]\n[col span=\u00bb4&#8243; span__sm=\u00bb12&#8243; span__md=\u00bb6&#8243;]\n\n[testimonial image=\u00bb2606&#8243; pos=\u00bbcenter\u00bb name=\u00bbCarlos Francisco Moreno\u00bb company=\u00bbGerente CDA Bucaramanga\u00bb]\n\n[gap height=\u00bb10px\u00bb]\n\n[ux_text text_align=\u00bbleft\u00bb]\n\n<p style=\"font-style: normal;\">Es un servicio \u00e1gil, veo en SEIC una empresa con buen potencial para ofrecer servicios y suministros en los CDA&#8217;s de Colombia, su ingenier\u00eda es robusta y madura, son gente confiable.<\/p>\n[\/ux_text]\n\n[\/testimonial]\n\n[\/col]\n[col span=\u00bb4&#8243; span__sm=\u00bb12&#8243; span__md=\u00bb6&#8243;]\n\n[testimonial image=\u00bb2607&#8243; pos=\u00bbcenter\u00bb name=\u00bbJairo Guevara\u00bb company=\u00bbGerente CDA Sogamoso\u00bb]\n\n[gap height=\u00bb10px\u00bb]\n\n[ux_text text_align=\u00bbleft\u00bb]\n\n<p style=\"font-style: normal;\">en SEIC han reparado Sondas para nuestro CDA, hasta la fecha todo ha funcionado muy bien sin inconvenientes.<\/p>\n[\/ux_text]\n\n[\/testimonial]\n\n[\/col]\n[col span=\u00bb4&#8243; span__sm=\u00bb12&#8243; span__md=\u00bb6&#8243;]\n\n[testimonial image=\u00bb2608&#8243; pos=\u00bbcenter\u00bb name=\u00bbEfra\u00edn Borja\u00bb company=\u00bbCDA San Andr\u00e9s\u00bb]\n\n[gap height=\u00bb10px\u00bb]\n\n[ux_text text_align=\u00bbleft\u00bb]\n\n<p style=\"font-style: normal;\">El Ingeniero Pedro que ahora esta en SEIC, nos ha aportado mucho en el CDA, sus apreciaciones y ajustes antes de la auditor\u00eda han sido vitales para nuestra operaci\u00f3n.<\/p>\n[\/ux_text]\n\n[\/testimonial]\n\n[\/col]\n\n[\/row]\n[row label=\u00bbButton\u00bb]\n\n[col span__sm=\u00bb12&#8243; align=\u00bbcenter\u00bb]\n\n[button text=\u00bbPermitenos saber tu opini\u00f3n\u00bb]\n\n\n[\/col]\n\n[\/row]\n\n[\/section]\n[ux_banner height=\u00bb636px\u00bb bg=\u00bb587&#8243; bg_overlay=\u00bbrgba(13, 65, 123, 0.326)\u00bb]\n\n[text_box width=\u00bb77&#8243; width__sm=\u00bb77&#8243; position_x=\u00bb50&#8243; position_y=\u00bb35&#8243; position_y__sm=\u00bb30&#8243;]\n\n[ux_text font_size=\u00bb0.75&#8243; line_height=\u00bb2.5&#8243;]\n\n<h1><span style=\"font-size: 115%;\"><strong>Noticias para CDA&#8217;s<\/strong><\/span><\/h1>\n<h6 class=\"uppercase\">Mantengase actualizado de promociones increibles.<\/h6>\n[\/ux_text]\n[gap]\n\n\n[\/text_box]\n[text_box width=\u00bb44&#8243; width__sm=\u00bb56&#8243; position_x=\u00bb50&#8243; position_y=\u00bb85&#8243; position_y__sm=\u00bb70&#8243;]\n\n[gap height=\u00bb20px\u00bb]\n\n<div role=\"form\" class=\"wpcf7\" id=\"wpcf7-f727-o1\" lang=\"es-ES\" dir=\"ltr\">\n<div class=\"screen-reader-response\"><p role=\"status\" aria-live=\"polite\" aria-atomic=\"true\"><\/p> <ul><\/ul><\/div>\n<form action=\"\/cda\/wp-json\/wp\/v2\/pages\/386#wpcf7-f727-o1\" method=\"post\" class=\"wpcf7-form init mailchimp-ext-0.5.31\" novalidate=\"novalidate\" data-status=\"init\">\n<div style=\"display: none;\">\n<input type=\"hidden\" name=\"_wpcf7\" value=\"727\" \/>\n<input type=\"hidden\" name=\"_wpcf7_version\" value=\"5.3.2\" \/>\n<input type=\"hidden\" name=\"_wpcf7_locale\" value=\"es_ES\" \/>\n<input type=\"hidden\" name=\"_wpcf7_unit_tag\" value=\"wpcf7-f727-o1\" \/>\n<input type=\"hidden\" name=\"_wpcf7_container_post\" value=\"0\" \/>\n<input type=\"hidden\" name=\"_wpcf7_posted_data_hash\" value=\"\" \/>\n<input type=\"hidden\" name=\"_wpcf7cf_hidden_group_fields\" value=\"\" \/>\n<input type=\"hidden\" name=\"_wpcf7cf_hidden_groups\" value=\"\" \/>\n<input type=\"hidden\" name=\"_wpcf7cf_visible_groups\" value=\"\" \/>\n<input type=\"hidden\" name=\"_wpcf7cf_repeaters\" value=\"[]\" \/>\n<input type=\"hidden\" name=\"_wpcf7cf_steps\" value=\"{}\" \/>\n<input type=\"hidden\" name=\"_wpcf7cf_options\" value=\"{&quot;form_id&quot;:727,&quot;conditions&quot;:[],&quot;settings&quot;:{&quot;animation&quot;:&quot;yes&quot;,&quot;animation_intime&quot;:200,&quot;animation_outtime&quot;:200,&quot;conditions_ui&quot;:&quot;normal&quot;,&quot;notice_dismissed&quot;:false}}\" \/>\n<\/div>\n<p><label> Tu correo electr\u00f3nico<br \/>\n    <span class=\"wpcf7-form-control-wrap your-email\"><input type=\"email\" name=\"your-email\" value=\"\" size=\"40\" class=\"wpcf7-form-control wpcf7-text wpcf7-email wpcf7-validates-as-required wpcf7-validates-as-email\" aria-required=\"true\" aria-invalid=\"false\" \/><\/span> <\/label><\/p>\n<p><input type=\"submit\" value=\"Enviar\" class=\"wpcf7-form-control wpcf7-submit\" \/><\/p>\n<div class=\"wpcf7-response-output\" aria-hidden=\"true\"><\/div><p style=\"display: none !important\"><span class=\"wpcf7-form-control-wrap referer-page\"><input type=\"hidden\" name=\"referer-page\" value=\"http:\/\/Direct%20Visit\" data-value=\"http:\/\/Direct%20Visit\" class=\"wpcf7-form-control wpcf7-text referer-page\" aria-invalid=\"false\"><\/span><\/p>\n<!-- Chimpmail extension by Renzo Johnson --><\/form><\/div>\n\n\n[\/text_box]\n\n[\/ux_banner]\n[ux_products orderby=\u00bbsales\u00bb show=\u00bbonsale\u00bb]\n\n[blog_posts style=\u00bbnormal\u00bb width=\u00bbfull-width\u00bb columns=\u00bb3&#8243; columns__md=\u00bb1&#8243; image_height=\u00bb56.25%\u00bb]\n\n[ux_countdown bg_color=\u00bbrgb(13, 65, 123)\u00bb year=\u00bb2020&#8243;]\n\n[title style=\u00bbcenter\u00bb text=\u00bbdescuentos\u00bb icon=\u00bbicon-clock\u00bb size=\u00bb157&#8243;]\n\n[ux_portfolio]\n\n[gap]\n\n\n","protected":false},"excerpt":{"rendered":"","protected":false},"author":1,"featured_media":66,"parent":387,"menu_order":19,"comment_status":"closed","ping_status":"closed","template":"page-blank.php","meta":{"_coblocks_attr":"","_coblocks_dimensions":"","_coblocks_responsive_height":"","_coblocks_accordion_ie_support":""},"yoast_head":"<!-- This site is optimized with the Yoast SEO plugin v15.5 - https:\/\/yoast.com\/wordpress\/plugins\/seo\/ -->\n<title>Portfolio - SEIC<\/title>\n<meta name=\"robots\" content=\"index, follow, max-snippet:-1, max-image-preview:large, max-video-preview:-1\" \/>\n<link rel=\"canonical\" href=\"https:\/\/seic.com.co\/cda\/\" \/>\n<meta property=\"og:locale\" content=\"es_ES\" \/>\n<meta property=\"og:type\" content=\"article\" \/>\n<meta property=\"og:title\" content=\"Portfolio - SEIC\" \/>\n<meta property=\"og:url\" content=\"https:\/\/seic.com.co\/cda\/\" \/>\n<meta property=\"og:site_name\" content=\"SEIC\" \/>\n<meta property=\"article:modified_time\" content=\"2021-01-16T16:51:01+00:00\" \/>\n<meta property=\"og:image\" content=\"https:\/\/seic.com.co\/cda\/wp-content\/uploads\/2016\/08\/dummy-1.jpg\" \/>\n\t<meta property=\"og:image:width\" content=\"400\" \/>\n\t<meta property=\"og:image:height\" content=\"260\" \/>\n<meta name=\"twitter:card\" content=\"summary_large_image\" \/>\n<meta name=\"twitter:label1\" content=\"Tiempo de lectura\">\n\t<meta name=\"twitter:data1\" content=\"4 minutos\">\n<script type=\"application\/ld+json\" class=\"yoast-schema-graph\">{\"@context\":\"https:\/\/schema.org\",\"@graph\":[{\"@type\":\"Organization\",\"@id\":\"https:\/\/seic.com.co\/cda\/#organization\",\"name\":\"SEIC\",\"url\":\"https:\/\/seic.com.co\/cda\/\",\"sameAs\":[],\"logo\":{\"@type\":\"ImageObject\",\"@id\":\"https:\/\/seic.com.co\/cda\/#logo\",\"inLanguage\":\"es\",\"url\":\"https:\/\/seic.com.co\/cda\/wp-content\/uploads\/2020\/12\/seic.jpg\",\"width\":206,\"height\":221,\"caption\":\"SEIC\"},\"image\":{\"@id\":\"https:\/\/seic.com.co\/cda\/#logo\"}},{\"@type\":\"WebSite\",\"@id\":\"https:\/\/seic.com.co\/cda\/#website\",\"url\":\"https:\/\/seic.com.co\/cda\/\",\"name\":\"SEIC CDA\\u00b4s\",\"description\":\"Todo para CDA&acute;s\",\"publisher\":{\"@id\":\"https:\/\/seic.com.co\/cda\/#organization\"},\"potentialAction\":[{\"@type\":\"SearchAction\",\"target\":\"https:\/\/seic.com.co\/cda\/?s={search_term_string}\",\"query-input\":\"required name=search_term_string\"}],\"inLanguage\":\"es\"},{\"@type\":\"ImageObject\",\"@id\":\"https:\/\/seic.com.co\/cda\/#primaryimage\",\"inLanguage\":\"es\",\"url\":\"https:\/\/seic.com.co\/cda\/wp-content\/uploads\/2016\/08\/dummy-1.jpg\",\"width\":400,\"height\":260},{\"@type\":\"WebPage\",\"@id\":\"https:\/\/seic.com.co\/cda\/#webpage\",\"url\":\"https:\/\/seic.com.co\/cda\/\",\"name\":\"Portfolio - SEIC\",\"isPartOf\":{\"@id\":\"https:\/\/seic.com.co\/cda\/#website\"},\"primaryImageOfPage\":{\"@id\":\"https:\/\/seic.com.co\/cda\/#primaryimage\"},\"datePublished\":\"2016-03-31T14:08:59+00:00\",\"dateModified\":\"2021-01-16T16:51:01+00:00\",\"inLanguage\":\"es\",\"potentialAction\":[{\"@type\":\"ReadAction\",\"target\":[\"https:\/\/seic.com.co\/cda\/\"]}]}]}<\/script>\n<!-- \/ Yoast SEO plugin. -->","_links":{"self":[{"href":"https:\/\/seic.com.co\/cda\/wp-json\/wp\/v2\/pages\/386"}],"collection":[{"href":"https:\/\/seic.com.co\/cda\/wp-json\/wp\/v2\/pages"}],"about":[{"href":"https:\/\/seic.com.co\/cda\/wp-json\/wp\/v2\/types\/page"}],"author":[{"embeddable":true,"href":"https:\/\/seic.com.co\/cda\/wp-json\/wp\/v2\/users\/1"}],"replies":[{"embeddable":true,"href":"https:\/\/seic.com.co\/cda\/wp-json\/wp\/v2\/comments?post=386"}],"version-history":[{"count":31,"href":"https:\/\/seic.com.co\/cda\/wp-json\/wp\/v2\/pages\/386\/revisions"}],"predecessor-version":[{"id":730,"href":"https:\/\/seic.com.co\/cda\/wp-json\/wp\/v2\/pages\/386\/revisions\/730"}],"up":[{"embeddable":true,"href":"https:\/\/seic.com.co\/cda\/wp-json\/wp\/v2\/pages\/387"}],"wp:featuredmedia":[{"embeddable":true,"href":"https:\/\/seic.com.co\/cda\/wp-json\/wp\/v2\/media\/66"}],"wp:attachment":[{"href":"https:\/\/seic.com.co\/cda\/wp-json\/wp\/v2\/media?parent=386"}],"curies":[{"name":"wp","href":"https:\/\/api.w.org\/{rel}","templated":true}]}}