{"id":637,"date":"2020-12-30T21:35:37","date_gmt":"2020-12-30T21:35:37","guid":{"rendered":"https:\/\/seic.com.co\/cda\/?post_type=product&#038;p=637"},"modified":"2026-02-14T21:39:20","modified_gmt":"2026-02-15T02:39:20","slug":"regloscopio-electronico-con-camara-cap2600ex-w","status":"publish","type":"product","link":"https:\/\/seic.com.co\/cda\/product\/regloscopio-electronico-con-camara-cap2600ex-w\/","title":{"rendered":"Regloscopio electr\u00f3nico con c\u00e1mara CAP2600EX-W"},"content":{"rendered":"<div class=\"padding-top-20\">\n<p>El regloscopio electr\u00f3nico con c\u00e1mara CAP2600 es conectado y ergon\u00f3mico. Mide y comprueba los faros LED, hal\u00f3genos, xen\u00f3n y AFS (Advanced Frontlighting System). Controla\u00a0las luces largas y antiniebla, y ajusta\u00a0las luces de cruce.<\/p>\n<\/div>\n<ul class=\"list margin-top-30\">\n<li>Asistencia para la colocaci\u00f3n<\/li>\n<li>Compatible: hal\u00f3geno, xen\u00f3n, descarga, LED, AFS (Advanced Frontlighting System)<\/li>\n<li>Ayuda de alineaci\u00f3n con l\u00e1ser<\/li>\n<li>Puertos de comunicaciones : USB, RJ45, RS232<\/li>\n<li>Columna aluminio 1.80m<\/li>\n<li>Software de procesamiento de im\u00e1genes<\/li>\n<li>Bases de ruedas o de rieles<\/li>\n<\/ul>\n","protected":false},"excerpt":{"rendered":"<p><strong>Tiempo de entrega 4 semanas<\/strong><\/p>\n","protected":false},"featured_media":638,"comment_status":"open","ping_status":"closed","template":"","meta":{"_coblocks_attr":"","_coblocks_dimensions":"","_coblocks_responsive_height":"","_coblocks_accordion_ie_support":""},"yoast_head":"<!-- This site is optimized with the Yoast SEO plugin v15.5 - https:\/\/yoast.com\/wordpress\/plugins\/seo\/ -->\n<title>Regloscopio electr\u00f3nico con c\u00e1mara CAP2600EX-W - SEIC<\/title>\n<meta name=\"robots\" content=\"index, follow, max-snippet:-1, max-image-preview:large, max-video-preview:-1\" \/>\n<link rel=\"canonical\" href=\"https:\/\/seic.com.co\/cda\/product\/regloscopio-electronico-con-camara-cap2600ex-w\/\" \/>\n<meta property=\"og:locale\" content=\"es_ES\" \/>\n<meta property=\"og:type\" content=\"article\" \/>\n<meta property=\"og:title\" content=\"Regloscopio electr\u00f3nico con c\u00e1mara CAP2600EX-W - SEIC\" \/>\n<meta property=\"og:description\" content=\"Tiempo de entrega 4 semanas\" \/>\n<meta property=\"og:url\" content=\"https:\/\/seic.com.co\/cda\/product\/regloscopio-electronico-con-camara-cap2600ex-w\/\" \/>\n<meta property=\"og:site_name\" content=\"SEIC\" \/>\n<meta property=\"article:modified_time\" content=\"2026-02-15T02:39:20+00:00\" \/>\n<meta property=\"og:image\" content=\"https:\/\/seic.com.co\/cda\/wp-content\/uploads\/2020\/12\/CAPELEC_-CAP2600EX-W_SEIC_1.jpg\" \/>\n\t<meta property=\"og:image:width\" content=\"932\" \/>\n\t<meta property=\"og:image:height\" content=\"766\" \/>\n<meta name=\"twitter:card\" content=\"summary_large_image\" \/>\n<meta name=\"twitter:label1\" content=\"Tiempo de lectura\">\n\t<meta name=\"twitter:data1\" content=\"0 minutos\">\n<script type=\"application\/ld+json\" class=\"yoast-schema-graph\">{\"@context\":\"https:\/\/schema.org\",\"@graph\":[{\"@type\":\"Organization\",\"@id\":\"https:\/\/seic.com.co\/cda\/#organization\",\"name\":\"SEIC\",\"url\":\"https:\/\/seic.com.co\/cda\/\",\"sameAs\":[],\"logo\":{\"@type\":\"ImageObject\",\"@id\":\"https:\/\/seic.com.co\/cda\/#logo\",\"inLanguage\":\"es\",\"url\":\"https:\/\/seic.com.co\/cda\/wp-content\/uploads\/2020\/12\/seic.jpg\",\"width\":206,\"height\":221,\"caption\":\"SEIC\"},\"image\":{\"@id\":\"https:\/\/seic.com.co\/cda\/#logo\"}},{\"@type\":\"WebSite\",\"@id\":\"https:\/\/seic.com.co\/cda\/#website\",\"url\":\"https:\/\/seic.com.co\/cda\/\",\"name\":\"SEIC CDA\\u00b4s\",\"description\":\"Todo para CDA&acute;s\",\"publisher\":{\"@id\":\"https:\/\/seic.com.co\/cda\/#organization\"},\"potentialAction\":[{\"@type\":\"SearchAction\",\"target\":\"https:\/\/seic.com.co\/cda\/?s={search_term_string}\",\"query-input\":\"required name=search_term_string\"}],\"inLanguage\":\"es\"},{\"@type\":\"ImageObject\",\"@id\":\"https:\/\/seic.com.co\/cda\/product\/regloscopio-electronico-con-camara-cap2600ex-w\/#primaryimage\",\"inLanguage\":\"es\",\"url\":\"https:\/\/seic.com.co\/cda\/wp-content\/uploads\/2020\/12\/CAPELEC_-CAP2600EX-W_SEIC_1.jpg\",\"width\":932,\"height\":766},{\"@type\":\"WebPage\",\"@id\":\"https:\/\/seic.com.co\/cda\/product\/regloscopio-electronico-con-camara-cap2600ex-w\/#webpage\",\"url\":\"https:\/\/seic.com.co\/cda\/product\/regloscopio-electronico-con-camara-cap2600ex-w\/\",\"name\":\"Regloscopio electr\\u00f3nico con c\\u00e1mara CAP2600EX-W - SEIC\",\"isPartOf\":{\"@id\":\"https:\/\/seic.com.co\/cda\/#website\"},\"primaryImageOfPage\":{\"@id\":\"https:\/\/seic.com.co\/cda\/product\/regloscopio-electronico-con-camara-cap2600ex-w\/#primaryimage\"},\"datePublished\":\"2020-12-30T21:35:37+00:00\",\"dateModified\":\"2026-02-15T02:39:20+00:00\",\"inLanguage\":\"es\",\"potentialAction\":[{\"@type\":\"ReadAction\",\"target\":[\"https:\/\/seic.com.co\/cda\/product\/regloscopio-electronico-con-camara-cap2600ex-w\/\"]}]}]}<\/script>\n<!-- \/ Yoast SEO plugin. -->","_links":{"self":[{"href":"https:\/\/seic.com.co\/cda\/wp-json\/wp\/v2\/product\/637"}],"collection":[{"href":"https:\/\/seic.com.co\/cda\/wp-json\/wp\/v2\/product"}],"about":[{"href":"https:\/\/seic.com.co\/cda\/wp-json\/wp\/v2\/types\/product"}],"replies":[{"embeddable":true,"href":"https:\/\/seic.com.co\/cda\/wp-json\/wp\/v2\/comments?post=637"}],"wp:featuredmedia":[{"embeddable":true,"href":"https:\/\/seic.com.co\/cda\/wp-json\/wp\/v2\/media\/638"}],"wp:attachment":[{"href":"https:\/\/seic.com.co\/cda\/wp-json\/wp\/v2\/media?parent=637"}],"curies":[{"name":"wp","href":"https:\/\/api.w.org\/{rel}","templated":true}]}}