{"id":2239,"date":"2023-08-04T04:18:18","date_gmt":"2023-08-04T04:18:18","guid":{"rendered":"https:\/\/seic.com.co\/?post_type=product&#038;p=2239"},"modified":"2023-09-21T19:07:02","modified_gmt":"2023-09-21T19:07:02","slug":"estacion-meteorologica-davis-6152c-cabled-vantage-pro2-2","status":"publish","type":"product","link":"https:\/\/seic.com.co\/index.php\/product\/estacion-meteorologica-davis-6152c-cabled-vantage-pro2-2\/","title":{"rendered":"Estaci\u00f3n Meteorol\u00f3gica Davis 6152C Cabled Vantage Pro2"},"content":{"rendered":"<p>El Davis Instruments 6152C Cabled Vantage Pro2 con protector de radiaci\u00f3n est\u00e1ndar incluye un cable de 100&#8242;, para conectarse entre Integrated Sensor Suite y la consola de visualizaci\u00f3n. Esta estaci\u00f3n meteorol\u00f3gica mejorada tiene todas las caracter\u00edsticas que hicieron tan famoso al Vantage Pro original, pero agrega muchas m\u00e1s caracter\u00edsticas como la realineaci\u00f3n de botones para facilitar la navegaci\u00f3n a las funciones de uso frecuente; un colector de lluvia redise\u00f1ado que est\u00e1 calibrado con l\u00e1ser para garantizar la mejor precisi\u00f3n posible; y una suite de sensores integrados remodelada con electr\u00f3nica mejorada. El Cabled Vantage Pro2 tambi\u00e9n tiene una quinta placa de protecci\u00f3n contra la radiaci\u00f3n para mejorar la precisi\u00f3n y las lecturas.<\/p>\n<p>El Davis 6152C Cabled Vantage Pro2 consta de una unidad de consola y un innovador conjunto de sensores integrados que incluye un colector de lluvia con cubeta de vaciado autom\u00e1tico, sensores de temperatura y humedad y un anem\u00f3metro. El conjunto de sensores est\u00e1 alojado dentro de un escudo de radiaci\u00f3n, protegiendo los sensores contra la radiaci\u00f3n solar y fuentes adicionales de calor reflejado y \/ o irradiado.<\/p>\n<p>Caracter\u00edsticas.<\/p>\n<p>&#8211; Proporciona datos meteorol\u00f3gicos precisos en un formato sofisticado pero f\u00e1cil de leer.<\/p>\n<p>&#8211; La elegante consola retroiluminada proporciona informaci\u00f3n meteorol\u00f3gica actualizada de forma continua en una pantalla LCD de 3,5 por 6 pulgadas.<\/p>\n<p>&#8211; Incluye manual de instrucciones detallado y soporte t\u00e9cnico disponible.<\/p>\n<p>&#8211; La informaci\u00f3n meteorol\u00f3gica incluye temperatura y humedad interior \/ exterior, cantidad de lluvia, velocidad del viento, direcci\u00f3n del viento y factor de sensaci\u00f3n t\u00e9rmica y presi\u00f3n barom\u00e9trica.<\/p>\n<p>&#8211; La informaci\u00f3n meteorol\u00f3gica adicional incluye tendencia de presi\u00f3n barom\u00e9trica, \u00edndice de calor, punto de roc\u00edo, hora de salida y puesta del sol, fase lunar, iconos de pron\u00f3stico y mucho m\u00e1s.<\/p>\n<p>&#8211; El colector de lluvia es un balde basculante ba\u00f1ado en aluminio de vaciado autom\u00e1tico que lee la lluvia en incrementos de 0.01 pulgadas.<\/p>\n<p>&#8211; El escudo de radiaci\u00f3n est\u00e1ndar protege los sensores del calor nocivo reflejado o irradiado.<\/p>\n<p>&#8211; Capacidad m\u00e1xima de velocidad del viento del anem\u00f3metro clasificada en m\u00e1s de 170 mph.<\/p>\n<p>&#8211; El registrador de datos y el paquete de software est\u00e1n disponibles, se venden por separado.<\/p>\n<p>&#8211; Garant\u00eda del fabricante de un a\u00f1o.<\/p>\n<p>TODOS NUESTROS PRODUCTOS SON NUEVOS Y 100% ORIGINALES.<\/p>\n<p>Por favor cont\u00e1ctenos por mensajer\u00eda si no est\u00e1 seguro o tiene alguna duda.<\/p>\n<p>Por favor revise bien las caracter\u00edsticas y las condiciones de este producto, antes de comprar. Recuerde que no se aceptan devoluciones de dinero ni de productos, solo opera el cambio de producto por garant\u00eda.&#8221;<\/p>\n","protected":false},"excerpt":{"rendered":"<p>Estaci\u00f3n meteorol\u00f3gica Davis 6152C Cabled Vantage Pro2<\/p>\n<p>Producto Importado; Tiempo de Entrega de 10 a 15 d\u00edas H\u00e1biles.<\/p>\n","protected":false},"featured_media":2531,"comment_status":"open","ping_status":"closed","template":"","meta":[],"pwb-brand":[664],"etheme_brands":[{"term_id":152,"name":"DAVIS INSTRUMENTS","slug":"davis-instruments","term_group":0,"term_taxonomy_id":152,"taxonomy":"brand","description":"","parent":0,"count":12,"filter":"raw"}],"product_brand":[],"product_cat":[149],"product_tag":[49,50,51],"class_list":{"0":"post-2239","1":"product","2":"type-product","3":"status-publish","4":"has-post-thumbnail","6":"pwb-brand-davis-instruments","7":"brand-davis-instruments","8":"product_cat-estaciones-meteorologicas","9":"product_tag-6152c","10":"product_tag-davis","11":"product_tag-estacion","13":"first","14":"instock","15":"taxable","16":"shipping-taxable","17":"purchasable","18":"product-type-simple"},"brands":[{"id":664,"name":"DAVIS INSTRUMENTS","slug":"davis-instruments"}],"_links":{"self":[{"href":"https:\/\/seic.com.co\/index.php\/wp-json\/wp\/v2\/product\/2239","targetHints":{"allow":["GET"]}}],"collection":[{"href":"https:\/\/seic.com.co\/index.php\/wp-json\/wp\/v2\/product"}],"about":[{"href":"https:\/\/seic.com.co\/index.php\/wp-json\/wp\/v2\/types\/product"}],"replies":[{"embeddable":true,"href":"https:\/\/seic.com.co\/index.php\/wp-json\/wp\/v2\/comments?post=2239"}],"version-history":[{"count":6,"href":"https:\/\/seic.com.co\/index.php\/wp-json\/wp\/v2\/product\/2239\/revisions"}],"predecessor-version":[{"id":2611,"href":"https:\/\/seic.com.co\/index.php\/wp-json\/wp\/v2\/product\/2239\/revisions\/2611"}],"wp:featuredmedia":[{"embeddable":true,"href":"https:\/\/seic.com.co\/index.php\/wp-json\/wp\/v2\/media\/2531"}],"wp:attachment":[{"href":"https:\/\/seic.com.co\/index.php\/wp-json\/wp\/v2\/media?parent=2239"}],"wp:term":[{"taxonomy":"pwb-brand","embeddable":true,"href":"https:\/\/seic.com.co\/index.php\/wp-json\/wp\/v2\/pwb-brand?post=2239"},{"taxonomy":"brand","embeddable":true,"href":"https:\/\/seic.com.co\/index.php\/wp-json\/wp\/v2\/etheme_brands?post=2239"},{"taxonomy":"product_brand","embeddable":true,"href":"https:\/\/seic.com.co\/index.php\/wp-json\/wp\/v2\/product_brand?post=2239"},{"taxonomy":"product_cat","embeddable":true,"href":"https:\/\/seic.com.co\/index.php\/wp-json\/wp\/v2\/product_cat?post=2239"},{"taxonomy":"product_tag","embeddable":true,"href":"https:\/\/seic.com.co\/index.php\/wp-json\/wp\/v2\/product_tag?post=2239"}],"curies":[{"name":"wp","href":"https:\/\/api.w.org\/{rel}","templated":true}]}}