{"id":2241,"date":"2023-08-04T04:18:18","date_gmt":"2023-08-04T04:18:18","guid":{"rendered":"https:\/\/seic.com.co\/?post_type=product&#038;p=2241"},"modified":"2025-05-29T21:25:19","modified_gmt":"2025-05-29T21:25:19","slug":"reparacion-sonda-de-temperatura","status":"publish","type":"product","link":"https:\/\/seic.com.co\/index.php\/product\/reparacion-sonda-de-temperatura\/","title":{"rendered":"Reparaci\u00f3n Sonda de Temperatura"},"content":{"rendered":"<p>SEIC, es una empresa que ha desarrollado una l\u00ednea espec\u00edfica de productos e instrumentaci\u00f3n para CDA\u00b4S; Cont\u00e1ctenos y comience a hacer realidad un Ahorro inmediato.<\/p>\n<p>Nuestros Productos son Garantizados.<\/p>\n<p>Su Ahorro est\u00e1 Garantizado, con los servicios de Reparaci\u00f3n y Suministro.<\/p>\n<p>Nuestros precios son los m\u00e1s c\u00f3modos del mercado.<\/p>\n<p>Realizamos Verificaciones Metrol\u00f3gicas con Trazabilidad ONAC 17025, en las magnitudes de Presi\u00f3n y Temperatura.<\/p>\n","protected":false},"excerpt":{"rendered":"<p>SEIC, es una empresa que ha desarrollado una l\u00ednea espec\u00edfica de productos e instrumentaci\u00f3n para CDA\u00b4S; Cont\u00e1ctenos y comience a hacer realidad un Ahorro inmediato.<\/p>\n<p>Nuestros Productos son Garantizados.<\/p>\n<p>Su Ahorro est\u00e1 Garantizado, con los servicios de Reparaci\u00f3n y Suministro.<\/p>\n<p>Nuestros precios son los m\u00e1s c\u00f3modos del mercado.<\/p>\n<p>Realizamos Verificaciones Metrol\u00f3gicas con Trazabilidad ONAC 17025, en las magnitudes de Presi\u00f3n y Temperatura.<\/p>\n","protected":false},"featured_media":2520,"comment_status":"open","ping_status":"closed","template":"","meta":[],"pwb-brand":[669],"etheme_brands":[{"term_id":154,"name":"SEIC","slug":"seic","term_group":0,"term_taxonomy_id":154,"taxonomy":"brand","description":"","parent":0,"count":3,"filter":"raw"}],"product_brand":[],"product_cat":[153],"product_tag":[68,79,80,81,82,70],"class_list":{"0":"post-2241","1":"product","2":"type-product","3":"status-publish","4":"has-post-thumbnail","6":"pwb-brand-seic","7":"brand-seic","8":"product_cat-cda","9":"product_tag-brain-bee","10":"product_tag-capelec","11":"product_tag-motorscan","12":"product_tag-opusd40","13":"product_tag-sonda","14":"product_tag-sonda-de-temperatura","16":"first","17":"instock","18":"taxable","19":"shipping-taxable","20":"purchasable","21":"product-type-simple"},"brands":[{"id":669,"name":"SEIC","slug":"seic"}],"_links":{"self":[{"href":"https:\/\/seic.com.co\/index.php\/wp-json\/wp\/v2\/product\/2241","targetHints":{"allow":["GET"]}}],"collection":[{"href":"https:\/\/seic.com.co\/index.php\/wp-json\/wp\/v2\/product"}],"about":[{"href":"https:\/\/seic.com.co\/index.php\/wp-json\/wp\/v2\/types\/product"}],"replies":[{"embeddable":true,"href":"https:\/\/seic.com.co\/index.php\/wp-json\/wp\/v2\/comments?post=2241"}],"version-history":[{"count":4,"href":"https:\/\/seic.com.co\/index.php\/wp-json\/wp\/v2\/product\/2241\/revisions"}],"predecessor-version":[{"id":2624,"href":"https:\/\/seic.com.co\/index.php\/wp-json\/wp\/v2\/product\/2241\/revisions\/2624"}],"wp:featuredmedia":[{"embeddable":true,"href":"https:\/\/seic.com.co\/index.php\/wp-json\/wp\/v2\/media\/2520"}],"wp:attachment":[{"href":"https:\/\/seic.com.co\/index.php\/wp-json\/wp\/v2\/media?parent=2241"}],"wp:term":[{"taxonomy":"pwb-brand","embeddable":true,"href":"https:\/\/seic.com.co\/index.php\/wp-json\/wp\/v2\/pwb-brand?post=2241"},{"taxonomy":"brand","embeddable":true,"href":"https:\/\/seic.com.co\/index.php\/wp-json\/wp\/v2\/etheme_brands?post=2241"},{"taxonomy":"product_brand","embeddable":true,"href":"https:\/\/seic.com.co\/index.php\/wp-json\/wp\/v2\/product_brand?post=2241"},{"taxonomy":"product_cat","embeddable":true,"href":"https:\/\/seic.com.co\/index.php\/wp-json\/wp\/v2\/product_cat?post=2241"},{"taxonomy":"product_tag","embeddable":true,"href":"https:\/\/seic.com.co\/index.php\/wp-json\/wp\/v2\/product_tag?post=2241"}],"curies":[{"name":"wp","href":"https:\/\/api.w.org\/{rel}","templated":true}]}}