{"id":2243,"date":"2023-08-04T04:18:19","date_gmt":"2023-08-04T04:18:19","guid":{"rendered":"https:\/\/seic.com.co\/?post_type=product&#038;p=2243"},"modified":"2026-04-06T07:55:26","modified_gmt":"2026-04-06T07:55:26","slug":"estacion-meteorologica-davis-6252-wireless-vantage-pro2","status":"publish","type":"product","link":"https:\/\/seic.com.co\/index.php\/product\/estacion-meteorologica-davis-6252-wireless-vantage-pro2\/","title":{"rendered":"Estaci\u00f3n meteorol\u00f3gica Davis 6252 Wireless Vantage Pro2"},"content":{"rendered":"<p>Estaci\u00f3n meteorol\u00f3gica Davis 6252 Wireless Vantage Pro2<\/p>\n<p>Tiempo de Entrega de 10 a 15 d\u00edas H\u00e1biles.<\/p>\n<p>El Davis Instruments 6252 Vantage Pro2 con escudo de radiaci\u00f3n est\u00e1ndar transmite y recibe datos desde una distancia de hasta 1,000ft\/300m (l\u00ednea de visi\u00f3n). Es una estaci\u00f3n meteorol\u00f3gica de grado de investigaci\u00f3n que proporciona datos de calidad profesional para entusiastas del tiempo, investigadores, cultivadores y profesionales del tiempo. Informa en tiempo real de velocidades del viento de hasta 200 mph, temperatura y humedad, presi\u00f3n barom\u00e9trica, precipitaciones y otra informaci\u00f3n como \u00edndice de calor, punto de roc\u00edo, m\u00e1ximas y m\u00ednimas, y mucho m\u00e1s. Los usuarios tienen la opci\u00f3n de incluir sensores de radiaci\u00f3n solar y UV, as\u00ed como un escudo antirradiaci\u00f3n aspirado por ventilador. Los sensores Vantage Pro2 son trazables al NIST y son adecuados para la elaboraci\u00f3n de informes profesionales de datos meteorol\u00f3gicos.<\/p>\n<p>El modelo 6252 Wireless Vantage Pro2 consta de una unidad de consola y un innovador conjunto de sensores integrados que incluye un colector de lluvia con cubeta de vaciado autom\u00e1tico, sensores de temperatura y humedad y un anem\u00f3metro. El conjunto de sensores est\u00e1 alojado dentro de un escudo de radiaci\u00f3n, protegiendo los sensores contra la radiaci\u00f3n solar y fuentes adicionales de calor reflejado y \/ o irradiado.<\/p>\n<p>Caracter\u00edsticas.<\/p>\n<p>&#8211; Control meteorol\u00f3gico preciso y fiable con actualizaciones de datos en tiempo real cada 2,5 segundos.<\/p>\n<p>&#8211; Incluye la consola WeatherLink (6313) con una vibrante pantalla t\u00e1ctil HD a color<\/p>\n<p>&#8211; La transmisi\u00f3n inal\u00e1mbrica significa que no hay cables antiest\u00e9ticos que conduzcan a la casa u oficina.<\/p>\n<p>&#8211; El conjunto de sensores funciona con energ\u00eda solar y bater\u00eda de reserva; la consola funciona con corriente alterna y bater\u00eda de reserva.<\/p>\n<p>&#8211; Incluye manual de instrucciones detallado y soporte t\u00e9cnico disponible.<\/p>\n<p>&#8211; La informaci\u00f3n meteorol\u00f3gica incluye temperatura y humedad interior \/ exterior, cantidad de lluvia, velocidad del viento, direcci\u00f3n del viento y factor de sensaci\u00f3n t\u00e9rmica y presi\u00f3n barom\u00e9trica.<\/p>\n<p>&#8211; La informaci\u00f3n meteorol\u00f3gica adicional incluye tendencia de presi\u00f3n barom\u00e9trica, \u00edndice de calor, punto de roc\u00edo, hora de salida y puesta del sol, fase lunar, iconos de pron\u00f3stico y mucho m\u00e1s.<\/p>\n<p>&#8211; El recolector de lluvia es una cuchara basculante de vaciado autom\u00e1tico que lee la lluvia en incrementos de 0.01 pulgadas.<\/p>\n<p>&#8211; El conjunto de sensores incluye sensores de temperatura y humedad exterior en un escudo contra la radiaci\u00f3n pasiva; velocidad y direcci\u00f3n del viento; y precipitaciones<\/p>\n<p>&#8211; Garant\u00eda del fabricante de un a\u00f1o.<\/p>\n<p>TODOS NUESTROS PRODUCTOS SON NUEVOS Y 100% ORIGINALES.<\/p>\n<p>Por favor cont\u00e1ctenos por mensajer\u00eda si no est\u00e1 seguro o tiene alguna duda.<\/p>\n<p>Por favor revise bien las caracter\u00edsticas y las condiciones de este producto, antes de comprar. Recuerde que no se aceptan devoluciones de dinero ni de productos, solo opera el cambio de producto por garant\u00eda.<\/p>\n","protected":false},"excerpt":{"rendered":"<p>El Davis Instruments 6252 Vantage Pro2 con escudo de radiaci\u00f3n est\u00e1ndar transmite y recibe datos desde una distancia de hasta 1,000 pies (l\u00ednea de visi\u00f3n). Proporciona la tecnolog\u00eda y los datos en tiempo real que necesita para responder a las condiciones cambiantes y tomar decisiones oportunas. Dise\u00f1ada para soportar entornos dif\u00edciles y proporcionar datos con precisi\u00f3n cient\u00edfica a\u00f1o tras a\u00f1o, la econ\u00f3mica Vantage Pro2 ofrece al observador meteorol\u00f3gico profesional, o al entusiasta serio de la meteorolog\u00eda, un rendimiento robusto con una amplia gama de opciones y sensores.<\/p>\n","protected":false},"featured_media":4617,"comment_status":"open","ping_status":"closed","template":"","meta":[],"pwb-brand":[664],"etheme_brands":[{"term_id":152,"name":"DAVIS INSTRUMENTS","slug":"davis-instruments","term_group":0,"term_taxonomy_id":152,"taxonomy":"brand","description":"","parent":0,"count":12,"filter":"raw"}],"product_brand":[],"product_cat":[149],"product_tag":[57,58,59],"class_list":{"0":"post-2243","1":"product","2":"type-product","3":"status-publish","4":"has-post-thumbnail","6":"pwb-brand-davis-instruments","7":"brand-davis-instruments","8":"product_cat-estaciones-meteorologicas","9":"product_tag-estacin-meteorolgica-domstica","10":"product_tag-instrumento-meteorologico","11":"product_tag-river-island","13":"first","14":"instock","15":"taxable","16":"shipping-taxable","17":"purchasable","18":"product-type-simple"},"brands":[{"id":664,"name":"DAVIS INSTRUMENTS","slug":"davis-instruments"}],"_links":{"self":[{"href":"https:\/\/seic.com.co\/index.php\/wp-json\/wp\/v2\/product\/2243","targetHints":{"allow":["GET"]}}],"collection":[{"href":"https:\/\/seic.com.co\/index.php\/wp-json\/wp\/v2\/product"}],"about":[{"href":"https:\/\/seic.com.co\/index.php\/wp-json\/wp\/v2\/types\/product"}],"replies":[{"embeddable":true,"href":"https:\/\/seic.com.co\/index.php\/wp-json\/wp\/v2\/comments?post=2243"}],"version-history":[{"count":6,"href":"https:\/\/seic.com.co\/index.php\/wp-json\/wp\/v2\/product\/2243\/revisions"}],"predecessor-version":[{"id":4622,"href":"https:\/\/seic.com.co\/index.php\/wp-json\/wp\/v2\/product\/2243\/revisions\/4622"}],"wp:featuredmedia":[{"embeddable":true,"href":"https:\/\/seic.com.co\/index.php\/wp-json\/wp\/v2\/media\/4617"}],"wp:attachment":[{"href":"https:\/\/seic.com.co\/index.php\/wp-json\/wp\/v2\/media?parent=2243"}],"wp:term":[{"taxonomy":"pwb-brand","embeddable":true,"href":"https:\/\/seic.com.co\/index.php\/wp-json\/wp\/v2\/pwb-brand?post=2243"},{"taxonomy":"brand","embeddable":true,"href":"https:\/\/seic.com.co\/index.php\/wp-json\/wp\/v2\/etheme_brands?post=2243"},{"taxonomy":"product_brand","embeddable":true,"href":"https:\/\/seic.com.co\/index.php\/wp-json\/wp\/v2\/product_brand?post=2243"},{"taxonomy":"product_cat","embeddable":true,"href":"https:\/\/seic.com.co\/index.php\/wp-json\/wp\/v2\/product_cat?post=2243"},{"taxonomy":"product_tag","embeddable":true,"href":"https:\/\/seic.com.co\/index.php\/wp-json\/wp\/v2\/product_tag?post=2243"}],"curies":[{"name":"wp","href":"https:\/\/api.w.org\/{rel}","templated":true}]}}