{"id":2244,"date":"2023-08-04T04:18:19","date_gmt":"2023-08-04T04:18:19","guid":{"rendered":"https:\/\/seic.com.co\/?post_type=product&#038;p=2244"},"modified":"2023-09-21T19:06:20","modified_gmt":"2023-09-21T19:06:20","slug":"davis-6253-wireless-vantage-pro2-con-protector-de-radiacion-aspirado","status":"publish","type":"product","link":"https:\/\/seic.com.co\/index.php\/product\/davis-6253-wireless-vantage-pro2-con-protector-de-radiacion-aspirado\/","title":{"rendered":"Davis 6253 Wireless Vantage Pro2 con protector de radiaci\u00f3n aspirado"},"content":{"rendered":"<p>La Estaci\u00f3n Meteorol\u00f3gica Davis 6253 Wireless Vantage Pro2.<\/p>\n<p>Tiempo de Entrega de 10 a 15 d\u00edas H\u00e1biles.<\/p>\n<p>La Davis 6253 Wireless Vantage Pro2, tiene un escudo de radiaci\u00f3n aspirado por ventilador las 24 horas para mejorar la precisi\u00f3n y las lecturas a\u00fan m\u00e1s.<\/p>\n<p>El Modelo 6253 Wireless Vantage Pro2 consta de una unidad de consola y un innovador conjunto de sensores integrados que incluye un colector de lluvia con cubeta de vaciado autom\u00e1tico, sensores de temperatura y humedad y un anem\u00f3metro. El conjunto de sensores est\u00e1 alojado dentro del escudo de radiaci\u00f3n aspirada, protegiendo los sensores contra la radiaci\u00f3n solar y fuentes adicionales de calor reflejado y \/ o irradiado.<\/p>\n<p>Adem\u00e1s, esta estaci\u00f3n meteorol\u00f3gica inal\u00e1mbrica Davis 6153 Vantage Pro2 de alta tecnolog\u00eda rastrear\u00e1 m\u00e1ximos y m\u00ednimos (y \/ o totales y promedios) para casi todas las variables clim\u00e1ticas durante los \u00faltimos 24 d\u00edas, meses o a\u00f1os y rastrear\u00e1 su pron\u00f3stico local.<\/p>\n<p>Caracter\u00edsticas.<\/p>\n<p>&#8211; Proporciona Datos Meteorol\u00f3gicos precisos en un formato sofisticado pero f\u00e1cil de leer.<\/p>\n<p>-Montar el anem\u00f3metro a una distancia de hasta 12 m del resto del conjunto de sensores para una ubicaci\u00f3n flexible.<\/p>\n<p>&#8211; La transmisi\u00f3n inal\u00e1mbrica significa que no hay cables antiest\u00e9ticos que conduzcan a la casa u oficina.<\/p>\n<p>&#8211; Puede retransmitir informaci\u00f3n de una consola Vantage Pro2 a otra.<\/p>\n<p>&#8211; Incluye manual de instrucciones detallado y soporte t\u00e9cnico disponible.<\/p>\n<p>-Incluye la consola WeatherLink (6313) con la vibrante pantalla t\u00e1ctil HD a color.<\/p>\n<p>&#8211; La Informaci\u00f3n Meteorol\u00f3gica incluye temperatura y humedad interior \/ exterior, cantidad de lluvia, velocidad del viento, direcci\u00f3n del viento y factor de sensaci\u00f3n t\u00e9rmica y presi\u00f3n barom\u00e9trica.<\/p>\n<p>&#8211; El colector de lluvia es un balde basculante ba\u00f1ado en aluminio de vaciado autom\u00e1tico que lee la lluvia en incrementos de 0.01 pulgadas.<\/p>\n<p>&#8211; El conjunto de sensores tambi\u00e9n incluye la velocidad y direcci\u00f3n del viento, las precipitaciones y un anem\u00f3metro desmontable.<\/p>\n<p>&#8211; Alcance de transmisi\u00f3n l\u00edder en el sector de 300 m desde el conjunto de sensores hasta la consola<\/p>\n<p>&#8211; Opera en un espectro ensanchado por salto de frecuencia de 902 a 928 MHz.<\/p>\n<p>&#8211; Estaci\u00f3n meteorol\u00f3gica expandible compatible con hasta ocho sensores diferentes.<\/p>\n<p>&#8211; Consola alimentada por adaptador de CA con 3 bater\u00edas de respaldo \u201cC\u201d (no incluidas). Las bater\u00edas duran hasta un a\u00f1o con un uso normal.<\/p>\n<p>&#8211; Garant\u00eda del fabricante de un a\u00f1o.<\/p>\n<p>TODOS NUESTROS PRODUCTOS SON NUEVOS Y 100% ORIGINALES.<\/p>\n<p>Por favor cont\u00e1ctenos por mensajer\u00eda si no est\u00e1 seguro o tiene alguna duda.<\/p>\n<p>Por favor revise bien las caracter\u00edsticas y las condiciones de este producto, antes de comprar. Recuerde que no se aceptan devoluciones de dinero ni de productos, solo opera el cambio de producto por garant\u00eda.<\/p>\n","protected":false},"excerpt":{"rendered":"<p>La Davis 6253 Wireless Vantage Pro2, tiene un escudo de radiaci\u00f3n aspirado por ventilador las 24 horas para mejorar la precisi\u00f3n y las lecturas a\u00fan m\u00e1s. Proporciona la tecnolog\u00eda y los datos en tiempo real que necesita para responder a las condiciones cambiantes y tomar decisiones oportunas. Dise\u00f1ada para soportar entornos dif\u00edciles y proporcionar datos con precisi\u00f3n cient\u00edfica a\u00f1o tras a\u00f1o, la econ\u00f3mica Vantage Pro2 ofrece al observador meteorol\u00f3gico profesional, o al entusiasta serio de la meteorolog\u00eda, un rendimiento robusto con una amplia gama de opciones y sensores.<\/p>\n","protected":false},"featured_media":4624,"comment_status":"open","ping_status":"closed","template":"","meta":[],"pwb-brand":[664],"etheme_brands":[{"term_id":152,"name":"DAVIS INSTRUMENTS","slug":"davis-instruments","term_group":0,"term_taxonomy_id":152,"taxonomy":"brand","description":"","parent":0,"count":12,"filter":"raw"}],"product_brand":[],"product_cat":[149],"product_tag":[57,58,60],"class_list":{"0":"post-2244","1":"product","2":"type-product","3":"status-publish","4":"has-post-thumbnail","6":"pwb-brand-davis-instruments","7":"brand-davis-instruments","8":"product_cat-estaciones-meteorologicas","9":"product_tag-estacin-meteorolgica-domstica","10":"product_tag-instrumento-meteorologico","11":"product_tag-jack-and-jones","13":"first","14":"instock","15":"taxable","16":"shipping-taxable","17":"purchasable","18":"product-type-simple"},"brands":[{"id":664,"name":"DAVIS INSTRUMENTS","slug":"davis-instruments"}],"_links":{"self":[{"href":"https:\/\/seic.com.co\/index.php\/wp-json\/wp\/v2\/product\/2244","targetHints":{"allow":["GET"]}}],"collection":[{"href":"https:\/\/seic.com.co\/index.php\/wp-json\/wp\/v2\/product"}],"about":[{"href":"https:\/\/seic.com.co\/index.php\/wp-json\/wp\/v2\/types\/product"}],"replies":[{"embeddable":true,"href":"https:\/\/seic.com.co\/index.php\/wp-json\/wp\/v2\/comments?post=2244"}],"version-history":[{"count":5,"href":"https:\/\/seic.com.co\/index.php\/wp-json\/wp\/v2\/product\/2244\/revisions"}],"predecessor-version":[{"id":4623,"href":"https:\/\/seic.com.co\/index.php\/wp-json\/wp\/v2\/product\/2244\/revisions\/4623"}],"wp:featuredmedia":[{"embeddable":true,"href":"https:\/\/seic.com.co\/index.php\/wp-json\/wp\/v2\/media\/4624"}],"wp:attachment":[{"href":"https:\/\/seic.com.co\/index.php\/wp-json\/wp\/v2\/media?parent=2244"}],"wp:term":[{"taxonomy":"pwb-brand","embeddable":true,"href":"https:\/\/seic.com.co\/index.php\/wp-json\/wp\/v2\/pwb-brand?post=2244"},{"taxonomy":"brand","embeddable":true,"href":"https:\/\/seic.com.co\/index.php\/wp-json\/wp\/v2\/etheme_brands?post=2244"},{"taxonomy":"product_brand","embeddable":true,"href":"https:\/\/seic.com.co\/index.php\/wp-json\/wp\/v2\/product_brand?post=2244"},{"taxonomy":"product_cat","embeddable":true,"href":"https:\/\/seic.com.co\/index.php\/wp-json\/wp\/v2\/product_cat?post=2244"},{"taxonomy":"product_tag","embeddable":true,"href":"https:\/\/seic.com.co\/index.php\/wp-json\/wp\/v2\/product_tag?post=2244"}],"curies":[{"name":"wp","href":"https:\/\/api.w.org\/{rel}","templated":true}]}}