{"id":2245,"date":"2023-08-04T04:18:19","date_gmt":"2023-08-04T04:18:19","guid":{"rendered":"https:\/\/seic.com.co\/?post_type=product&#038;p=2245"},"modified":"2023-10-28T14:31:50","modified_gmt":"2023-10-28T14:31:50","slug":"estacion-meteorolgica-inalambrica-weatherhawk-916","status":"publish","type":"product","link":"https:\/\/seic.com.co\/index.php\/product\/estacion-meteorolgica-inalambrica-weatherhawk-916\/","title":{"rendered":"Estaci\u00f3n meteorol\u00f3gica inal\u00e1mbrica WeatherHawk 916"},"content":{"rendered":"<p>Estaciones Meteorol\u00f3gicas Inal\u00e1mbricas WeatherHawk 916.<\/p>\n<p>Tiempo de Entrega de 10 a 15 d\u00edas H\u00e1biles.<\/p>\n<p>Las estaciones meteorol\u00f3gicas inal\u00e1mbricas WeatherHawk 916 est\u00e1n dise\u00f1adas para una f\u00e1cil instalaci\u00f3n y uso por parte de consumidores, educadores, estudiantes y administradores de recursos. WeatherHawk es ideal para aplicaciones donde la facilidad de instalaci\u00f3n y uso son factores clave. WeatherHawk 916 est\u00e1 Pre-Programado para proporcionar datos meteorol\u00f3gicos simples, incluido el c\u00e1lculo complejo de ETo (evapotranspiraci\u00f3n) que se usa normalmente para el manejo del paisaje y los cultivos. Las Estaciones Meteorol\u00f3gicas Inal\u00e1mbricas WeatherHawk tambi\u00e9n cumplen con muchos protocolos de automatizaci\u00f3n del hogar existentes.<\/p>\n<p>La Estaci\u00f3n Meteorol\u00f3gica WeatherHawk 916 utiliza el software WeatherStation virtual compatible con Internet. Se suministra completamente ensamblado. El conjunto incluye sensores meteorol\u00f3gicos y una caja protectora que aloja el microprocesador a bordo, el paquete de bater\u00edas recargables y el transceptor de radio de espectro extendido. La bater\u00eda se recarga mediante alimentaci\u00f3n de CA o un panel solar. Las estaciones meteorol\u00f3gicas inal\u00e1mbricas WeatherHawk y los paneles solares se conectan f\u00e1cilmente a un poste de 1\u00bc &#8220;&#8221;a 2&#8243;&#8221; de di\u00e1metro exterior.<\/p>\n<p>El Microprocesador integrado WeatherHawk 916, Mide Autom\u00e1ticamente los sensores y luego almacena los datos en un registrador de datos integrado antes de transmitir los datos a una PC remota suministrada por el usuario. Se proporciona una radio de espectro ensanchado para conectarse a la PC y recibir transmisiones de las estaciones meteorol\u00f3gicas inal\u00e1mbricas WeatherHawk 916. Con condiciones t\u00edpicas de l\u00ednea de visi\u00f3n, el radio de espectro ensanchado WeatherHawk 916 puede transmitir a distancias de hasta media milla.<\/p>\n<p>TODOS NUESTROS PRODUCTOS SON NUEVOS Y 100% ORIGINALES.<\/p>\n<p>Por favor cont\u00e1ctenos por mensajer\u00eda si no est\u00e1 seguro o tiene alguna duda.<\/p>\n<p>Por favor revise bien las caracter\u00edsticas y las condiciones de este producto, antes de comprar. Recuerde que no se aceptan devoluciones de dinero ni de productos, solo opera el cambio de producto por garant\u00eda.<\/p>\n","protected":false},"excerpt":{"rendered":"<p>Estaciones Meteorol\u00f3gicas Inal\u00e1mbricas WeatherHawk 916.<\/p>\n<p>Tiempo de Entrega de 10 a 15 d\u00edas H\u00e1biles<\/p>\n","protected":false},"featured_media":2571,"comment_status":"open","ping_status":"closed","template":"","meta":[],"pwb-brand":[664],"etheme_brands":[],"product_brand":[],"product_cat":[149],"product_tag":[51,61],"class_list":{"0":"post-2245","1":"product","2":"type-product","3":"status-publish","4":"has-post-thumbnail","6":"pwb-brand-davis-instruments","7":"product_cat-estaciones-meteorologicas","8":"product_tag-estacion","9":"product_tag-weatherhawk-916","11":"first","12":"instock","13":"taxable","14":"shipping-taxable","15":"purchasable","16":"product-type-simple"},"brands":[{"id":664,"name":"DAVIS INSTRUMENTS","slug":"davis-instruments"}],"_links":{"self":[{"href":"https:\/\/seic.com.co\/index.php\/wp-json\/wp\/v2\/product\/2245","targetHints":{"allow":["GET"]}}],"collection":[{"href":"https:\/\/seic.com.co\/index.php\/wp-json\/wp\/v2\/product"}],"about":[{"href":"https:\/\/seic.com.co\/index.php\/wp-json\/wp\/v2\/types\/product"}],"replies":[{"embeddable":true,"href":"https:\/\/seic.com.co\/index.php\/wp-json\/wp\/v2\/comments?post=2245"}],"version-history":[{"count":3,"href":"https:\/\/seic.com.co\/index.php\/wp-json\/wp\/v2\/product\/2245\/revisions"}],"predecessor-version":[{"id":2337,"href":"https:\/\/seic.com.co\/index.php\/wp-json\/wp\/v2\/product\/2245\/revisions\/2337"}],"wp:featuredmedia":[{"embeddable":true,"href":"https:\/\/seic.com.co\/index.php\/wp-json\/wp\/v2\/media\/2571"}],"wp:attachment":[{"href":"https:\/\/seic.com.co\/index.php\/wp-json\/wp\/v2\/media?parent=2245"}],"wp:term":[{"taxonomy":"pwb-brand","embeddable":true,"href":"https:\/\/seic.com.co\/index.php\/wp-json\/wp\/v2\/pwb-brand?post=2245"},{"taxonomy":"brand","embeddable":true,"href":"https:\/\/seic.com.co\/index.php\/wp-json\/wp\/v2\/etheme_brands?post=2245"},{"taxonomy":"product_brand","embeddable":true,"href":"https:\/\/seic.com.co\/index.php\/wp-json\/wp\/v2\/product_brand?post=2245"},{"taxonomy":"product_cat","embeddable":true,"href":"https:\/\/seic.com.co\/index.php\/wp-json\/wp\/v2\/product_cat?post=2245"},{"taxonomy":"product_tag","embeddable":true,"href":"https:\/\/seic.com.co\/index.php\/wp-json\/wp\/v2\/product_tag?post=2245"}],"curies":[{"name":"wp","href":"https:\/\/api.w.org\/{rel}","templated":true}]}}