{"id":2246,"date":"2023-08-04T04:18:19","date_gmt":"2023-08-04T04:18:19","guid":{"rendered":"https:\/\/seic.com.co\/?post_type=product&#038;p=2246"},"modified":"2023-09-21T19:07:35","modified_gmt":"2023-09-21T19:07:35","slug":"davis-6262-wireless-vantage-pro2-plus","status":"publish","type":"product","link":"https:\/\/seic.com.co\/index.php\/product\/davis-6262-wireless-vantage-pro2-plus\/","title":{"rendered":"Davis 6262 Wireless Vantage Pro2 Plus"},"content":{"rendered":"<p>La Estaci\u00f3n Meteorol\u00f3gica Davis 6262 Vantage Pro2 Plus.<\/p>\n<p>Tiempo de Entrega de 10 a 15 d\u00edas H\u00e1biles.<\/p>\n<p>El Davis 6262 es una Estaci\u00f3n Davis Vantage Pro2 Plus inal\u00e1mbrica sensores de radiaci\u00f3n solar y sensores UV que consta de una unidad de consola y un innovador conjunto de sensores integrados que incluye un colector de lluvia con cubeta autovaciable, sensores de temperatura y humedad y un anem\u00f3metro. El conjunto de sensores est\u00e1 alojado dentro de un escudo de radiaci\u00f3n, protegiendo los sensores contra la radiaci\u00f3n solar y fuentes adicionales de calor reflejado y \/ o irradiado.<\/p>\n<p>Caracter\u00edsticas.<\/p>\n<p>&#8211; Proporciona datos meteorol\u00f3gicos precisos en un formato sofisticado pero f\u00e1cil de leer.<\/p>\n<p>&#8211; Alcance de transmisi\u00f3n l\u00edder en el sector, 1000ft \/ 300 m desde el conjunto de sensores hasta la consola.<\/p>\n<p>&#8211; El conjunto de sensores incluye sensores de temperatura y humedad exterior en pantalla de radiaci\u00f3n pasiva, velocidad y direcci\u00f3n del viento; precipitaciones; y radiaci\u00f3n UV y solar.<\/p>\n<p>-La carcasa robusta y resistente a la intemperie del conjunto de sensores le proporciona a\u00f1os de datos fiables.<\/p>\n<p>-Monte el anem\u00f3metro a una distancia de hasta 12 m del resto del conjunto de sensores para una ubicaci\u00f3n flexible.<\/p>\n<p>-Incluye la consola WeatherLink (6313) con una vibrante pantalla t\u00e1ctil HD a color<\/p>\n<p>&#8211; La transmisi\u00f3n inal\u00e1mbrica significa que no hay cables antiest\u00e9ticos que conduzcan a la casa u oficina.<\/p>\n<p>-El conjunto de sensores funciona con energ\u00eda solar y bater\u00eda de reserva; la consola funciona con corriente alterna y bater\u00eda de reserva.<\/p>\n<p>&#8211; Incluye manual de instrucciones detallado y soporte t\u00e9cnico disponible.<\/p>\n<p>&#8211; La informaci\u00f3n meteorol\u00f3gica incluye temperatura y humedad interior \/ exterior, cantidad de lluvia, velocidad del viento, direcci\u00f3n del viento, factor de sensaci\u00f3n t\u00e9rmica,\u00a0 tendencia de presi\u00f3n barom\u00e9trica, \u00edndice de calor, punto de roc\u00edo, hora de salida y puesta del sol, fase lunar, iconos de pron\u00f3stico y mucho m\u00e1s.<\/p>\n<p>&#8211; Tambi\u00e9n se incluyen las mediciones de radiaci\u00f3n solar y UV.<\/p>\n<p>&#8211; Capacidad m\u00e1xima de velocidad del viento del anem\u00f3metro clasificada en m\u00e1s de 170 mph.<\/p>\n<p>&#8211; Estaci\u00f3n meteorol\u00f3gica expandible compatible con hasta ocho sensores diferentes.<\/p>\n<p>&#8211; El transmisor y la bater\u00eda se encuentran dentro de un refugio resistente a la intemperie.<\/p>\n<p>&#8211; Garant\u00eda del fabricante de un a\u00f1o.<\/p>\n<p>TODOS NUESTROS PRODUCTOS SON NUEVOS Y 100% ORIGINALES.<\/p>\n<p>Por favor cont\u00e1ctenos por mensajer\u00eda si no est\u00e1 seguro o tiene alguna duda.<\/p>\n<p>Por favor revise bien las caracter\u00edsticas y las condiciones de este producto, antes de comprar. Recuerde que no se aceptan devoluciones de dinero ni de productos, solo opera el cambio de producto por garant\u00eda.<\/p>\n","protected":false},"excerpt":{"rendered":"<p>El Davis 6262 es un Davis Vantage Pro2 Plus inal\u00e1mbrica, incluye una moderna consola receptora t\u00e1ctil\u00a0 Weatherlink, que proporciona informaci\u00f3n sobre la tasa de flujo y el flujo acumulado a trav\u00e9s de una pantalla local utilizando informaci\u00f3n de un medidor de flujo de turbina. Adem\u00e1s, la ISS est\u00e1 equipada con una sonda UV para medir el \u00edndice UV y un piran\u00f3metro para medir la radiaci\u00f3n solar y la evapotranspiraci\u00f3n potencial (utilizada en agricultura).<\/p>\n","protected":false},"featured_media":4614,"comment_status":"open","ping_status":"closed","template":"","meta":[],"pwb-brand":[664],"etheme_brands":[{"term_id":152,"name":"DAVIS INSTRUMENTS","slug":"davis-instruments","term_group":0,"term_taxonomy_id":152,"taxonomy":"brand","description":"","parent":0,"count":12,"filter":"raw"}],"product_brand":[],"product_cat":[149],"product_tag":[57,58,60],"class_list":{"0":"post-2246","1":"product","2":"type-product","3":"status-publish","4":"has-post-thumbnail","6":"pwb-brand-davis-instruments","7":"brand-davis-instruments","8":"product_cat-estaciones-meteorologicas","9":"product_tag-estacin-meteorolgica-domstica","10":"product_tag-instrumento-meteorologico","11":"product_tag-jack-and-jones","13":"first","14":"instock","15":"taxable","16":"shipping-taxable","17":"purchasable","18":"product-type-simple"},"brands":[{"id":664,"name":"DAVIS INSTRUMENTS","slug":"davis-instruments"}],"_links":{"self":[{"href":"https:\/\/seic.com.co\/index.php\/wp-json\/wp\/v2\/product\/2246","targetHints":{"allow":["GET"]}}],"collection":[{"href":"https:\/\/seic.com.co\/index.php\/wp-json\/wp\/v2\/product"}],"about":[{"href":"https:\/\/seic.com.co\/index.php\/wp-json\/wp\/v2\/types\/product"}],"replies":[{"embeddable":true,"href":"https:\/\/seic.com.co\/index.php\/wp-json\/wp\/v2\/comments?post=2246"}],"version-history":[{"count":5,"href":"https:\/\/seic.com.co\/index.php\/wp-json\/wp\/v2\/product\/2246\/revisions"}],"predecessor-version":[{"id":4613,"href":"https:\/\/seic.com.co\/index.php\/wp-json\/wp\/v2\/product\/2246\/revisions\/4613"}],"wp:featuredmedia":[{"embeddable":true,"href":"https:\/\/seic.com.co\/index.php\/wp-json\/wp\/v2\/media\/4614"}],"wp:attachment":[{"href":"https:\/\/seic.com.co\/index.php\/wp-json\/wp\/v2\/media?parent=2246"}],"wp:term":[{"taxonomy":"pwb-brand","embeddable":true,"href":"https:\/\/seic.com.co\/index.php\/wp-json\/wp\/v2\/pwb-brand?post=2246"},{"taxonomy":"brand","embeddable":true,"href":"https:\/\/seic.com.co\/index.php\/wp-json\/wp\/v2\/etheme_brands?post=2246"},{"taxonomy":"product_brand","embeddable":true,"href":"https:\/\/seic.com.co\/index.php\/wp-json\/wp\/v2\/product_brand?post=2246"},{"taxonomy":"product_cat","embeddable":true,"href":"https:\/\/seic.com.co\/index.php\/wp-json\/wp\/v2\/product_cat?post=2246"},{"taxonomy":"product_tag","embeddable":true,"href":"https:\/\/seic.com.co\/index.php\/wp-json\/wp\/v2\/product_tag?post=2246"}],"curies":[{"name":"wp","href":"https:\/\/api.w.org\/{rel}","templated":true}]}}