{"id":2248,"date":"2023-08-04T04:18:19","date_gmt":"2023-08-04T04:18:19","guid":{"rendered":"https:\/\/seic.com.co\/?post_type=product&#038;p=2248"},"modified":"2023-08-22T19:35:39","modified_gmt":"2023-08-22T19:35:39","slug":"tripode-davis-7716","status":"publish","type":"product","link":"https:\/\/seic.com.co\/index.php\/product\/tripode-davis-7716\/","title":{"rendered":"Tr\u00edpode Davis 7716"},"content":{"rendered":"<p>Tr\u00edpode de montaje Davis 7716<\/p>\n<p>Tiempo de Entrega de 10 a 15 d\u00edas H\u00e1biles.<\/p>\n<p>El tr\u00edpode de montaje Davis 7716 y el m\u00e1stil facilitan a\u00fan m\u00e1s la instalaci\u00f3n. Los soportes en la base de las patas se inclinan para montarse en el techo o en terrenos irregulares. Este hardware de montaje de la estaci\u00f3n meteorol\u00f3gica est\u00e1 hecho de acero galvanizado. Incluye dos postes de 36 3\/8 &#8220;&#8221;(0.92 m) de largo, que se pueden usar por separado o juntos para hacer un solo poste de 69\u00be&#8221;&#8221; (1.77 m) de largo.<\/p>\n<p>TODOS NUESTROS PRODUCTOS SON NUEVOS Y 100% ORIGINALES.<\/p>\n<p>Por favor cont\u00e1ctenos por mensajer\u00eda si no est\u00e1 seguro o tiene alguna duda.<\/p>\n<p>Por favor revise bien las caracter\u00edsticas y las condiciones de este producto, antes de comprar. Recuerde que no se aceptan devoluciones de dinero ni de productos, solo opera el cambio de producto por garant\u00eda.&#8221;<\/p>\n","protected":false},"excerpt":{"rendered":"<p>El tr\u00edpode de montaje Davis 7716 y el m\u00e1stil facilitan a\u00fan m\u00e1s la instalaci\u00f3n. Los soportes en la base de las patas se inclinan para montarse en el techo o en terrenos irregulares. Este hardware de montaje de la estaci\u00f3n meteorol\u00f3gica est\u00e1 hecho de acero galvanizado. Incluye dos postes de 36 3\/8 &#8220;&#8221;(0.92 m) de largo, que se pueden usar por separado o juntos para hacer un solo poste de 69\u00be&#8221;&#8221; (1.77 m) de largo.<\/p>\n","protected":false},"featured_media":2564,"comment_status":"open","ping_status":"closed","template":"","meta":[],"pwb-brand":[664],"etheme_brands":[],"product_brand":[],"product_cat":[149],"product_tag":[57,58,60],"class_list":{"0":"post-2248","1":"product","2":"type-product","3":"status-publish","4":"has-post-thumbnail","6":"pwb-brand-davis-instruments","7":"product_cat-estaciones-meteorologicas","8":"product_tag-estacin-meteorolgica-domstica","9":"product_tag-instrumento-meteorologico","10":"product_tag-jack-and-jones","12":"first","13":"instock","14":"taxable","15":"shipping-taxable","16":"purchasable","17":"product-type-simple"},"brands":[{"id":664,"name":"DAVIS INSTRUMENTS","slug":"davis-instruments"}],"_links":{"self":[{"href":"https:\/\/seic.com.co\/index.php\/wp-json\/wp\/v2\/product\/2248","targetHints":{"allow":["GET"]}}],"collection":[{"href":"https:\/\/seic.com.co\/index.php\/wp-json\/wp\/v2\/product"}],"about":[{"href":"https:\/\/seic.com.co\/index.php\/wp-json\/wp\/v2\/types\/product"}],"replies":[{"embeddable":true,"href":"https:\/\/seic.com.co\/index.php\/wp-json\/wp\/v2\/comments?post=2248"}],"version-history":[{"count":2,"href":"https:\/\/seic.com.co\/index.php\/wp-json\/wp\/v2\/product\/2248\/revisions"}],"predecessor-version":[{"id":2343,"href":"https:\/\/seic.com.co\/index.php\/wp-json\/wp\/v2\/product\/2248\/revisions\/2343"}],"wp:featuredmedia":[{"embeddable":true,"href":"https:\/\/seic.com.co\/index.php\/wp-json\/wp\/v2\/media\/2564"}],"wp:attachment":[{"href":"https:\/\/seic.com.co\/index.php\/wp-json\/wp\/v2\/media?parent=2248"}],"wp:term":[{"taxonomy":"pwb-brand","embeddable":true,"href":"https:\/\/seic.com.co\/index.php\/wp-json\/wp\/v2\/pwb-brand?post=2248"},{"taxonomy":"brand","embeddable":true,"href":"https:\/\/seic.com.co\/index.php\/wp-json\/wp\/v2\/etheme_brands?post=2248"},{"taxonomy":"product_brand","embeddable":true,"href":"https:\/\/seic.com.co\/index.php\/wp-json\/wp\/v2\/product_brand?post=2248"},{"taxonomy":"product_cat","embeddable":true,"href":"https:\/\/seic.com.co\/index.php\/wp-json\/wp\/v2\/product_cat?post=2248"},{"taxonomy":"product_tag","embeddable":true,"href":"https:\/\/seic.com.co\/index.php\/wp-json\/wp\/v2\/product_tag?post=2248"}],"curies":[{"name":"wp","href":"https:\/\/api.w.org\/{rel}","templated":true}]}}