{"id":2249,"date":"2023-08-04T04:18:19","date_gmt":"2023-08-04T04:18:19","guid":{"rendered":"https:\/\/seic.com.co\/?post_type=product&#038;p=2249"},"modified":"2023-09-21T19:08:22","modified_gmt":"2023-09-21T19:08:22","slug":"estacion-meteorologica-davis-6162c-cabled-vantage-pro2-plus","status":"publish","type":"product","link":"https:\/\/seic.com.co\/index.php\/product\/estacion-meteorologica-davis-6162c-cabled-vantage-pro2-plus\/","title":{"rendered":"Estaci\u00f3n meteorol\u00f3gica Davis 6162C Cabled Vantage Pro2 Plus"},"content":{"rendered":"<p>La Estaci\u00f3n Meteorol\u00f3gica Davis 6162C.<\/p>\n<p>Tiempo de Entrega de 10 a 15 d\u00edas H\u00e1biles.<\/p>\n<p>El Davis Instruments 6162C Cabled Vantage Pro2 Plus con protector de radiaci\u00f3n est\u00e1ndar incluye un cable de 100 &#8216;(la distancia m\u00e1xima es de 1,000&#8217;) para conectarse entre el Integrated Sensor Suite y la consola de visualizaci\u00f3n<\/p>\n<p>El modelo 6162C Cabled Vantage Pro2 Plus, consta de una unidad de consola y un innovador conjunto de sensores integrados que incluye un colector de lluvia con balde autovaciante, sensores de temperatura y humedad, radiaci\u00f3n solar, UV y un anem\u00f3metro.<\/p>\n<p>Adem\u00e1s, esta estaci\u00f3n meteorol\u00f3gica cableada modelo 6162C Vantage Pro2 Plus de alta tecnolog\u00eda rastrear\u00e1 m\u00e1ximos y m\u00ednimos (y \/ o totales y promedios) para casi todas las variables clim\u00e1ticas durante los \u00faltimos 24 d\u00edas, meses o a\u00f1os y rastrear\u00e1 su pron\u00f3stico local.<\/p>\n<p>Incluye nuevo dise\u00f1o de pluvi\u00f3metro con kit Bird Spike.<\/p>\n<p>Caracter\u00edsticas.<\/p>\n<p>&#8211; Proporciona datos meteorol\u00f3gicos precisos en un formato sofisticado pero f\u00e1cil de leer.<\/p>\n<p>&#8211; La elegante consola retroiluminada proporciona informaci\u00f3n meteorol\u00f3gica actualizada de forma continua en una pantalla LCD de 3,5 por 6 pulgadas.<\/p>\n<p>&#8211; Se\u00f1al de 100 &#8216;cableada incluida. Longitud m\u00e1xima 1,000\u2019.<\/p>\n<p>&#8211; Incluye manual de instrucciones detallado y soporte t\u00e9cnico disponible.<\/p>\n<p>&#8211; La informaci\u00f3n meteorol\u00f3gica incluye temperatura y humedad interior \/ exterior, cantidad de lluvia, velocidad del viento, direcci\u00f3n del viento y factor de sensaci\u00f3n t\u00e9rmica, radiaci\u00f3n solar, UV y presi\u00f3n barom\u00e9trica.<\/p>\n<p>&#8211; La informaci\u00f3n meteorol\u00f3gica adicional incluye tendencia de presi\u00f3n barom\u00e9trica, \u00edndice de calor, punto de roc\u00edo, hora de salida y puesta del sol, fase lunar, iconos de pron\u00f3stico y mucho m\u00e1s.<\/p>\n<p>&#8211; El colector de lluvia es un balde basculante ba\u00f1ado en aluminio de vaciado autom\u00e1tico que lee la lluvia en incrementos de 0.01 pulgadas.<\/p>\n<p>&#8211; El escudo de radiaci\u00f3n est\u00e1ndar protege los sensores del calor nocivo reflejado o irradiado.<\/p>\n<p>&#8211; El conjunto de sensores integrados incluye un anem\u00f3metro desmontable.<\/p>\n<p>&#8211; Consola alimentada por adaptador de CA con 3 bater\u00edas de respaldo \u201cC\u201d (no incluidas). Se incluye todo el hardware de montaje.<\/p>\n<p>&#8211; Garant\u00eda del fabricante de un a\u00f1o.<\/p>\n<p>TODOS NUESTROS PRODUCTOS SON NUEVOS Y 100% ORIGINALES.<\/p>\n<p>Por favor cont\u00e1ctenos por mensajer\u00eda si no est\u00e1 seguro o tiene alguna duda.<\/p>\n<p>Por favor revise bien las caracter\u00edsticas y las condiciones de este producto, antes de comprar. Recuerde que no se aceptan devoluciones de dinero ni de productos, solo opera el cambio de producto por garant\u00eda<\/p>\n","protected":false},"excerpt":{"rendered":"<p>El Davis Instruments 6162C Cabled Vantage Pro2 Plus con protector de radiaci\u00f3n est\u00e1ndar incluye un cable de 100 &#8216;(la distancia m\u00e1xima es de 1,000&#8217;) para conectarse entre el Integrated Sensor Suite y la consola de visualizaci\u00f3n<\/p>\n","protected":false},"featured_media":2525,"comment_status":"open","ping_status":"closed","template":"","meta":[],"pwb-brand":[664],"etheme_brands":[{"term_id":152,"name":"DAVIS INSTRUMENTS","slug":"davis-instruments","term_group":0,"term_taxonomy_id":152,"taxonomy":"brand","description":"","parent":0,"count":12,"filter":"raw"}],"product_brand":[],"product_cat":[149],"product_tag":[57,58,62],"class_list":{"0":"post-2249","1":"product","2":"type-product","3":"status-publish","4":"has-post-thumbnail","6":"pwb-brand-davis-instruments","7":"brand-davis-instruments","8":"product_cat-estaciones-meteorologicas","9":"product_tag-estacin-meteorolgica-domstica","10":"product_tag-instrumento-meteorologico","11":"product_tag-lee","13":"first","14":"instock","15":"taxable","16":"shipping-taxable","17":"purchasable","18":"product-type-simple"},"brands":[{"id":664,"name":"DAVIS INSTRUMENTS","slug":"davis-instruments"}],"_links":{"self":[{"href":"https:\/\/seic.com.co\/index.php\/wp-json\/wp\/v2\/product\/2249","targetHints":{"allow":["GET"]}}],"collection":[{"href":"https:\/\/seic.com.co\/index.php\/wp-json\/wp\/v2\/product"}],"about":[{"href":"https:\/\/seic.com.co\/index.php\/wp-json\/wp\/v2\/types\/product"}],"replies":[{"embeddable":true,"href":"https:\/\/seic.com.co\/index.php\/wp-json\/wp\/v2\/comments?post=2249"}],"version-history":[{"count":4,"href":"https:\/\/seic.com.co\/index.php\/wp-json\/wp\/v2\/product\/2249\/revisions"}],"predecessor-version":[{"id":4611,"href":"https:\/\/seic.com.co\/index.php\/wp-json\/wp\/v2\/product\/2249\/revisions\/4611"}],"wp:featuredmedia":[{"embeddable":true,"href":"https:\/\/seic.com.co\/index.php\/wp-json\/wp\/v2\/media\/2525"}],"wp:attachment":[{"href":"https:\/\/seic.com.co\/index.php\/wp-json\/wp\/v2\/media?parent=2249"}],"wp:term":[{"taxonomy":"pwb-brand","embeddable":true,"href":"https:\/\/seic.com.co\/index.php\/wp-json\/wp\/v2\/pwb-brand?post=2249"},{"taxonomy":"brand","embeddable":true,"href":"https:\/\/seic.com.co\/index.php\/wp-json\/wp\/v2\/etheme_brands?post=2249"},{"taxonomy":"product_brand","embeddable":true,"href":"https:\/\/seic.com.co\/index.php\/wp-json\/wp\/v2\/product_brand?post=2249"},{"taxonomy":"product_cat","embeddable":true,"href":"https:\/\/seic.com.co\/index.php\/wp-json\/wp\/v2\/product_cat?post=2249"},{"taxonomy":"product_tag","embeddable":true,"href":"https:\/\/seic.com.co\/index.php\/wp-json\/wp\/v2\/product_tag?post=2249"}],"curies":[{"name":"wp","href":"https:\/\/api.w.org\/{rel}","templated":true}]}}