{"id":2250,"date":"2023-08-04T04:18:19","date_gmt":"2023-08-04T04:18:19","guid":{"rendered":"https:\/\/seic.com.co\/?post_type=product&#038;p=2250"},"modified":"2023-08-22T19:35:39","modified_gmt":"2023-08-22T19:35:39","slug":"kit-de-poste-de-montaje-davis-7717","status":"publish","type":"product","link":"https:\/\/seic.com.co\/index.php\/product\/kit-de-poste-de-montaje-davis-7717\/","title":{"rendered":"Kit de poste de montaje Davis 7717"},"content":{"rendered":"<p>kit de poste de montaje Davis 7717<\/p>\n<p>Tiempo de Entrega de 10 a 15 d\u00edas H\u00e1biles.<\/p>\n<p>El kit de poste de montaje Davis 7717 incluye dos postes de acero galvanizado, conector y accesorios de montaje. Los postes del kit de montaje de la estaci\u00f3n meteorol\u00f3gica miden 19,5 &#8220;&#8221;(0,50 m) y 21&#8243;&#8221; (0,53 m) de largo. Ensamble los dos juntos para hacer un solo poste de 37.5 &#8220;&#8221;de largo. El di\u00e1metro exterior de ambos es de 1.3125&#8243;&#8221; (3 cm).<\/p>\n<p>TODOS NUESTROS PRODUCTOS SON NUEVOS Y 100% ORIGINALES.<\/p>\n<p>Por favor cont\u00e1ctenos por mensajer\u00eda si no est\u00e1 seguro o tiene alguna duda.<\/p>\n<p>Por favor revise bien las caracter\u00edsticas y las condiciones de este producto, antes de comprar. Recuerde que no se aceptan devoluciones de dinero ni de productos, solo opera el cambio de producto por garant\u00eda.<\/p>\n","protected":false},"excerpt":{"rendered":"<p>El kit de poste de montaje Davis 7717 incluye dos postes de acero galvanizado, conector y accesorios de montaje. Los postes del kit de montaje de la estaci\u00f3n meteorol\u00f3gica miden 19,5 &#8220;&#8221;(0,50 m) y 21&#8243;&#8221; (0,53 m) de largo. Ensamble los dos juntos para hacer un solo poste de 37.5 &#8220;&#8221;de largo. El di\u00e1metro exterior de ambos es de 1.3125&#8243;&#8221; (3 cm).<\/p>\n","protected":false},"featured_media":2565,"comment_status":"open","ping_status":"closed","template":"","meta":[],"pwb-brand":[664],"etheme_brands":[{"term_id":152,"name":"DAVIS INSTRUMENTS","slug":"davis-instruments","term_group":0,"term_taxonomy_id":152,"taxonomy":"brand","description":"","parent":0,"count":12,"filter":"raw"}],"product_brand":[],"product_cat":[149],"product_tag":[57,58,63,64],"class_list":{"0":"post-2250","1":"product","2":"type-product","3":"status-publish","4":"has-post-thumbnail","6":"pwb-brand-davis-instruments","7":"brand-davis-instruments","8":"product_cat-estaciones-meteorologicas","9":"product_tag-estacin-meteorolgica-domstica","10":"product_tag-instrumento-meteorologico","11":"product_tag-vantagepro","12":"product_tag-white","14":"first","15":"instock","16":"taxable","17":"shipping-taxable","18":"purchasable","19":"product-type-simple"},"brands":[{"id":664,"name":"DAVIS INSTRUMENTS","slug":"davis-instruments"}],"_links":{"self":[{"href":"https:\/\/seic.com.co\/index.php\/wp-json\/wp\/v2\/product\/2250","targetHints":{"allow":["GET"]}}],"collection":[{"href":"https:\/\/seic.com.co\/index.php\/wp-json\/wp\/v2\/product"}],"about":[{"href":"https:\/\/seic.com.co\/index.php\/wp-json\/wp\/v2\/types\/product"}],"replies":[{"embeddable":true,"href":"https:\/\/seic.com.co\/index.php\/wp-json\/wp\/v2\/comments?post=2250"}],"version-history":[{"count":2,"href":"https:\/\/seic.com.co\/index.php\/wp-json\/wp\/v2\/product\/2250\/revisions"}],"predecessor-version":[{"id":2345,"href":"https:\/\/seic.com.co\/index.php\/wp-json\/wp\/v2\/product\/2250\/revisions\/2345"}],"wp:featuredmedia":[{"embeddable":true,"href":"https:\/\/seic.com.co\/index.php\/wp-json\/wp\/v2\/media\/2565"}],"wp:attachment":[{"href":"https:\/\/seic.com.co\/index.php\/wp-json\/wp\/v2\/media?parent=2250"}],"wp:term":[{"taxonomy":"pwb-brand","embeddable":true,"href":"https:\/\/seic.com.co\/index.php\/wp-json\/wp\/v2\/pwb-brand?post=2250"},{"taxonomy":"brand","embeddable":true,"href":"https:\/\/seic.com.co\/index.php\/wp-json\/wp\/v2\/etheme_brands?post=2250"},{"taxonomy":"product_brand","embeddable":true,"href":"https:\/\/seic.com.co\/index.php\/wp-json\/wp\/v2\/product_brand?post=2250"},{"taxonomy":"product_cat","embeddable":true,"href":"https:\/\/seic.com.co\/index.php\/wp-json\/wp\/v2\/product_cat?post=2250"},{"taxonomy":"product_tag","embeddable":true,"href":"https:\/\/seic.com.co\/index.php\/wp-json\/wp\/v2\/product_tag?post=2250"}],"curies":[{"name":"wp","href":"https:\/\/api.w.org\/{rel}","templated":true}]}}