{"id":2257,"date":"2023-08-04T04:18:19","date_gmt":"2023-08-04T04:18:19","guid":{"rendered":"https:\/\/seic.com.co\/?post_type=product&#038;p=2257"},"modified":"2023-08-22T19:35:39","modified_gmt":"2023-08-22T19:35:39","slug":"pantalla-de-consola-adicional-davis-para-vantage-pro2-6312","status":"publish","type":"product","link":"https:\/\/seic.com.co\/index.php\/product\/pantalla-de-consola-adicional-davis-para-vantage-pro2-6312\/","title":{"rendered":"Pantalla de consola adicional Davis para Vantage Pro2, 6312"},"content":{"rendered":"<p>Pantalla de consola adicional Davis para Vantage Pro2<\/p>\n<p>Tiempo de Entrega de 10 a 15 d\u00edas H\u00e1biles.<\/p>\n<p>La consola inal\u00e1mbrica Davis 6312 Vantage Pro2 funciona con otros sensores inal\u00e1mbricos de estaciones meteorol\u00f3gicas Vantage Pro2 y Vantage Vue y tiene un alcance efectivo de aproximadamente 1,000 pies (l\u00ednea de visi\u00f3n). Varios receptores de consola pueden recibir datos de un solo conjunto de sensores al mismo tiempo.<\/p>\n<p>La gran pantalla de la consola LCD de 3,5 pulgadas por 6 pulgadas le permite controlar los datos meteorol\u00f3gicos pr\u00e1cticamente al mismo tiempo que la unidad base Vantage Pro2 que transmite las se\u00f1ales.<\/p>\n<p>El receptor de la consola Davis 6312 Vantage Pro2 muestra iconos de pron\u00f3stico (soleado, nublado, lluvia, etc.) mientras que un mensaje de &#8220;&#8221;tickertape&#8221;&#8221; en movimiento en la parte inferior de la pantalla proporciona detalles adicionales del clima.<\/p>\n<p>El dise\u00f1o elegante de la consola se ve muy bien en escritorios o mesas y tambi\u00e9n se puede montar en la pared.<\/p>\n<p>Varios receptores de consola pueden recibir informaci\u00f3n de las mismas unidades de sensor.<\/p>\n<p>Receptor de consola inal\u00e1mbrico compatible con otros sistemas Vantage Pro2 inal\u00e1mbricos.<\/p>\n<p>Davis 6312 tiene una gran pantalla de visualizaci\u00f3n de consola LCD de 3,5 pulgadas por 6 pulgadas que significa una f\u00e1cil visualizaci\u00f3n.<\/p>\n<p>Opera en un espectro ensanchado por salto de frecuencia de 902 a 928 MHz. Las unidades Vantage Pro funcionaban a 916,5 MHz.<\/p>\n<p>Alcance t\u00edpico de transmisi\u00f3n inal\u00e1mbrica de hasta 1,000 pies (l\u00ednea de visi\u00f3n).<\/p>\n<p>Consola alimentada por adaptador de CA con 3 bater\u00edas de respaldo \u201cC\u201d (no incluidas). Las bater\u00edas duran hasta un a\u00f1o con un uso normal.<\/p>\n<p>La consola est\u00e1 retroiluminada para facilitar la visualizaci\u00f3n nocturna o con poca luz.<\/p>\n<p>EL RECEPTOR DE CONSOLA ADICIONAL NO ES COMPATIBLE CON LOS SISTEMAS VANTAGE PRO2 CABLEADOS.<\/p>\n<p>TODOS NUESTROS PRODUCTOS SON NUEVOS Y 100% ORIGINALES.<\/p>\n<p>Por favor cont\u00e1ctenos por mensajer\u00eda si no est\u00e1 seguro o tiene alguna duda.<\/p>\n<p>Por favor revise bien las caracter\u00edsticas y las condiciones de este producto, antes de comprar. Recuerde que no se aceptan devoluciones de dinero ni de productos, solo opera el cambio de producto por garant\u00eda.<\/p>\n","protected":false},"excerpt":{"rendered":"<p>La consola inal\u00e1mbrica Davis 6312 Vantage Pro2 funciona con otros sensores inal\u00e1mbricos de estaciones meteorol\u00f3gicas Vantage Pro2 y Vantage Vue y tiene un alcance efectivo de aproximadamente 1,000 pies (l\u00ednea de visi\u00f3n). Varios receptores de consola pueden recibir datos de un solo conjunto de sensores al mismo tiempo.<\/p>\n","protected":false},"featured_media":2554,"comment_status":"open","ping_status":"closed","template":"","meta":[],"pwb-brand":[664],"etheme_brands":[],"product_brand":[],"product_cat":[149],"product_tag":[57,58,60],"class_list":{"0":"post-2257","1":"product","2":"type-product","3":"status-publish","4":"has-post-thumbnail","6":"pwb-brand-davis-instruments","7":"product_cat-estaciones-meteorologicas","8":"product_tag-estacin-meteorolgica-domstica","9":"product_tag-instrumento-meteorologico","10":"product_tag-jack-and-jones","12":"first","13":"instock","14":"taxable","15":"shipping-taxable","16":"purchasable","17":"product-type-simple"},"brands":[{"id":664,"name":"DAVIS INSTRUMENTS","slug":"davis-instruments"}],"_links":{"self":[{"href":"https:\/\/seic.com.co\/index.php\/wp-json\/wp\/v2\/product\/2257","targetHints":{"allow":["GET"]}}],"collection":[{"href":"https:\/\/seic.com.co\/index.php\/wp-json\/wp\/v2\/product"}],"about":[{"href":"https:\/\/seic.com.co\/index.php\/wp-json\/wp\/v2\/types\/product"}],"replies":[{"embeddable":true,"href":"https:\/\/seic.com.co\/index.php\/wp-json\/wp\/v2\/comments?post=2257"}],"version-history":[{"count":3,"href":"https:\/\/seic.com.co\/index.php\/wp-json\/wp\/v2\/product\/2257\/revisions"}],"predecessor-version":[{"id":2606,"href":"https:\/\/seic.com.co\/index.php\/wp-json\/wp\/v2\/product\/2257\/revisions\/2606"}],"wp:featuredmedia":[{"embeddable":true,"href":"https:\/\/seic.com.co\/index.php\/wp-json\/wp\/v2\/media\/2554"}],"wp:attachment":[{"href":"https:\/\/seic.com.co\/index.php\/wp-json\/wp\/v2\/media?parent=2257"}],"wp:term":[{"taxonomy":"pwb-brand","embeddable":true,"href":"https:\/\/seic.com.co\/index.php\/wp-json\/wp\/v2\/pwb-brand?post=2257"},{"taxonomy":"brand","embeddable":true,"href":"https:\/\/seic.com.co\/index.php\/wp-json\/wp\/v2\/etheme_brands?post=2257"},{"taxonomy":"product_brand","embeddable":true,"href":"https:\/\/seic.com.co\/index.php\/wp-json\/wp\/v2\/product_brand?post=2257"},{"taxonomy":"product_cat","embeddable":true,"href":"https:\/\/seic.com.co\/index.php\/wp-json\/wp\/v2\/product_cat?post=2257"},{"taxonomy":"product_tag","embeddable":true,"href":"https:\/\/seic.com.co\/index.php\/wp-json\/wp\/v2\/product_tag?post=2257"}],"curies":[{"name":"wp","href":"https:\/\/api.w.org\/{rel}","templated":true}]}}