{"id":2258,"date":"2023-08-04T04:18:19","date_gmt":"2023-08-04T04:18:19","guid":{"rendered":"https:\/\/seic.com.co\/?post_type=product&#038;p=2258"},"modified":"2023-10-28T15:16:52","modified_gmt":"2023-10-28T15:16:52","slug":"transmisor-de-sensor-davis-6332","status":"publish","type":"product","link":"https:\/\/seic.com.co\/index.php\/product\/transmisor-de-sensor-davis-6332\/","title":{"rendered":"Transmisor de sensor Davis 6332"},"content":{"rendered":"<p>Transmisor de sensor Davis<\/p>\n<p>Tiempo de Entrega de 10 a 15 d\u00edas H\u00e1biles.<\/p>\n<p>El transmisor de sensor con energ\u00eda solar 6332 Vantage Pro2 de Davis Instruments le permite crear una estaci\u00f3n de sensor inal\u00e1mbrica personalizada que puede comunicarse directamente con su consola Vantage Pro2, Vantage Connect o WeatherLink Live. Cada transmisor puede admitir hasta cinco sensores diferentes. Permite que un anem\u00f3metro Vantage Pro 2 existente se ubique independientemente del conjunto de sensores integrados (ISS) Vantage Pro 2 para distancias mayores que la conexi\u00f3n del cable de 40 pies a la unidad ISS.El transmisor tiene un rango de transmisi\u00f3n de hasta 1,000 pies. Para distancias m\u00e1s largas, agregue uno o m\u00e1s repetidores de rango est\u00e1ndar inal\u00e1mbricos o repetidores de largo alcance. El transmisor est\u00e1 contenido dentro de un refugio resistente a la intemperie. Funciona con energ\u00eda solar con condensador y bater\u00eda de respaldo de litio. La bater\u00eda de litio dura hasta 8 meses sin luz solar; m\u00e1s de dos a\u00f1os dependiendo de la carga solar.<\/p>\n<p>Combine el transmisor de sensor con un WeatherLink Live 6100 para aprovechar al m\u00e1ximo las capacidades de los dispositivos.<\/p>\n<p>Tambi\u00e9n funciona de forma independiente con el anem\u00f3metro 6410 , las sondas de temperatura 6475 y 6477 , el colector de lluvia aut\u00f3nomo 6466 , los sensores de temperatura y humedad, el sensor UV 6490 y el sensor de radiaci\u00f3n solar 6450.<\/p>\n<p>TODOS NUESTROS PRODUCTOS SON NUEVOS Y 100% ORIGINALES.<\/p>\n<p>Por favor cont\u00e1ctenos por mensajer\u00eda si no est\u00e1 seguro o tiene alguna duda.<\/p>\n<p>Por favor revise bien las caracter\u00edsticas y las condiciones de este producto, antes de comprar. Recuerde que no se aceptan devoluciones de dinero ni de productos, solo opera el cambio de producto por garant\u00eda.<\/p>\n","protected":false},"excerpt":{"rendered":"<p>El transmisor de sensor con energ\u00eda solar 6332 Vantage Pro2 de Davis Instruments le permite crear una estaci\u00f3n de sensor inal\u00e1mbrica personalizada que puede comunicarse directamente con su consola Vantage Pro2, Vantage Connect o WeatherLink Live. Cada transmisor puede admitir hasta cinco sensores diferentes. Permite que un anem\u00f3metro Vantage Pro 2 existente se ubique independientemente del conjunto de sensores integrados (ISS) Vantage Pro 2 para distancias mayores que la conexi\u00f3n del cable de 40 pies a la unidad ISS.El transmisor tiene un rango de transmisi\u00f3n de hasta 1,000 pies. Para distancias m\u00e1s largas, agregue uno o m\u00e1s repetidores de rango est\u00e1ndar inal\u00e1mbricos o repetidores de largo alcance<\/p>\n","protected":false},"featured_media":2558,"comment_status":"open","ping_status":"closed","template":"","meta":[],"pwb-brand":[664],"etheme_brands":[{"term_id":152,"name":"DAVIS INSTRUMENTS","slug":"davis-instruments","term_group":0,"term_taxonomy_id":152,"taxonomy":"brand","description":"","parent":0,"count":12,"filter":"raw"}],"product_brand":[],"product_cat":[149],"product_tag":[57,58,60],"class_list":{"0":"post-2258","1":"product","2":"type-product","3":"status-publish","4":"has-post-thumbnail","6":"pwb-brand-davis-instruments","7":"brand-davis-instruments","8":"product_cat-estaciones-meteorologicas","9":"product_tag-estacin-meteorolgica-domstica","10":"product_tag-instrumento-meteorologico","11":"product_tag-jack-and-jones","13":"first","14":"instock","15":"taxable","16":"shipping-taxable","17":"purchasable","18":"product-type-simple"},"brands":[{"id":664,"name":"DAVIS INSTRUMENTS","slug":"davis-instruments"}],"_links":{"self":[{"href":"https:\/\/seic.com.co\/index.php\/wp-json\/wp\/v2\/product\/2258","targetHints":{"allow":["GET"]}}],"collection":[{"href":"https:\/\/seic.com.co\/index.php\/wp-json\/wp\/v2\/product"}],"about":[{"href":"https:\/\/seic.com.co\/index.php\/wp-json\/wp\/v2\/types\/product"}],"replies":[{"embeddable":true,"href":"https:\/\/seic.com.co\/index.php\/wp-json\/wp\/v2\/comments?post=2258"}],"version-history":[{"count":3,"href":"https:\/\/seic.com.co\/index.php\/wp-json\/wp\/v2\/product\/2258\/revisions"}],"predecessor-version":[{"id":2607,"href":"https:\/\/seic.com.co\/index.php\/wp-json\/wp\/v2\/product\/2258\/revisions\/2607"}],"wp:featuredmedia":[{"embeddable":true,"href":"https:\/\/seic.com.co\/index.php\/wp-json\/wp\/v2\/media\/2558"}],"wp:attachment":[{"href":"https:\/\/seic.com.co\/index.php\/wp-json\/wp\/v2\/media?parent=2258"}],"wp:term":[{"taxonomy":"pwb-brand","embeddable":true,"href":"https:\/\/seic.com.co\/index.php\/wp-json\/wp\/v2\/pwb-brand?post=2258"},{"taxonomy":"brand","embeddable":true,"href":"https:\/\/seic.com.co\/index.php\/wp-json\/wp\/v2\/etheme_brands?post=2258"},{"taxonomy":"product_brand","embeddable":true,"href":"https:\/\/seic.com.co\/index.php\/wp-json\/wp\/v2\/product_brand?post=2258"},{"taxonomy":"product_cat","embeddable":true,"href":"https:\/\/seic.com.co\/index.php\/wp-json\/wp\/v2\/product_cat?post=2258"},{"taxonomy":"product_tag","embeddable":true,"href":"https:\/\/seic.com.co\/index.php\/wp-json\/wp\/v2\/product_tag?post=2258"}],"curies":[{"name":"wp","href":"https:\/\/api.w.org\/{rel}","templated":true}]}}