{"id":2260,"date":"2023-08-04T04:18:19","date_gmt":"2023-08-04T04:18:19","guid":{"rendered":"https:\/\/seic.com.co\/?post_type=product&#038;p=2260"},"modified":"2025-05-30T03:01:31","modified_gmt":"2025-05-30T03:01:31","slug":"6450-sensor-de-radiacion-solar-davis","status":"publish","type":"product","link":"https:\/\/seic.com.co\/index.php\/product\/6450-sensor-de-radiacion-solar-davis\/","title":{"rendered":"6450 Sensor de radiaci\u00f3n solar Davis"},"content":{"rendered":"<p>PARA MEDIR LA RADIACI\u00d3N SOLAR Y LA ENERG\u00cdA SOLAR, UTILICE EL SENSOR DE RADIACI\u00d3N SOLAR DAVIS 6450.<\/p>\n<p>Tiempo de Entrega de 10 a 15 d\u00edas H\u00e1biles.<\/p>\n<p>Este sensor de irradiaci\u00f3n incluye un elemento difusor y una carcasa que est\u00e1 cuidadosamente dise\u00f1ados para una respuesta precisa del coseno. El fotodiodo de silicio se adapta bien al espectro solar. La carcasa de dos piezas minimiza el calentamiento por radiaci\u00f3n, permite el enfriamiento por convecci\u00f3n del sensor de irradiaci\u00f3n y evita la acumulaci\u00f3n de agua o polvo. Para montar junto a un colector de lluvia.<\/p>\n<p>El Sensor de radiaci\u00f3n solar Davis 6450 Incluye un cable de 2 &#8216;(1,2 m). (Cuando se vende preinstalado en un Vantage Pro2 Plus, incluye un cable de 0,9 m (2 pies)). Utilice un cable alargador de 4 conductores modelo 7876-040 est\u00e1ndar. La longitud m\u00e1xima del cable es de 125 &#8216;( 38 m) desde el sensor hasta el conjunto de sensores integrados.<\/p>\n<p>TODOS NUESTROS PRODUCTOS SON NUEVOS Y 100% ORIGINALES.<\/p>\n<p>Por favor cont\u00e1ctenos por mensajer\u00eda si no est\u00e1 seguro o tiene alguna duda.<\/p>\n<p>Por favor revise bien las caracter\u00edsticas y las condiciones de este producto, antes de comprar. Recuerde que no se aceptan devoluciones de dinero ni de productos, solo opera el cambio de producto por garant\u00eda.<\/p>\n<p>&nbsp;<\/p>\n","protected":false},"excerpt":{"rendered":"<p>Este sensor de irradiaci\u00f3n incluye un elemento difusor y una carcasa que est\u00e1 cuidadosamente dise\u00f1ados para una respuesta precisa del coseno. El fotodiodo de silicio se adapta bien al espectro solar. La carcasa de dos piezas minimiza el calentamiento por radiaci\u00f3n, permite el enfriamiento por convecci\u00f3n del sensor de irradiaci\u00f3n y evita la acumulaci\u00f3n de agua o polvo. Para montar junto a un colector de lluvia.<\/p>\n","protected":false},"featured_media":2559,"comment_status":"open","ping_status":"closed","template":"","meta":[],"pwb-brand":[664],"etheme_brands":[{"term_id":152,"name":"DAVIS INSTRUMENTS","slug":"davis-instruments","term_group":0,"term_taxonomy_id":152,"taxonomy":"brand","description":"","parent":0,"count":12,"filter":"raw"}],"product_brand":[],"product_cat":[149],"product_tag":[57,58,60],"class_list":{"0":"post-2260","1":"product","2":"type-product","3":"status-publish","4":"has-post-thumbnail","6":"pwb-brand-davis-instruments","7":"brand-davis-instruments","8":"product_cat-estaciones-meteorologicas","9":"product_tag-estacin-meteorolgica-domstica","10":"product_tag-instrumento-meteorologico","11":"product_tag-jack-and-jones","13":"first","14":"instock","15":"taxable","16":"shipping-taxable","17":"purchasable","18":"product-type-simple"},"brands":[{"id":664,"name":"DAVIS INSTRUMENTS","slug":"davis-instruments"}],"_links":{"self":[{"href":"https:\/\/seic.com.co\/index.php\/wp-json\/wp\/v2\/product\/2260","targetHints":{"allow":["GET"]}}],"collection":[{"href":"https:\/\/seic.com.co\/index.php\/wp-json\/wp\/v2\/product"}],"about":[{"href":"https:\/\/seic.com.co\/index.php\/wp-json\/wp\/v2\/types\/product"}],"replies":[{"embeddable":true,"href":"https:\/\/seic.com.co\/index.php\/wp-json\/wp\/v2\/comments?post=2260"}],"version-history":[{"count":3,"href":"https:\/\/seic.com.co\/index.php\/wp-json\/wp\/v2\/product\/2260\/revisions"}],"predecessor-version":[{"id":2610,"href":"https:\/\/seic.com.co\/index.php\/wp-json\/wp\/v2\/product\/2260\/revisions\/2610"}],"wp:featuredmedia":[{"embeddable":true,"href":"https:\/\/seic.com.co\/index.php\/wp-json\/wp\/v2\/media\/2559"}],"wp:attachment":[{"href":"https:\/\/seic.com.co\/index.php\/wp-json\/wp\/v2\/media?parent=2260"}],"wp:term":[{"taxonomy":"pwb-brand","embeddable":true,"href":"https:\/\/seic.com.co\/index.php\/wp-json\/wp\/v2\/pwb-brand?post=2260"},{"taxonomy":"brand","embeddable":true,"href":"https:\/\/seic.com.co\/index.php\/wp-json\/wp\/v2\/etheme_brands?post=2260"},{"taxonomy":"product_brand","embeddable":true,"href":"https:\/\/seic.com.co\/index.php\/wp-json\/wp\/v2\/product_brand?post=2260"},{"taxonomy":"product_cat","embeddable":true,"href":"https:\/\/seic.com.co\/index.php\/wp-json\/wp\/v2\/product_cat?post=2260"},{"taxonomy":"product_tag","embeddable":true,"href":"https:\/\/seic.com.co\/index.php\/wp-json\/wp\/v2\/product_tag?post=2260"}],"curies":[{"name":"wp","href":"https:\/\/api.w.org\/{rel}","templated":true}]}}