{"id":2261,"date":"2023-08-04T04:18:20","date_gmt":"2023-08-04T04:18:20","guid":{"rendered":"https:\/\/seic.com.co\/?post_type=product&#038;p=2261"},"modified":"2023-11-25T19:43:00","modified_gmt":"2023-11-25T19:43:00","slug":"6490-sensor-uv-davis","status":"publish","type":"product","link":"https:\/\/seic.com.co\/index.php\/product\/6490-sensor-uv-davis\/","title":{"rendered":"6490 Sensor UV Davis"},"content":{"rendered":"<p>Sensor UV Davis 6490<\/p>\n<p>Tiempo de Entrega de 10 a 15 d\u00edas H\u00e1biles.<\/p>\n<p>El Davis 6490 mide la porci\u00f3n de quemaduras solares del espectro UV. Le permite mostrar el \u00edndice UV, la tasa de dosis y la dosis diaria y acumulada.<\/p>\n<p>CARACTER\u00cdSTICAS.<\/p>\n<p>Estos sensores UV de Davis tienen un filtro multicapa que proporciona una respuesta espectral que se asemeja mucho al espectro de acci\u00f3n del eritema. Davis 6490 cuenta con un difusor que proporciona una excelente respuesta al coseno. La carcasa de dos piezas minimiza el calentamiento por radiaci\u00f3n, permite el enfriamiento por convecci\u00f3n del sensor y evita la acumulaci\u00f3n de agua o polvo. Para montar junto a un colector de lluvia, agregue nuestro estante de montaje de sensor (no incluido).<\/p>\n<p>Incluye cable de 4 &#8216;(1,2 m). (Cuando se vende preinstalado en un Vantage Pro2 Plus, incluye un cable de 3 &#8216;(0,9 m)). Utilice un cable alargador est\u00e1ndar de 4 conductores. La longitud m\u00e1xima del cable es de 125 &#8216;(38 m) desde el sensor hasta el conjunto de sensores integrados.<\/p>\n<p>TODOS NUESTROS PRODUCTOS SON NUEVOS Y 100% ORIGINALES.<\/p>\n<p>Por favor cont\u00e1ctenos por mensajer\u00eda si no est\u00e1 seguro o tiene alguna duda.<\/p>\n<p>Por favor revise bien las caracter\u00edsticas y las condiciones de este producto, antes de comprar. Recuerde que no se aceptan devoluciones de dinero ni de productos, solo opera el cambio de producto por garant\u00eda.<\/p>\n<p>&nbsp;<\/p>\n","protected":false},"excerpt":{"rendered":"<p>El Davis 6490 mide la porci\u00f3n de quemaduras solares del espectro UV. Le permite mostrar el \u00edndice UV, la tasa de dosis y la dosis diaria y acumulada.<\/p>\n","protected":false},"featured_media":2560,"comment_status":"open","ping_status":"closed","template":"","meta":[],"pwb-brand":[664],"etheme_brands":[{"term_id":152,"name":"DAVIS INSTRUMENTS","slug":"davis-instruments","term_group":0,"term_taxonomy_id":152,"taxonomy":"brand","description":"","parent":0,"count":12,"filter":"raw"}],"product_brand":[],"product_cat":[149],"product_tag":[57,58,60],"class_list":{"0":"post-2261","1":"product","2":"type-product","3":"status-publish","4":"has-post-thumbnail","6":"pwb-brand-davis-instruments","7":"brand-davis-instruments","8":"product_cat-estaciones-meteorologicas","9":"product_tag-estacin-meteorolgica-domstica","10":"product_tag-instrumento-meteorologico","11":"product_tag-jack-and-jones","13":"first","14":"instock","15":"taxable","16":"shipping-taxable","17":"purchasable","18":"product-type-simple"},"brands":[{"id":664,"name":"DAVIS INSTRUMENTS","slug":"davis-instruments"}],"_links":{"self":[{"href":"https:\/\/seic.com.co\/index.php\/wp-json\/wp\/v2\/product\/2261","targetHints":{"allow":["GET"]}}],"collection":[{"href":"https:\/\/seic.com.co\/index.php\/wp-json\/wp\/v2\/product"}],"about":[{"href":"https:\/\/seic.com.co\/index.php\/wp-json\/wp\/v2\/types\/product"}],"replies":[{"embeddable":true,"href":"https:\/\/seic.com.co\/index.php\/wp-json\/wp\/v2\/comments?post=2261"}],"version-history":[{"count":3,"href":"https:\/\/seic.com.co\/index.php\/wp-json\/wp\/v2\/product\/2261\/revisions"}],"predecessor-version":[{"id":2604,"href":"https:\/\/seic.com.co\/index.php\/wp-json\/wp\/v2\/product\/2261\/revisions\/2604"}],"wp:featuredmedia":[{"embeddable":true,"href":"https:\/\/seic.com.co\/index.php\/wp-json\/wp\/v2\/media\/2560"}],"wp:attachment":[{"href":"https:\/\/seic.com.co\/index.php\/wp-json\/wp\/v2\/media?parent=2261"}],"wp:term":[{"taxonomy":"pwb-brand","embeddable":true,"href":"https:\/\/seic.com.co\/index.php\/wp-json\/wp\/v2\/pwb-brand?post=2261"},{"taxonomy":"brand","embeddable":true,"href":"https:\/\/seic.com.co\/index.php\/wp-json\/wp\/v2\/etheme_brands?post=2261"},{"taxonomy":"product_brand","embeddable":true,"href":"https:\/\/seic.com.co\/index.php\/wp-json\/wp\/v2\/product_brand?post=2261"},{"taxonomy":"product_cat","embeddable":true,"href":"https:\/\/seic.com.co\/index.php\/wp-json\/wp\/v2\/product_cat?post=2261"},{"taxonomy":"product_tag","embeddable":true,"href":"https:\/\/seic.com.co\/index.php\/wp-json\/wp\/v2\/product_tag?post=2261"}],"curies":[{"name":"wp","href":"https:\/\/api.w.org\/{rel}","templated":true}]}}