{"id":2300,"date":"2023-08-04T04:18:28","date_gmt":"2023-08-04T04:18:28","guid":{"rendered":"https:\/\/seic.com.co\/?post_type=product&#038;p=2300"},"modified":"2023-08-22T19:35:41","modified_gmt":"2023-08-22T19:35:41","slug":"test-4-seneca","status":"publish","type":"product","link":"https:\/\/seic.com.co\/index.php\/product\/test-4-seneca\/","title":{"rendered":"TEST-4 SENECA"},"content":{"rendered":"<p><strong>GENERADOR, MEDIDOR PORT\u00c1TIL DE V-MA<\/strong><\/p>\n<p>El TEST-4, es un soporte v\u00e1lido para sesiones de calibraci\u00f3n, ensayos de laboratorio y para simulaci\u00f3n de medidas anal\u00f3gicas controladas por dispositivos industriales (PLC, reguladores, sistemas de adquisici\u00f3n de datos, etc&#8230;). Con una precisi\u00f3n total inferior al 0,1%, una resoluci\u00f3n de un \u00b5A y un mV; El TEST-4 garantiza resultados de calibraci\u00f3n \u00f3ptimos. Permite la simulaci\u00f3n tanto de rampas de tensi\u00f3n como de corriente (activa o pasiva).<\/p>\n<p>El TEST-4 puede ser alimentado desde la red de 220 Vac mediante un alimentador especial o con 2 bater\u00edas NiMh que aseguran una autonom\u00eda media de 20 horas.<\/p>\n<p><strong>El equipo incluye:<\/strong><\/p>\n<p>El Generador\/medidor port\u00e1til TEST-4<\/p>\n<p>Un par de cables de prueba<\/p>\n<p>2 pilas AA Ni-Mh<\/p>\n<p>Fuente de Alimentaci\u00f3n de Carga<\/p>\n<p>Malet\u00edn de Transporte a prueba de golpes<\/p>\n","protected":false},"excerpt":{"rendered":"<p>GENERADOR, MEDIDOR PORT\u00c1TIL DE V-MA<\/p>\n<p>El TEST-4, es un soporte v\u00e1lido para sesiones de calibraci\u00f3n, ensayos de laboratorio y para simulaci\u00f3n de medidas anal\u00f3gicas controladas por dispositivos industriales (PLC, reguladores, sistemas de adquisici\u00f3n de datos, etc&#8230;). Con una precisi\u00f3n total inferior al 0,1%, una resoluci\u00f3n de un \u00b5A y un mV; El TEST-4 garantiza resultados de calibraci\u00f3n \u00f3ptimos. Permite la simulaci\u00f3n tanto de rampas de tensi\u00f3n como de corriente (activa o pasiva).<\/p>\n<p>El TEST-4 puede ser alimentado desde la red de 220 Vac mediante un alimentador especial o con 2 bater\u00edas NiMh que aseguran una autonom\u00eda media de 20 horas.<\/p>\n<p>El equipo incluye:<\/p>\n<p>El Generador\/medidor port\u00e1til TEST-4<\/p>\n<p>Un par de cables de prueba<\/p>\n<p>2 pilas AA Ni-Mh<\/p>\n<p>Fuente de Alimentaci\u00f3n de Carga<\/p>\n<p>Malet\u00edn de Transporte a prueba de golpes<\/p>\n<p>Tiempo de Entrega: 2 Semanas<\/p>\n","protected":false},"featured_media":2586,"comment_status":"open","ping_status":"closed","template":"","meta":[],"pwb-brand":[663],"etheme_brands":[],"product_brand":[],"product_cat":[150],"product_tag":[92,93,54,94],"class_list":{"0":"post-2300","1":"product","2":"type-product","3":"status-publish","4":"has-post-thumbnail","6":"pwb-brand-seneca","7":"product_cat-acondicionadores-de-senal","8":"product_tag-generador-seneca","9":"product_tag-multimetro","10":"product_tag-seneca","11":"product_tag-test-4","13":"first","14":"instock","15":"taxable","16":"shipping-taxable","17":"purchasable","18":"product-type-simple"},"brands":[{"id":663,"name":"SENECA","slug":"seneca"}],"_links":{"self":[{"href":"https:\/\/seic.com.co\/index.php\/wp-json\/wp\/v2\/product\/2300","targetHints":{"allow":["GET"]}}],"collection":[{"href":"https:\/\/seic.com.co\/index.php\/wp-json\/wp\/v2\/product"}],"about":[{"href":"https:\/\/seic.com.co\/index.php\/wp-json\/wp\/v2\/types\/product"}],"replies":[{"embeddable":true,"href":"https:\/\/seic.com.co\/index.php\/wp-json\/wp\/v2\/comments?post=2300"}],"version-history":[{"count":3,"href":"https:\/\/seic.com.co\/index.php\/wp-json\/wp\/v2\/product\/2300\/revisions"}],"predecessor-version":[{"id":2601,"href":"https:\/\/seic.com.co\/index.php\/wp-json\/wp\/v2\/product\/2300\/revisions\/2601"}],"wp:featuredmedia":[{"embeddable":true,"href":"https:\/\/seic.com.co\/index.php\/wp-json\/wp\/v2\/media\/2586"}],"wp:attachment":[{"href":"https:\/\/seic.com.co\/index.php\/wp-json\/wp\/v2\/media?parent=2300"}],"wp:term":[{"taxonomy":"pwb-brand","embeddable":true,"href":"https:\/\/seic.com.co\/index.php\/wp-json\/wp\/v2\/pwb-brand?post=2300"},{"taxonomy":"brand","embeddable":true,"href":"https:\/\/seic.com.co\/index.php\/wp-json\/wp\/v2\/etheme_brands?post=2300"},{"taxonomy":"product_brand","embeddable":true,"href":"https:\/\/seic.com.co\/index.php\/wp-json\/wp\/v2\/product_brand?post=2300"},{"taxonomy":"product_cat","embeddable":true,"href":"https:\/\/seic.com.co\/index.php\/wp-json\/wp\/v2\/product_cat?post=2300"},{"taxonomy":"product_tag","embeddable":true,"href":"https:\/\/seic.com.co\/index.php\/wp-json\/wp\/v2\/product_tag?post=2300"}],"curies":[{"name":"wp","href":"https:\/\/api.w.org\/{rel}","templated":true}]}}