{"id":2301,"date":"2023-08-04T04:18:28","date_gmt":"2023-08-04T04:18:28","guid":{"rendered":"https:\/\/seic.com.co\/?post_type=product&#038;p=2301"},"modified":"2023-08-22T19:35:41","modified_gmt":"2023-08-22T19:35:41","slug":"r-8ai-8dido-seneca","status":"publish","type":"product","link":"https:\/\/seic.com.co\/index.php\/product\/r-8ai-8dido-seneca\/","title":{"rendered":"R-8AI-8DIDO SENECA"},"content":{"rendered":"<p>R-8AI-8DIDO, SENECA<\/p>\n<p>M\u00d3DULO ETHERNET CON 8 ENTRADAS ANAL\u00d3GICAS Y 8 ENTRADAS\/SALIDAS DIGITALES<\/p>\n<p>El R-8AI-8DIDO es un m\u00f3dulo digital mixto con doble puerto Ethernet de 10\/100 Mbps y puerto de programaci\u00f3n Micro USB frontal. El instrumento est\u00e1 dise\u00f1ado para necesidades de cableado flexible, espacios de instalaci\u00f3n reducidos, aplicaciones de alta densidad de E\/S con redes Ethernet integradas.<\/p>\n<p>El R-8AI-8DIDO tiene 8 entradas anal\u00f3gicas y 8 canales digitales que se pueden configurar individualmente como entrada o salida digital. El m\u00f3dulo est\u00e1 equipado con aislamiento entre entradas, salidas y otros circuitos de baja tensi\u00f3n igual a 1.500 Vac.<\/p>\n<p>La configuraci\u00f3n se puede realizar a trav\u00e9s de un software dedicado y un servidor web con soporte HTML5. La direcci\u00f3n IP, la direcci\u00f3n MAC y la versi\u00f3n de firmware asociadas con el m\u00f3dulo \u00fanico se pueden identificar o configurar en la red LAN utilizando la herramienta SDD (Seneca Discovery Device). R-8AI-8DIDO admite comunicaci\u00f3n ModBUS TCP-IP y serie RS485 con protocolo ModBUS RTU.<\/p>\n<p>El R-8AI-8DIDO se puede conectar en modo Ethernet en cadena con derivaci\u00f3n de fallas para garantizar la conexi\u00f3n Ethernet incluso en caso de falla de un m\u00f3dulo en la cadena. Las se\u00f1ales digitales se pueden duplicar en uno o m\u00e1s m\u00f3dulos en modo Peer to Peer (funcionalidad de espejo de E\/S). Otra funci\u00f3n avanzada es el \u201cModBUS Passthrough\u201d, gracias al cual el m\u00f3dulo puede desviar las solicitudes provenientes de Modbus TCP-IP a RS485, comport\u00e1ndose, de hecho, como una puerta de enlace.<\/p>\n","protected":false},"excerpt":{"rendered":"<p>R-8AI-8DIDO, SENECA<\/p>\n<p>M\u00d3DULO ETHERNET CON 8 ENTRADAS ANAL\u00d3GICAS Y 8 ENTRADAS\/SALIDAS DIGITALES<\/p>\n<p>El R-8AI-8DIDO es un m\u00f3dulo digital mixto con doble puerto Ethernet de 10\/100 Mbps y puerto de programaci\u00f3n Micro USB frontal. El instrumento est\u00e1 dise\u00f1ado para necesidades de cableado flexible, espacios de instalaci\u00f3n reducidos, aplicaciones de alta densidad de E\/S con redes Ethernet integradas.<\/p>\n<p>Tiempo de Entrega: 2 Semanas<\/p>\n","protected":false},"featured_media":2580,"comment_status":"open","ping_status":"closed","template":"","meta":[],"pwb-brand":[663],"etheme_brands":[],"product_brand":[],"product_cat":[150],"product_tag":[95,96,97,54],"class_list":{"0":"post-2301","1":"product","2":"type-product","3":"status-publish","4":"has-post-thumbnail","6":"pwb-brand-seneca","7":"product_cat-acondicionadores-de-senal","8":"product_tag-modbus","9":"product_tag-modulo-ethernet","10":"product_tag-r-8ai-8dido","11":"product_tag-seneca","13":"first","14":"instock","15":"taxable","16":"shipping-taxable","17":"purchasable","18":"product-type-simple"},"brands":[{"id":663,"name":"SENECA","slug":"seneca"}],"_links":{"self":[{"href":"https:\/\/seic.com.co\/index.php\/wp-json\/wp\/v2\/product\/2301","targetHints":{"allow":["GET"]}}],"collection":[{"href":"https:\/\/seic.com.co\/index.php\/wp-json\/wp\/v2\/product"}],"about":[{"href":"https:\/\/seic.com.co\/index.php\/wp-json\/wp\/v2\/types\/product"}],"replies":[{"embeddable":true,"href":"https:\/\/seic.com.co\/index.php\/wp-json\/wp\/v2\/comments?post=2301"}],"version-history":[{"count":3,"href":"https:\/\/seic.com.co\/index.php\/wp-json\/wp\/v2\/product\/2301\/revisions"}],"predecessor-version":[{"id":2497,"href":"https:\/\/seic.com.co\/index.php\/wp-json\/wp\/v2\/product\/2301\/revisions\/2497"}],"wp:featuredmedia":[{"embeddable":true,"href":"https:\/\/seic.com.co\/index.php\/wp-json\/wp\/v2\/media\/2580"}],"wp:attachment":[{"href":"https:\/\/seic.com.co\/index.php\/wp-json\/wp\/v2\/media?parent=2301"}],"wp:term":[{"taxonomy":"pwb-brand","embeddable":true,"href":"https:\/\/seic.com.co\/index.php\/wp-json\/wp\/v2\/pwb-brand?post=2301"},{"taxonomy":"brand","embeddable":true,"href":"https:\/\/seic.com.co\/index.php\/wp-json\/wp\/v2\/etheme_brands?post=2301"},{"taxonomy":"product_brand","embeddable":true,"href":"https:\/\/seic.com.co\/index.php\/wp-json\/wp\/v2\/product_brand?post=2301"},{"taxonomy":"product_cat","embeddable":true,"href":"https:\/\/seic.com.co\/index.php\/wp-json\/wp\/v2\/product_cat?post=2301"},{"taxonomy":"product_tag","embeddable":true,"href":"https:\/\/seic.com.co\/index.php\/wp-json\/wp\/v2\/product_tag?post=2301"}],"curies":[{"name":"wp","href":"https:\/\/api.w.org\/{rel}","templated":true}]}}