{"id":2302,"date":"2023-08-04T04:18:28","date_gmt":"2023-08-04T04:18:28","guid":{"rendered":"https:\/\/seic.com.co\/?post_type=product&#038;p=2302"},"modified":"2023-08-22T19:35:41","modified_gmt":"2023-08-22T19:35:41","slug":"convertidor-usb-uart-ttl","status":"publish","type":"product","link":"https:\/\/seic.com.co\/index.php\/product\/convertidor-usb-uart-ttl\/","title":{"rendered":"Convertidor USB &#8211; UART TTL"},"content":{"rendered":"<h2 id=\"\" class=\"\">Convertidor USB &#8211; UART TTL<\/h2>\n<p>EASY-USB es un convertidor de comunicaci\u00f3n serial que convierte la se\u00f1al serial del USB de la PC en una se\u00f1al serial en el est\u00e1ndar UART TTL y viceversa. El EASY-USB se puede utilizar para configurar dispositivos SENECA que tienen el puerto de configuraci\u00f3n TTL.<\/p>\n<p>Gracias al controlador suministrado, EASY-USB se configura como un puerto serie est\u00e1ndar, lo que permite su uso directamente a trav\u00e9s de cualquier software capaz de comunicarse con los puertos serie est\u00e1ndar del sistema operativo (COM1, COM2, etc.).<\/p>\n<p><span class=\"\">Equipamiento:<\/span><\/p>\n<p><span class=\"\">&#8211; Convertidor EASY-USB<\/span><\/p>\n<p><span class=\"\">&#8211; Cable serie CS-RJ10-AMP<\/span><\/p>\n<p><span class=\"\">&#8211; CD de soporte<\/span><\/p>\n","protected":false},"excerpt":{"rendered":"<h2 id=\"\" class=\"\">Convertidor USB &#8211; UART TTL<\/h2>\n<p>EASY-USB es un convertidor de comunicaci\u00f3n serial que convierte la se\u00f1al serial del USB de la PC en una se\u00f1al serial en el est\u00e1ndar UART TTL y viceversa. El EASY-USB se puede utilizar para configurar dispositivos SENECA que tienen el puerto de configuraci\u00f3n TTL.<\/p>\n<p>Gracias al controlador suministrado, EASY-USB se configura como un puerto serie est\u00e1ndar, lo que permite su uso directamente a trav\u00e9s de cualquier software capaz de comunicarse con los puertos serie est\u00e1ndar del sistema operativo (COM1, COM2, etc.).<\/p>\n<p><span class=\"\">Equipamiento:<\/span><\/p>\n<p><span class=\"\">&#8211; Convertidor EASY-USB<\/span><\/p>\n<p><span class=\"\">&#8211; Cable serie CS-RJ10-AMP<\/span><\/p>\n<p><span class=\"\">&#8211; CD de soporte<\/span><\/p>\n<p>Tiempo de Entrega: 2 Semanas<\/p>\n","protected":false},"featured_media":2587,"comment_status":"open","ping_status":"closed","template":"","meta":[],"pwb-brand":[663],"etheme_brands":[{"term_id":162,"name":"SENECA","slug":"seneca","term_group":0,"term_taxonomy_id":162,"taxonomy":"brand","description":"","parent":0,"count":167,"filter":"raw"}],"product_brand":[],"product_cat":[639],"product_tag":[98,99,54],"class_list":{"0":"post-2302","1":"product","2":"type-product","3":"status-publish","4":"has-post-thumbnail","6":"pwb-brand-seneca","7":"brand-seneca","8":"product_cat-accesorios-y-repuestos","9":"product_tag-convertidor-usb","10":"product_tag-easy-usb","11":"product_tag-seneca","13":"first","14":"instock","15":"taxable","16":"shipping-taxable","17":"purchasable","18":"product-type-simple"},"brands":[{"id":663,"name":"SENECA","slug":"seneca"}],"_links":{"self":[{"href":"https:\/\/seic.com.co\/index.php\/wp-json\/wp\/v2\/product\/2302","targetHints":{"allow":["GET"]}}],"collection":[{"href":"https:\/\/seic.com.co\/index.php\/wp-json\/wp\/v2\/product"}],"about":[{"href":"https:\/\/seic.com.co\/index.php\/wp-json\/wp\/v2\/types\/product"}],"replies":[{"embeddable":true,"href":"https:\/\/seic.com.co\/index.php\/wp-json\/wp\/v2\/comments?post=2302"}],"version-history":[{"count":4,"href":"https:\/\/seic.com.co\/index.php\/wp-json\/wp\/v2\/product\/2302\/revisions"}],"predecessor-version":[{"id":2597,"href":"https:\/\/seic.com.co\/index.php\/wp-json\/wp\/v2\/product\/2302\/revisions\/2597"}],"wp:featuredmedia":[{"embeddable":true,"href":"https:\/\/seic.com.co\/index.php\/wp-json\/wp\/v2\/media\/2587"}],"wp:attachment":[{"href":"https:\/\/seic.com.co\/index.php\/wp-json\/wp\/v2\/media?parent=2302"}],"wp:term":[{"taxonomy":"pwb-brand","embeddable":true,"href":"https:\/\/seic.com.co\/index.php\/wp-json\/wp\/v2\/pwb-brand?post=2302"},{"taxonomy":"brand","embeddable":true,"href":"https:\/\/seic.com.co\/index.php\/wp-json\/wp\/v2\/etheme_brands?post=2302"},{"taxonomy":"product_brand","embeddable":true,"href":"https:\/\/seic.com.co\/index.php\/wp-json\/wp\/v2\/product_brand?post=2302"},{"taxonomy":"product_cat","embeddable":true,"href":"https:\/\/seic.com.co\/index.php\/wp-json\/wp\/v2\/product_cat?post=2302"},{"taxonomy":"product_tag","embeddable":true,"href":"https:\/\/seic.com.co\/index.php\/wp-json\/wp\/v2\/product_tag?post=2302"}],"curies":[{"name":"wp","href":"https:\/\/api.w.org\/{rel}","templated":true}]}}