{"id":2303,"date":"2023-08-04T04:18:28","date_gmt":"2023-08-04T04:18:28","guid":{"rendered":"https:\/\/seic.com.co\/?post_type=product&#038;p=2303"},"modified":"2023-08-22T22:29:28","modified_gmt":"2023-08-22T22:29:28","slug":"tarjeta-servo-pro-bray","status":"publish","type":"product","link":"https:\/\/seic.com.co\/index.php\/product\/tarjeta-servo-pro-bray\/","title":{"rendered":"TARJETA SERVO PRO BRAY"},"content":{"rendered":"<p>El Servo Pro de la serie 70 de Bray proporciona un control y una supervisi\u00f3n completos del actuador el\u00e9ctrico S70 de Bray. La funci\u00f3n b\u00e1sica del Servo Pro es posicionar el actuador S70 en respuesta a una se\u00f1al de comando procedente de un controlador de procesos. El controlador del proceso contiene un punto de ajuste del proceso deseado introducido por el usuario, y supervisa continuamente la variable del proceso (como el caudal, el nivel del dep\u00f3sito, etc.) a trav\u00e9s de alg\u00fan tipo de sensor. La variaci\u00f3n de la se\u00f1al de comando al Servo Pro har\u00e1 que el actuador cambie de posici\u00f3n, lo que mover\u00e1 la v\u00e1lvula de control asociada para modificar la variable del proceso. El controlador del proceso calcula continuamente y transmite la se\u00f1al de comando apropiada al Servo Pro para mantener el proceso en el punto de ajuste deseado. La se\u00f1al de comando al Servo Pro puede ser de varios rangos de corriente DC, voltaje o resistencia seleccionados por interruptores de configuraci\u00f3n.<\/p>\n","protected":false},"excerpt":{"rendered":"<p>Tarjeta Servo Pro, para actuador el\u00e9ctrico Serie 70 a 110 VAC<\/p>\n<p>Tipo se\u00f1al mA 4- 20<\/p>\n<p>Tiempo de Entrega: Inmediato<\/p>\n","protected":false},"featured_media":2584,"comment_status":"open","ping_status":"closed","template":"","meta":[],"pwb-brand":[688],"etheme_brands":[{"term_id":689,"name":"BRAY","slug":"bray","term_group":0,"term_taxonomy_id":689,"taxonomy":"brand","description":"","parent":0,"count":1,"filter":"raw"}],"product_brand":[],"product_cat":[150],"product_tag":[100,101,102,103,104],"class_list":{"0":"post-2303","1":"product","2":"type-product","3":"status-publish","4":"has-post-thumbnail","6":"pwb-brand-bray","7":"brand-bray","8":"product_cat-acondicionadores-de-senal","9":"product_tag-bray","10":"product_tag-bray-controls","11":"product_tag-s70-bray","12":"product_tag-serie-70","13":"product_tag-servo-pro","15":"first","16":"instock","17":"taxable","18":"shipping-taxable","19":"purchasable","20":"product-type-simple"},"brands":[{"id":688,"name":"BRAY","slug":"bray"}],"_links":{"self":[{"href":"https:\/\/seic.com.co\/index.php\/wp-json\/wp\/v2\/product\/2303","targetHints":{"allow":["GET"]}}],"collection":[{"href":"https:\/\/seic.com.co\/index.php\/wp-json\/wp\/v2\/product"}],"about":[{"href":"https:\/\/seic.com.co\/index.php\/wp-json\/wp\/v2\/types\/product"}],"replies":[{"embeddable":true,"href":"https:\/\/seic.com.co\/index.php\/wp-json\/wp\/v2\/comments?post=2303"}],"version-history":[{"count":3,"href":"https:\/\/seic.com.co\/index.php\/wp-json\/wp\/v2\/product\/2303\/revisions"}],"predecessor-version":[{"id":2600,"href":"https:\/\/seic.com.co\/index.php\/wp-json\/wp\/v2\/product\/2303\/revisions\/2600"}],"wp:featuredmedia":[{"embeddable":true,"href":"https:\/\/seic.com.co\/index.php\/wp-json\/wp\/v2\/media\/2584"}],"wp:attachment":[{"href":"https:\/\/seic.com.co\/index.php\/wp-json\/wp\/v2\/media?parent=2303"}],"wp:term":[{"taxonomy":"pwb-brand","embeddable":true,"href":"https:\/\/seic.com.co\/index.php\/wp-json\/wp\/v2\/pwb-brand?post=2303"},{"taxonomy":"brand","embeddable":true,"href":"https:\/\/seic.com.co\/index.php\/wp-json\/wp\/v2\/etheme_brands?post=2303"},{"taxonomy":"product_brand","embeddable":true,"href":"https:\/\/seic.com.co\/index.php\/wp-json\/wp\/v2\/product_brand?post=2303"},{"taxonomy":"product_cat","embeddable":true,"href":"https:\/\/seic.com.co\/index.php\/wp-json\/wp\/v2\/product_cat?post=2303"},{"taxonomy":"product_tag","embeddable":true,"href":"https:\/\/seic.com.co\/index.php\/wp-json\/wp\/v2\/product_tag?post=2303"}],"curies":[{"name":"wp","href":"https:\/\/api.w.org\/{rel}","templated":true}]}}