{"id":2305,"date":"2023-08-04T04:18:28","date_gmt":"2023-08-04T04:18:28","guid":{"rendered":"https:\/\/seic.com.co\/?post_type=product&#038;p=2305"},"modified":"2023-08-22T19:35:41","modified_gmt":"2023-08-22T19:35:41","slug":"multimetro-fluke-117-con-voltaje-sin-contacto","status":"publish","type":"product","link":"https:\/\/seic.com.co\/index.php\/product\/multimetro-fluke-117-con-voltaje-sin-contacto\/","title":{"rendered":"MULT\u00cdMETRO FLUKE 117 CON VOLTAJE SIN CONTACTO"},"content":{"rendered":"<p><strong>CARACTER\u00cdSTICAS<\/strong><\/p>\n<p>Tecnolog\u00eda VoltAlert\u2122 para detecci\u00f3n de voltaje sin contacto<\/p>\n<p>Selecci\u00f3n autom\u00e1tica de voltaje CA\/CC AutoVolt<\/p>\n<p>LoZ: ayuda a prevenir lecturas falsas debido al voltaje fantasma<\/p>\n<p>Gran luz de fondo LED blanca para trabajar en \u00e1reas con poca iluminaci\u00f3n<\/p>\n<p>True-rms para mediciones precisas en cargas no lineales<\/p>\n<p>Mide 10 A (sobrecarga de 20 A durante 30 segundos)<\/p>\n<p>Resistencia, continuidad, frecuencia y capacitancia<\/p>\n<p>M\u00edn.\/m\u00e1x.\/promedio para registrar las fluctuaciones de la se\u00f1al<\/p>\n<p>Compatible con colgador magn\u00e9tico opcional (ToolPak\u2122) para operaci\u00f3n con manos libres<\/p>\n<p>Preciso y f\u00e1cil de usar<\/p>\n<p>Proporciona baja impedancia de entrada para ayudar a prevenir lecturas falsas debido al voltaje fantasma<\/p>\n<p>Clasificaci\u00f3n de seguridad CAT III 600 V<\/p>\n","protected":false},"excerpt":{"rendered":"<p><strong>MULT\u00cdMETRO FLUKE 117 CON VOLTAJE SIN CONTACTO<\/strong><\/p>\n<p>Realiza detecci\u00f3n de voltaje sin contacto y ayuda a prevenir lecturas falsas causadas por voltaje fantasma con tecnolog\u00eda VoltAlert integrada, AutoVolts y funciones LoZ.<\/p>\n<p>Esta herramienta viene con lecturas m\u00ednimas\/m\u00e1ximas\/promedio y mide la frecuencia, la capacitancia y una interfaz f\u00e1cil de usar; Probado para un uso seguro en entornos CAT III 600 V y dise\u00f1ado con varias caracter\u00edsticas para que sea m\u00e1s f\u00e1cil y r\u00e1pido obtener las medidas que necesita.<\/p>\n","protected":false},"featured_media":2575,"comment_status":"open","ping_status":"closed","template":"","meta":[],"pwb-brand":[667],"etheme_brands":[{"term_id":163,"name":"FLUKE","slug":"fluke","term_group":0,"term_taxonomy_id":163,"taxonomy":"brand","description":"","parent":0,"count":3,"filter":"raw"}],"product_brand":[],"product_cat":[155,161],"product_tag":[109,110,111,93],"class_list":{"0":"post-2305","1":"product","2":"type-product","3":"status-publish","4":"has-post-thumbnail","6":"pwb-brand-fluke","7":"brand-fluke","8":"product_cat-instrumentacion-industrial","9":"product_cat-otros","10":"product_tag-electricistas","11":"product_tag-fluke","12":"product_tag-fluke-117","13":"product_tag-multimetro","15":"first","16":"instock","17":"taxable","18":"shipping-taxable","19":"purchasable","20":"product-type-simple"},"brands":[{"id":667,"name":"FLUKE","slug":"fluke"}],"_links":{"self":[{"href":"https:\/\/seic.com.co\/index.php\/wp-json\/wp\/v2\/product\/2305","targetHints":{"allow":["GET"]}}],"collection":[{"href":"https:\/\/seic.com.co\/index.php\/wp-json\/wp\/v2\/product"}],"about":[{"href":"https:\/\/seic.com.co\/index.php\/wp-json\/wp\/v2\/types\/product"}],"replies":[{"embeddable":true,"href":"https:\/\/seic.com.co\/index.php\/wp-json\/wp\/v2\/comments?post=2305"}],"version-history":[{"count":4,"href":"https:\/\/seic.com.co\/index.php\/wp-json\/wp\/v2\/product\/2305\/revisions"}],"predecessor-version":[{"id":2596,"href":"https:\/\/seic.com.co\/index.php\/wp-json\/wp\/v2\/product\/2305\/revisions\/2596"}],"wp:featuredmedia":[{"embeddable":true,"href":"https:\/\/seic.com.co\/index.php\/wp-json\/wp\/v2\/media\/2575"}],"wp:attachment":[{"href":"https:\/\/seic.com.co\/index.php\/wp-json\/wp\/v2\/media?parent=2305"}],"wp:term":[{"taxonomy":"pwb-brand","embeddable":true,"href":"https:\/\/seic.com.co\/index.php\/wp-json\/wp\/v2\/pwb-brand?post=2305"},{"taxonomy":"brand","embeddable":true,"href":"https:\/\/seic.com.co\/index.php\/wp-json\/wp\/v2\/etheme_brands?post=2305"},{"taxonomy":"product_brand","embeddable":true,"href":"https:\/\/seic.com.co\/index.php\/wp-json\/wp\/v2\/product_brand?post=2305"},{"taxonomy":"product_cat","embeddable":true,"href":"https:\/\/seic.com.co\/index.php\/wp-json\/wp\/v2\/product_cat?post=2305"},{"taxonomy":"product_tag","embeddable":true,"href":"https:\/\/seic.com.co\/index.php\/wp-json\/wp\/v2\/product_tag?post=2305"}],"curies":[{"name":"wp","href":"https:\/\/api.w.org\/{rel}","templated":true}]}}