{"id":2306,"date":"2023-08-04T04:18:28","date_gmt":"2023-08-04T04:18:28","guid":{"rendered":"https:\/\/seic.com.co\/?post_type=product&#038;p=2306"},"modified":"2023-08-22T19:35:41","modified_gmt":"2023-08-22T19:35:41","slug":"pinza-amperimetrica-fluke-323","status":"publish","type":"product","link":"https:\/\/seic.com.co\/index.php\/product\/pinza-amperimetrica-fluke-323\/","title":{"rendered":"PINZA AMPERIM\u00c9TRICA FLUKE 323"},"content":{"rendered":"<p><strong>CARACTER\u00cdSTICAS<\/strong><\/p>\n<p>Dise\u00f1o delgado y ergon\u00f3mico<\/p>\n<p>Clasificaci\u00f3n de seguridad CAT IV 300 V\/CAT III 600 V<\/p>\n<p>Bot\u00f3n de espera<\/p>\n<p>Garant\u00eda de dos a\u00f1os<\/p>\n<p>Estuche de transporte blando<\/p>\n<p>&nbsp;<\/p>\n<p><strong>CAPACIDAD DE MEDICI\u00d3N<\/strong><\/p>\n<p>Medici\u00f3n de corriente CA de 400 A<\/p>\n<p>Medici\u00f3n de tensi\u00f3n de 600 V CA y CC<\/p>\n<p>Voltaje y corriente CA de verdadero valor eficaz para mediciones precisas en se\u00f1ales no lineales<\/p>\n<p>Medida de resistencia hasta 4 k\u03a9 con detecci\u00f3n de continuidad<\/p>\n<p>&nbsp;<\/p>\n<p><strong>ACCESORIOS INCLUIDOS<\/strong><\/p>\n<p>Cables de prueba<\/p>\n<p>Estuche blando<\/p>\n<p>Manual de usuario<\/p>\n","protected":false},"excerpt":{"rendered":"<p><strong>PINZA AMPERIM\u00c9TRICA FLUKE 323<\/strong><\/p>\n<p><strong>PINZA AMPERIM\u00c9TRICA FLUKE 323 DE VERDADERO VALOR EFICAZ, 400 A<\/strong><\/p>\n<p>Las mediciones de verdadero valor eficaz y la ergonom\u00eda optimizada hacen de las pinzas amperim\u00e9tricas de la serie 320 las mejores herramientas generales de soluci\u00f3n de problemas para electricistas comerciales y residenciales. El modelo Fluke 323 es ideal para mediciones de corriente de hasta 400 A en compartimentos de cables estrechos.<\/p>\n","protected":false},"featured_media":2577,"comment_status":"open","ping_status":"closed","template":"","meta":[],"pwb-brand":[667],"etheme_brands":[{"term_id":163,"name":"FLUKE","slug":"fluke","term_group":0,"term_taxonomy_id":163,"taxonomy":"brand","description":"","parent":0,"count":3,"filter":"raw"}],"product_brand":[],"product_cat":[155,161],"product_tag":[110,112,113],"class_list":{"0":"post-2306","1":"product","2":"type-product","3":"status-publish","4":"has-post-thumbnail","6":"pwb-brand-fluke","7":"brand-fluke","8":"product_cat-instrumentacion-industrial","9":"product_cat-otros","10":"product_tag-fluke","11":"product_tag-fluke-323","12":"product_tag-pinza-amperimetrica","14":"first","15":"instock","16":"taxable","17":"shipping-taxable","18":"purchasable","19":"product-type-simple"},"brands":[{"id":667,"name":"FLUKE","slug":"fluke"}],"_links":{"self":[{"href":"https:\/\/seic.com.co\/index.php\/wp-json\/wp\/v2\/product\/2306","targetHints":{"allow":["GET"]}}],"collection":[{"href":"https:\/\/seic.com.co\/index.php\/wp-json\/wp\/v2\/product"}],"about":[{"href":"https:\/\/seic.com.co\/index.php\/wp-json\/wp\/v2\/types\/product"}],"replies":[{"embeddable":true,"href":"https:\/\/seic.com.co\/index.php\/wp-json\/wp\/v2\/comments?post=2306"}],"version-history":[{"count":3,"href":"https:\/\/seic.com.co\/index.php\/wp-json\/wp\/v2\/product\/2306\/revisions"}],"predecessor-version":[{"id":2598,"href":"https:\/\/seic.com.co\/index.php\/wp-json\/wp\/v2\/product\/2306\/revisions\/2598"}],"wp:featuredmedia":[{"embeddable":true,"href":"https:\/\/seic.com.co\/index.php\/wp-json\/wp\/v2\/media\/2577"}],"wp:attachment":[{"href":"https:\/\/seic.com.co\/index.php\/wp-json\/wp\/v2\/media?parent=2306"}],"wp:term":[{"taxonomy":"pwb-brand","embeddable":true,"href":"https:\/\/seic.com.co\/index.php\/wp-json\/wp\/v2\/pwb-brand?post=2306"},{"taxonomy":"brand","embeddable":true,"href":"https:\/\/seic.com.co\/index.php\/wp-json\/wp\/v2\/etheme_brands?post=2306"},{"taxonomy":"product_brand","embeddable":true,"href":"https:\/\/seic.com.co\/index.php\/wp-json\/wp\/v2\/product_brand?post=2306"},{"taxonomy":"product_cat","embeddable":true,"href":"https:\/\/seic.com.co\/index.php\/wp-json\/wp\/v2\/product_cat?post=2306"},{"taxonomy":"product_tag","embeddable":true,"href":"https:\/\/seic.com.co\/index.php\/wp-json\/wp\/v2\/product_tag?post=2306"}],"curies":[{"name":"wp","href":"https:\/\/api.w.org\/{rel}","templated":true}]}}