{"id":2307,"date":"2023-08-04T04:18:28","date_gmt":"2023-08-04T04:18:28","guid":{"rendered":"https:\/\/seic.com.co\/?post_type=product&#038;p=2307"},"modified":"2023-10-28T16:40:38","modified_gmt":"2023-10-28T16:40:38","slug":"calibrador-de-temperatura-infrarrojo-ir-bx-500-932-f-500-c","status":"publish","type":"product","link":"https:\/\/seic.com.co\/index.php\/product\/calibrador-de-temperatura-infrarrojo-ir-bx-500-932-f-500-c\/","title":{"rendered":"Calibrador de temperatura infrarrojo (IR) BX-500, 932 \u00b0F &#8211; 500 \u00b0C"},"content":{"rendered":"<table>\n<tbody>\n<tr>\n<td>Rango de temperatura<\/td>\n<td><span class=\"\">122 a 932\u00b0F (50 a 500\u00b0C)<\/span><\/td>\n<\/tr>\n<tr>\n<td>Exactitud<\/td>\n<td>\u2264212 \u00b0F (100 \u00b0C): \u00b11,6 \u00b0F (0,8 \u00b0C)212 a 392 \u00b0F (100 a 200 \u00b0C):<\/p>\n<p>\u00b13,2 \u00b0F (1,6 \u00b0C)<\/p>\n<p>392 a 932 \u00b0F (200 a 500 \u00b0C):<\/p>\n<p>\u00b15,6 \u00b0F (2,8 \u00b0C)<\/td>\n<\/tr>\n<tr>\n<td>Estabilidad<\/td>\n<td>\u2264212 \u00b0F (100 \u00b0C): \u00b10,2 \u00b0F (0,1 \u00b0C)212 a 392 \u00b0F (100 a 200 \u00b0C):<\/p>\n<p>\u00b10,4 \u00b0F (0,2 \u00b0C)<\/p>\n<p>392 a 932 \u00b0F (200 a 500 \u00b0C):<\/p>\n<p>\u00b10,8 \u00b0F (0,4 \u00b0C)<\/td>\n<\/tr>\n<tr>\n<td>Resoluci\u00f3n<\/td>\n<td>0,1 \u00b0F (0,1 \u00b0C)<\/td>\n<\/tr>\n<tr>\n<td>Emisividad objetivo<\/td>\n<td>0,95 (fijo)<\/td>\n<\/tr>\n<tr>\n<td>Tiempo de calentamiento<\/td>\n<td>Aprox.<\/p>\n<p>30 minutos al m\u00e1ximo<\/td>\n<\/tr>\n<tr>\n<td>Tiempo de enfriamiento<\/td>\n<td>Aprox.<\/p>\n<p>30 minutos a 122 \u00b0F (100 \u00b0C)<\/td>\n<\/tr>\n<tr>\n<td>Di\u00e1metro de apertura<\/td>\n<td>2,28&#8243;&#8221; (58 mm)<\/td>\n<\/tr>\n<tr>\n<td>Mostrar<\/td>\n<td>Doble LED<\/td>\n<\/tr>\n<tr>\n<td>Fuente de alimentaci\u00f3n<\/td>\n<td>110 V CA, 2,5 A<\/td>\n<\/tr>\n<tr>\n<td>Certificaciones de productos<\/td>\n<td>CE<\/td>\n<\/tr>\n<tr>\n<td>Temperatura de funcionamiento<\/td>\n<td>41 a 95\u00b0F (5 a 35\u00b0C)<\/td>\n<\/tr>\n<tr>\n<td>Temperatura de almacenamiento<\/td>\n<td>-4 a 140 \u00b0F (-20 a 60 \u00b0C)<\/td>\n<\/tr>\n<tr>\n<td>Humedad de funcionamiento<\/td>\n<td>15 a 80%<\/td>\n<\/tr>\n<tr>\n<td>Dimensiones<\/td>\n<td>7,1 x 4,5 x 8,8&#8243;&#8221; (180 x 114 x 233 mm)<\/td>\n<\/tr>\n<tr>\n<td>Peso<\/td>\n<td>6,6 libras (3 kg)<\/td>\n<\/tr>\n<\/tbody>\n<\/table>\n","protected":false},"excerpt":{"rendered":"<p>Este calibrador de temperatura por infrarrojos proporciona temperaturas precisas para calibrar instrumentos de temperatura sin contacto. El BX-500 es capaz de generar temperaturas de hasta 932 \u00b0F (500 \u00b0C) y est\u00e1 dise\u00f1ado para adaptarse a varios term\u00f3metros infrarrojos.<\/p>\n<p>Caracter\u00edsticas<\/p>\n<p>Para calibrar instrumentos de temperatura sin contacto (term\u00f3metros infrarrojos, pir\u00f3metros y c\u00e1maras termogr\u00e1ficas)<\/p>\n<p>La amplia apertura compensa las variaciones del term\u00f3metro infrarrojo \u00f3ptico<\/p>\n<p>Comun\u00edquese con el pozo de referencia RTD ubicado directamente detr\u00e1s del objetivo de cuerpo negro para asegurar resultados precisos<\/p>\n","protected":false},"featured_media":2595,"comment_status":"open","ping_status":"closed","template":"","meta":[],"pwb-brand":[687],"etheme_brands":[{"term_id":686,"name":"REED","slug":"reed","term_group":0,"term_taxonomy_id":686,"taxonomy":"brand","description":"","parent":0,"count":1,"filter":"raw"}],"product_brand":[],"product_cat":[155,157],"product_tag":[114,115,116,117],"class_list":{"0":"post-2307","1":"product","2":"type-product","3":"status-publish","4":"has-post-thumbnail","6":"pwb-brand-reed","7":"brand-reed","8":"product_cat-instrumentacion-industrial","9":"product_cat-temperatura","10":"product_tag-bx-500","11":"product_tag-calibrador-de-temperatura","12":"product_tag-ir-calibrator","13":"product_tag-temperatura-infrarroja","15":"first","16":"instock","17":"taxable","18":"shipping-taxable","19":"purchasable","20":"product-type-simple"},"brands":[{"id":687,"name":"REED","slug":"reed"}],"_links":{"self":[{"href":"https:\/\/seic.com.co\/index.php\/wp-json\/wp\/v2\/product\/2307","targetHints":{"allow":["GET"]}}],"collection":[{"href":"https:\/\/seic.com.co\/index.php\/wp-json\/wp\/v2\/product"}],"about":[{"href":"https:\/\/seic.com.co\/index.php\/wp-json\/wp\/v2\/types\/product"}],"replies":[{"embeddable":true,"href":"https:\/\/seic.com.co\/index.php\/wp-json\/wp\/v2\/comments?post=2307"}],"version-history":[{"count":3,"href":"https:\/\/seic.com.co\/index.php\/wp-json\/wp\/v2\/product\/2307\/revisions"}],"predecessor-version":[{"id":2504,"href":"https:\/\/seic.com.co\/index.php\/wp-json\/wp\/v2\/product\/2307\/revisions\/2504"}],"wp:featuredmedia":[{"embeddable":true,"href":"https:\/\/seic.com.co\/index.php\/wp-json\/wp\/v2\/media\/2595"}],"wp:attachment":[{"href":"https:\/\/seic.com.co\/index.php\/wp-json\/wp\/v2\/media?parent=2307"}],"wp:term":[{"taxonomy":"pwb-brand","embeddable":true,"href":"https:\/\/seic.com.co\/index.php\/wp-json\/wp\/v2\/pwb-brand?post=2307"},{"taxonomy":"brand","embeddable":true,"href":"https:\/\/seic.com.co\/index.php\/wp-json\/wp\/v2\/etheme_brands?post=2307"},{"taxonomy":"product_brand","embeddable":true,"href":"https:\/\/seic.com.co\/index.php\/wp-json\/wp\/v2\/product_brand?post=2307"},{"taxonomy":"product_cat","embeddable":true,"href":"https:\/\/seic.com.co\/index.php\/wp-json\/wp\/v2\/product_cat?post=2307"},{"taxonomy":"product_tag","embeddable":true,"href":"https:\/\/seic.com.co\/index.php\/wp-json\/wp\/v2\/product_tag?post=2307"}],"curies":[{"name":"wp","href":"https:\/\/api.w.org\/{rel}","templated":true}]}}