{"id":2329,"date":"2023-08-04T13:37:51","date_gmt":"2023-08-04T13:37:51","guid":{"rendered":"https:\/\/seic.com.co\/?post_type=product&#038;p=2329"},"modified":"2025-05-30T22:17:45","modified_gmt":"2025-05-30T22:17:45","slug":"bomba_dosificadora_electromagnetica_diafragma","status":"publish","type":"product","link":"https:\/\/seic.com.co\/index.php\/product\/bomba_dosificadora_electromagnetica_diafragma\/","title":{"rendered":"BOMBA DOSIFICADORA ELECTROMAGN\u00c9TICA DE DIAFRAGMA"},"content":{"rendered":"<p>BOMBA DOSIFICADORA ELECTROMAGN\u00c9TICA DE DIAFRAGMA<\/p>\n<p>Serie PD<\/p>\n<p>Marca: LIQUID METRONICS \/ MILTON ROY<\/p>\n<p>Modelo: PD041-927NP<\/p>\n<p>Flujo m\u00e1ximo: 0.68 GPH (16.3 GPH) @ Presi\u00f3n: 250 PSI<\/p>\n<p>Cabezal y v\u00e1lvulas en: 316SS.<\/p>\n<p>Control de capacidad simplificado con una longitud de Carrera Constante para mantener la calibraci\u00f3n en todo el rango ajustable.<\/p>\n<p>Alimentaci\u00f3n Universal de 115-230 V, 50\/60 Hz<\/p>\n<p>Construcci\u00f3n robusta de carcasa NEMA 4X\/IP 65 para los entornos m\u00e1s agresivos e instalaci\u00f3n al aire libre.<\/p>\n<p>Visc.: 350 cP<\/p>\n<p>Conexi\u00f3n: 1\/4\u201d NPT<\/p>\n<p>Incluye: V\u00e1lvula cheque de succi\u00f3n, V\u00e1lvula de descarga y manual de Instrucciones<\/p>\n","protected":false},"excerpt":{"rendered":"<p>BOMBA DOSIFICADORA ELECTROMAGN\u00c9TICA DE DIAFRAGMA<\/p>\n<p>Serie PD<\/p>\n<p>Marca: LIQUID METRONICS \/ MILTON ROY<\/p>\n<p>Modelo: PD041-927NP<\/p>\n<p>Flujo m\u00e1ximo: 0.68 GPH (16.3 GPH) @ Presi\u00f3n: 250 PSI<\/p>\n<p>Cabezal y v\u00e1lvulas en: 316SS.<\/p>\n<p>Control de capacidad simplificado con una longitud de Carrera Constante para mantener la calibraci\u00f3n en todo el rango ajustable.<\/p>\n<p>Alimentaci\u00f3n Universal de 115-230 V, 50\/60 Hz<\/p>\n<p>Construcci\u00f3n robusta de carcasa NEMA 4X\/IP 65 para los entornos m\u00e1s agresivos e instalaci\u00f3n al aire libre.<\/p>\n<p>Visc.: 350 cP<\/p>\n<p>Conexi\u00f3n: 1\/4\u201d NPT<\/p>\n<p>Incluye: V\u00e1lvula cheque de succi\u00f3n, V\u00e1lvula de descarga y manual de Instrucciones<\/p>\n","protected":false},"featured_media":2594,"comment_status":"open","ping_status":"closed","template":"","meta":[],"pwb-brand":[666],"etheme_brands":[{"term_id":185,"name":"MILTON ROY","slug":"milton_roy","term_group":0,"term_taxonomy_id":185,"taxonomy":"brand","description":"","parent":0,"count":1,"filter":"raw"}],"product_brand":[],"product_cat":[156],"product_tag":[100,101,102,103,104],"class_list":{"0":"post-2329","1":"product","2":"type-product","3":"status-publish","4":"has-post-thumbnail","6":"pwb-brand-milton_roy","7":"brand-milton_roy","8":"product_cat-presion","9":"product_tag-bray","10":"product_tag-bray-controls","11":"product_tag-s70-bray","12":"product_tag-serie-70","13":"product_tag-servo-pro","15":"first","16":"instock","17":"taxable","18":"shipping-taxable","19":"purchasable","20":"product-type-simple"},"brands":[{"id":666,"name":"MILTON ROY","slug":"milton_roy"}],"_links":{"self":[{"href":"https:\/\/seic.com.co\/index.php\/wp-json\/wp\/v2\/product\/2329","targetHints":{"allow":["GET"]}}],"collection":[{"href":"https:\/\/seic.com.co\/index.php\/wp-json\/wp\/v2\/product"}],"about":[{"href":"https:\/\/seic.com.co\/index.php\/wp-json\/wp\/v2\/types\/product"}],"replies":[{"embeddable":true,"href":"https:\/\/seic.com.co\/index.php\/wp-json\/wp\/v2\/comments?post=2329"}],"version-history":[{"count":3,"href":"https:\/\/seic.com.co\/index.php\/wp-json\/wp\/v2\/product\/2329\/revisions"}],"predecessor-version":[{"id":2332,"href":"https:\/\/seic.com.co\/index.php\/wp-json\/wp\/v2\/product\/2329\/revisions\/2332"}],"wp:featuredmedia":[{"embeddable":true,"href":"https:\/\/seic.com.co\/index.php\/wp-json\/wp\/v2\/media\/2594"}],"wp:attachment":[{"href":"https:\/\/seic.com.co\/index.php\/wp-json\/wp\/v2\/media?parent=2329"}],"wp:term":[{"taxonomy":"pwb-brand","embeddable":true,"href":"https:\/\/seic.com.co\/index.php\/wp-json\/wp\/v2\/pwb-brand?post=2329"},{"taxonomy":"brand","embeddable":true,"href":"https:\/\/seic.com.co\/index.php\/wp-json\/wp\/v2\/etheme_brands?post=2329"},{"taxonomy":"product_brand","embeddable":true,"href":"https:\/\/seic.com.co\/index.php\/wp-json\/wp\/v2\/product_brand?post=2329"},{"taxonomy":"product_cat","embeddable":true,"href":"https:\/\/seic.com.co\/index.php\/wp-json\/wp\/v2\/product_cat?post=2329"},{"taxonomy":"product_tag","embeddable":true,"href":"https:\/\/seic.com.co\/index.php\/wp-json\/wp\/v2\/product_tag?post=2329"}],"curies":[{"name":"wp","href":"https:\/\/api.w.org\/{rel}","templated":true}]}}