{"id":2726,"date":"2023-08-15T13:49:11","date_gmt":"2023-08-15T13:49:11","guid":{"rendered":"https:\/\/seic.com.co\/?post_type=product&#038;p=2726"},"modified":"2023-08-22T19:35:47","modified_gmt":"2023-08-22T19:35:47","slug":"medidor-electromagnetico-de-flujo-flonet-fn20xx-1","status":"publish","type":"product","link":"https:\/\/seic.com.co\/index.php\/product\/medidor-electromagnetico-de-flujo-flonet-fn20xx-1\/","title":{"rendered":"MEDIDOR ELECTROMAGNETICO DE FLUJO FLONET FN20xx.1"},"content":{"rendered":"<p><strong>MEDIDOR DE FLUJO FN20XX.1<\/strong><\/p>\n<p>El caudal\u00edmetro electromagn\u00e9tico FLONET FN20xx.1 est\u00e1 destinado a la aplicaci\u00f3n profesional y medici\u00f3n de caudales de l\u00edquidos conductores de electricidad en sistemas de abastecimiento de agua y calor, industria alimentaria e industria qu\u00edmica.<\/p>\n<p>Cumplen los requisitos m\u00e1s exigentes en cuanto a alta precisi\u00f3n de medici\u00f3n, estabilidad a largo plazo y est\u00e1ndar higi\u00e9nico. Es posible realizar mediciones en ambas direcciones del flujo.<\/p>\n<p>El sensor del contador no tiene piezas mec\u00e1nicas m\u00f3viles y su inclusi\u00f3n en el sistema de tuber\u00edas no afectar\u00e1 a las condiciones hidr\u00e1ulicas o de presi\u00f3n del caudal.<\/p>\n<p>La unidad convertidora se encarga de la energizaci\u00f3n del sensor y del procesamiento de las se\u00f1ales del sensor, y tambi\u00e9n ofrece funciones de control de dosificaci\u00f3n de l\u00edquidos, detecci\u00f3n de tuber\u00edas vac\u00edas, diagn\u00f3stico interno del estado del contador, limpieza autom\u00e1tica de electrodos y selecci\u00f3n de unidades de caudal en la visualizaci\u00f3n de datos.<\/p>\n<p>El caudal\u00edmetro dispone de salidas de frecuencia, impulsos y corriente as\u00ed como interfaces para las l\u00edneas de comunicaci\u00f3n USB y RS 485.Calibraci\u00f3n de agua est\u00e1ndar en 3 puntos (el caudal m\u00e1ximo de calibraci\u00f3n es Qmax = 2200 m3\/hr.)<\/p>\n","protected":false},"excerpt":{"rendered":"<p><strong>MEDIDOR DE FLUJO FN20XX.1<\/strong><\/p>\n<p>Medidor de flujo destinado a liquidos conductores de electricidad con posibilidad medici\u00f3n en ambas direcciones del flujo.<\/p>\n<p>El caudal\u00edmetro dispone de salidas de frecuencia, impulsos y corriente (4-20mA), as\u00ed como interfaces para las l\u00edneas de comunicaci\u00f3n USB y RS 485.Alimentaci\u00f3n 115\/230 V CA (50-60 Hz)<\/p>\n","protected":false},"featured_media":2788,"comment_status":"open","ping_status":"closed","template":"","meta":[],"pwb-brand":[665],"etheme_brands":[{"term_id":164,"name":"ELIS PLZN","slug":"ellis_plzen","term_group":0,"term_taxonomy_id":164,"taxonomy":"brand","description":"","parent":0,"count":1,"filter":"raw"}],"product_brand":[],"product_cat":[159],"product_tag":[118,119,120,121,122,123,124,125,126,127],"class_list":{"0":"post-2726","1":"product","2":"type-product","3":"status-publish","4":"has-post-thumbnail","6":"pwb-brand-ellis_plzen","7":"brand-ellis_plzen","8":"product_cat-caudal","9":"product_tag-caudalimetro-electromagnetico","10":"product_tag-caudalimetro-flotnet","11":"product_tag-dn15","12":"product_tag-elis-plzen","13":"product_tag-fn20xx-1","14":"product_tag-medidor-de-flujo","15":"product_tag-medidor-de-flujo-electromagnetico","16":"product_tag-pn40","17":"product_tag-ptfe","18":"product_tag-seic","20":"first","21":"instock","22":"taxable","23":"shipping-taxable","24":"purchasable","25":"product-type-variable","26":"has-default-attributes"},"brands":[{"id":665,"name":"ELIS PLZN","slug":"ellis_plzen"}],"_links":{"self":[{"href":"https:\/\/seic.com.co\/index.php\/wp-json\/wp\/v2\/product\/2726","targetHints":{"allow":["GET"]}}],"collection":[{"href":"https:\/\/seic.com.co\/index.php\/wp-json\/wp\/v2\/product"}],"about":[{"href":"https:\/\/seic.com.co\/index.php\/wp-json\/wp\/v2\/types\/product"}],"replies":[{"embeddable":true,"href":"https:\/\/seic.com.co\/index.php\/wp-json\/wp\/v2\/comments?post=2726"}],"version-history":[{"count":2,"href":"https:\/\/seic.com.co\/index.php\/wp-json\/wp\/v2\/product\/2726\/revisions"}],"predecessor-version":[{"id":2790,"href":"https:\/\/seic.com.co\/index.php\/wp-json\/wp\/v2\/product\/2726\/revisions\/2790"}],"wp:featuredmedia":[{"embeddable":true,"href":"https:\/\/seic.com.co\/index.php\/wp-json\/wp\/v2\/media\/2788"}],"wp:attachment":[{"href":"https:\/\/seic.com.co\/index.php\/wp-json\/wp\/v2\/media?parent=2726"}],"wp:term":[{"taxonomy":"pwb-brand","embeddable":true,"href":"https:\/\/seic.com.co\/index.php\/wp-json\/wp\/v2\/pwb-brand?post=2726"},{"taxonomy":"brand","embeddable":true,"href":"https:\/\/seic.com.co\/index.php\/wp-json\/wp\/v2\/etheme_brands?post=2726"},{"taxonomy":"product_brand","embeddable":true,"href":"https:\/\/seic.com.co\/index.php\/wp-json\/wp\/v2\/product_brand?post=2726"},{"taxonomy":"product_cat","embeddable":true,"href":"https:\/\/seic.com.co\/index.php\/wp-json\/wp\/v2\/product_cat?post=2726"},{"taxonomy":"product_tag","embeddable":true,"href":"https:\/\/seic.com.co\/index.php\/wp-json\/wp\/v2\/product_tag?post=2726"}],"curies":[{"name":"wp","href":"https:\/\/api.w.org\/{rel}","templated":true}]}}