{"id":4059,"date":"2023-08-16T17:15:43","date_gmt":"2023-08-16T17:15:43","guid":{"rendered":"https:\/\/seic.com.co\/?post_type=product&#038;p=4059"},"modified":"2023-08-22T19:35:47","modified_gmt":"2023-08-22T19:35:47","slug":"k111","status":"publish","type":"product","link":"https:\/\/seic.com.co\/index.php\/product\/k111\/","title":{"rendered":"M\u00f3dulo K111"},"content":{"rendered":"<p>K111 es un umbral de frecuencia dual, con una frecuencia m\u00e1xima de 20 kHz y una precisi\u00f3n superior al 0,01 %. Funciona como repetidor\/duplicador\/reversor de se\u00f1al de entrada mientras que las dos salidas son equivalentes y programables individualmente para cualquier funci\u00f3n. La pantalla LED tambi\u00e9n es programable. El umbral puede activarse en los modos de superaci\u00f3n o reingreso de los valores m\u00e1ximo y m\u00ednimo, o para valores entre m\u00e1ximo y m\u00ednimo. Adicionalmente preconfigurado por solicitud<\/p>\n","protected":false},"excerpt":{"rendered":"<p>Amplificador de disparo de frecuencia de salida doble aislado<\/p>\n","protected":false},"featured_media":2828,"comment_status":"open","ping_status":"closed","template":"","meta":[],"pwb-brand":[663],"etheme_brands":[{"term_id":162,"name":"SENECA","slug":"seneca","term_group":0,"term_taxonomy_id":162,"taxonomy":"brand","description":"","parent":0,"count":167,"filter":"raw"}],"product_brand":[],"product_cat":[635],"product_tag":[244,242,243,245,127,54],"class_list":{"0":"post-4059","1":"product","2":"type-product","3":"status-publish","4":"has-post-thumbnail","6":"pwb-brand-seneca","7":"brand-seneca","8":"product_cat-convertidores-digitales","9":"product_tag-duplicador","10":"product_tag-k111","11":"product_tag-repetidor","12":"product_tag-reversor","13":"product_tag-seic","14":"product_tag-seneca","16":"first","17":"instock","18":"taxable","19":"shipping-taxable","20":"purchasable","21":"product-type-variable","22":"has-default-attributes"},"brands":[{"id":663,"name":"SENECA","slug":"seneca"}],"_links":{"self":[{"href":"https:\/\/seic.com.co\/index.php\/wp-json\/wp\/v2\/product\/4059","targetHints":{"allow":["GET"]}}],"collection":[{"href":"https:\/\/seic.com.co\/index.php\/wp-json\/wp\/v2\/product"}],"about":[{"href":"https:\/\/seic.com.co\/index.php\/wp-json\/wp\/v2\/types\/product"}],"replies":[{"embeddable":true,"href":"https:\/\/seic.com.co\/index.php\/wp-json\/wp\/v2\/comments?post=4059"}],"version-history":[{"count":2,"href":"https:\/\/seic.com.co\/index.php\/wp-json\/wp\/v2\/product\/4059\/revisions"}],"predecessor-version":[{"id":4410,"href":"https:\/\/seic.com.co\/index.php\/wp-json\/wp\/v2\/product\/4059\/revisions\/4410"}],"wp:featuredmedia":[{"embeddable":true,"href":"https:\/\/seic.com.co\/index.php\/wp-json\/wp\/v2\/media\/2828"}],"wp:attachment":[{"href":"https:\/\/seic.com.co\/index.php\/wp-json\/wp\/v2\/media?parent=4059"}],"wp:term":[{"taxonomy":"pwb-brand","embeddable":true,"href":"https:\/\/seic.com.co\/index.php\/wp-json\/wp\/v2\/pwb-brand?post=4059"},{"taxonomy":"brand","embeddable":true,"href":"https:\/\/seic.com.co\/index.php\/wp-json\/wp\/v2\/etheme_brands?post=4059"},{"taxonomy":"product_brand","embeddable":true,"href":"https:\/\/seic.com.co\/index.php\/wp-json\/wp\/v2\/product_brand?post=4059"},{"taxonomy":"product_cat","embeddable":true,"href":"https:\/\/seic.com.co\/index.php\/wp-json\/wp\/v2\/product_cat?post=4059"},{"taxonomy":"product_tag","embeddable":true,"href":"https:\/\/seic.com.co\/index.php\/wp-json\/wp\/v2\/product_tag?post=4059"}],"curies":[{"name":"wp","href":"https:\/\/api.w.org\/{rel}","templated":true}]}}