{"id":4060,"date":"2023-08-16T17:15:43","date_gmt":"2023-08-16T17:15:43","guid":{"rendered":"https:\/\/seic.com.co\/?post_type=product&#038;p=4060"},"modified":"2023-08-22T19:35:47","modified_gmt":"2023-08-22T19:35:47","slug":"k111d","status":"publish","type":"product","link":"https:\/\/seic.com.co\/index.php\/product\/k111d\/","title":{"rendered":"M\u00f3dulo K111D"},"content":{"rendered":"<p>K111D es un divisor de frecuencia (capaz de manejar hasta 256 pulsos en la entrada) con la funci\u00f3n de un repetidor de se\u00f1al de entrada. Dispone de alimentador aislado y estabilizado y LED frontal de estado de alimentaci\u00f3n y salidas. El aislamiento galv\u00e1nico para se\u00f1ales provenientes de sensores On\/Off es de 1.500 V. El m\u00f3dulo acepta varios tipos de se\u00f1ales de entrada, con frecuencia hasta 20 kHz, seleccionables para sensores de 2\/3 hilos: NPN 12\/24V, PNP, PNP 12\/ 24V, pulso fotoel\u00e9ctrico, contacto IEC 1131-1, Namur, Reed. Las 2 salidas independientes son salidas de alta corriente PNP (hasta 200 mA) con protecci\u00f3n interna contra cortocircuito. Tambi\u00e9n se pueden configurar en modo divisor o repetidor. El m\u00f3dulo se puede configurar v\u00eda PC usando el convertidor S117P1 o v\u00eda interruptor DIP. Adicionalmente preconfigurado por solicitud<\/p>\n","protected":false},"excerpt":{"rendered":"<p>Divisor-repetidor de frecuencia de 2 canales con 2 salidas aisladas<\/p>\n","protected":false},"featured_media":2828,"comment_status":"open","ping_status":"closed","template":"","meta":[],"pwb-brand":[663],"etheme_brands":[{"term_id":162,"name":"SENECA","slug":"seneca","term_group":0,"term_taxonomy_id":162,"taxonomy":"brand","description":"","parent":0,"count":167,"filter":"raw"}],"product_brand":[],"product_cat":[635],"product_tag":[247,246,243,127,54],"class_list":{"0":"post-4060","1":"product","2":"type-product","3":"status-publish","4":"has-post-thumbnail","6":"pwb-brand-seneca","7":"brand-seneca","8":"product_cat-convertidores-digitales","9":"product_tag-divisor-de-frecuencia","10":"product_tag-k111d","11":"product_tag-repetidor","12":"product_tag-seic","13":"product_tag-seneca","15":"first","16":"instock","17":"taxable","18":"shipping-taxable","19":"purchasable","20":"product-type-variable","21":"has-default-attributes"},"brands":[{"id":663,"name":"SENECA","slug":"seneca"}],"_links":{"self":[{"href":"https:\/\/seic.com.co\/index.php\/wp-json\/wp\/v2\/product\/4060","targetHints":{"allow":["GET"]}}],"collection":[{"href":"https:\/\/seic.com.co\/index.php\/wp-json\/wp\/v2\/product"}],"about":[{"href":"https:\/\/seic.com.co\/index.php\/wp-json\/wp\/v2\/types\/product"}],"replies":[{"embeddable":true,"href":"https:\/\/seic.com.co\/index.php\/wp-json\/wp\/v2\/comments?post=4060"}],"version-history":[{"count":2,"href":"https:\/\/seic.com.co\/index.php\/wp-json\/wp\/v2\/product\/4060\/revisions"}],"predecessor-version":[{"id":4411,"href":"https:\/\/seic.com.co\/index.php\/wp-json\/wp\/v2\/product\/4060\/revisions\/4411"}],"wp:featuredmedia":[{"embeddable":true,"href":"https:\/\/seic.com.co\/index.php\/wp-json\/wp\/v2\/media\/2828"}],"wp:attachment":[{"href":"https:\/\/seic.com.co\/index.php\/wp-json\/wp\/v2\/media?parent=4060"}],"wp:term":[{"taxonomy":"pwb-brand","embeddable":true,"href":"https:\/\/seic.com.co\/index.php\/wp-json\/wp\/v2\/pwb-brand?post=4060"},{"taxonomy":"brand","embeddable":true,"href":"https:\/\/seic.com.co\/index.php\/wp-json\/wp\/v2\/etheme_brands?post=4060"},{"taxonomy":"product_brand","embeddable":true,"href":"https:\/\/seic.com.co\/index.php\/wp-json\/wp\/v2\/product_brand?post=4060"},{"taxonomy":"product_cat","embeddable":true,"href":"https:\/\/seic.com.co\/index.php\/wp-json\/wp\/v2\/product_cat?post=4060"},{"taxonomy":"product_tag","embeddable":true,"href":"https:\/\/seic.com.co\/index.php\/wp-json\/wp\/v2\/product_tag?post=4060"}],"curies":[{"name":"wp","href":"https:\/\/api.w.org\/{rel}","templated":true}]}}