{"id":4063,"date":"2023-08-16T17:15:43","date_gmt":"2023-08-16T17:15:43","guid":{"rendered":"https:\/\/seic.com.co\/?post_type=product&#038;p=4063"},"modified":"2023-08-22T19:35:49","modified_gmt":"2023-08-22T19:35:49","slug":"k400cl","status":"publish","type":"product","link":"https:\/\/seic.com.co\/index.php\/product\/k400cl\/","title":{"rendered":"Protector K400CL"},"content":{"rendered":"<p>K400CL es una protecci\u00f3n contra sobretensiones para dispositivos de medici\u00f3n, control y regulaci\u00f3n. Puede ser utilizado en circuitos binarios y anal\u00f3gicos como se\u00f1ales de pulso 0-10 Vdc y lazo de corriente 0\/4..20mA. Disponible individual y x10 unidades<\/p>\n","protected":false},"excerpt":{"rendered":"<p>Protecci\u00f3n contra sobretensiones de se\u00f1ales anal\u00f3gicas y digitales, 6,2 slim<\/p>\n","protected":false},"featured_media":2832,"comment_status":"open","ping_status":"closed","template":"","meta":[],"pwb-brand":[663],"etheme_brands":[{"term_id":162,"name":"SENECA","slug":"seneca","term_group":0,"term_taxonomy_id":162,"taxonomy":"brand","description":"","parent":0,"count":167,"filter":"raw"}],"product_brand":[],"product_cat":[638],"product_tag":[257,258,127,54,259],"class_list":{"0":"post-4063","1":"product","2":"type-product","3":"status-publish","4":"has-post-thumbnail","6":"pwb-brand-seneca","7":"brand-seneca","8":"product_cat-protectores-de-sobretension","9":"product_tag-k400cl","10":"product_tag-protector","11":"product_tag-seic","12":"product_tag-seneca","13":"product_tag-sobretension","15":"first","16":"instock","17":"taxable","18":"shipping-taxable","19":"purchasable","20":"product-type-variable","21":"has-default-attributes"},"brands":[{"id":663,"name":"SENECA","slug":"seneca"}],"_links":{"self":[{"href":"https:\/\/seic.com.co\/index.php\/wp-json\/wp\/v2\/product\/4063","targetHints":{"allow":["GET"]}}],"collection":[{"href":"https:\/\/seic.com.co\/index.php\/wp-json\/wp\/v2\/product"}],"about":[{"href":"https:\/\/seic.com.co\/index.php\/wp-json\/wp\/v2\/types\/product"}],"replies":[{"embeddable":true,"href":"https:\/\/seic.com.co\/index.php\/wp-json\/wp\/v2\/comments?post=4063"}],"version-history":[{"count":2,"href":"https:\/\/seic.com.co\/index.php\/wp-json\/wp\/v2\/product\/4063\/revisions"}],"predecessor-version":[{"id":4414,"href":"https:\/\/seic.com.co\/index.php\/wp-json\/wp\/v2\/product\/4063\/revisions\/4414"}],"wp:featuredmedia":[{"embeddable":true,"href":"https:\/\/seic.com.co\/index.php\/wp-json\/wp\/v2\/media\/2832"}],"wp:attachment":[{"href":"https:\/\/seic.com.co\/index.php\/wp-json\/wp\/v2\/media?parent=4063"}],"wp:term":[{"taxonomy":"pwb-brand","embeddable":true,"href":"https:\/\/seic.com.co\/index.php\/wp-json\/wp\/v2\/pwb-brand?post=4063"},{"taxonomy":"brand","embeddable":true,"href":"https:\/\/seic.com.co\/index.php\/wp-json\/wp\/v2\/etheme_brands?post=4063"},{"taxonomy":"product_brand","embeddable":true,"href":"https:\/\/seic.com.co\/index.php\/wp-json\/wp\/v2\/product_brand?post=4063"},{"taxonomy":"product_cat","embeddable":true,"href":"https:\/\/seic.com.co\/index.php\/wp-json\/wp\/v2\/product_cat?post=4063"},{"taxonomy":"product_tag","embeddable":true,"href":"https:\/\/seic.com.co\/index.php\/wp-json\/wp\/v2\/product_tag?post=4063"}],"curies":[{"name":"wp","href":"https:\/\/api.w.org\/{rel}","templated":true}]}}