{"id":4067,"date":"2023-08-16T17:15:44","date_gmt":"2023-08-16T17:15:44","guid":{"rendered":"https:\/\/seic.com.co\/index.php\/product\/fh190-24\/"},"modified":"2023-08-22T19:35:46","modified_gmt":"2023-08-22T19:35:46","slug":"fh190-24","status":"publish","type":"product","link":"https:\/\/seic.com.co\/index.php\/product\/fh190-24\/","title":{"rendered":"Impresora FH190-24"},"content":{"rendered":"<p>Impresora industrial para instalaci\u00f3n en panel. Con su interfaz RS232 es adecuado para controladores de lotes SENECA como S20N1 y S21N1. F\u00e1cil instalaci\u00f3n y fijaci\u00f3n polivalente con diferentes espesores de panel. Detr\u00e1s del panel frontal todas las partes mec\u00e1nicas est\u00e1n posicionadas para facilitar la carga del papel.<\/p>\n","protected":false},"excerpt":{"rendered":"<p>Impresora de impacto, 9-40 Vdc, para S20N1 y S21N1<\/p>\n","protected":false},"featured_media":2816,"comment_status":"open","ping_status":"closed","template":"","meta":[],"pwb-brand":[663],"etheme_brands":[{"term_id":162,"name":"SENECA","slug":"seneca","term_group":0,"term_taxonomy_id":162,"taxonomy":"brand","description":"","parent":0,"count":167,"filter":"raw"}],"product_brand":[],"product_cat":[639],"product_tag":[216,217,127,54,218,219],"class_list":{"0":"post-4067","1":"product","2":"type-product","3":"status-publish","4":"has-post-thumbnail","6":"pwb-brand-seneca","7":"brand-seneca","8":"product_cat-accesorios-y-repuestos","9":"product_tag-fh190-24","10":"product_tag-impresora","11":"product_tag-seic","12":"product_tag-seneca","13":"product_tag-sn20n1","14":"product_tag-sn21n1","16":"first","17":"instock","18":"taxable","19":"shipping-taxable","20":"purchasable","21":"product-type-simple"},"brands":[{"id":663,"name":"SENECA","slug":"seneca"}],"_links":{"self":[{"href":"https:\/\/seic.com.co\/index.php\/wp-json\/wp\/v2\/product\/4067","targetHints":{"allow":["GET"]}}],"collection":[{"href":"https:\/\/seic.com.co\/index.php\/wp-json\/wp\/v2\/product"}],"about":[{"href":"https:\/\/seic.com.co\/index.php\/wp-json\/wp\/v2\/types\/product"}],"replies":[{"embeddable":true,"href":"https:\/\/seic.com.co\/index.php\/wp-json\/wp\/v2\/comments?post=4067"}],"version-history":[{"count":1,"href":"https:\/\/seic.com.co\/index.php\/wp-json\/wp\/v2\/product\/4067\/revisions"}],"predecessor-version":[{"id":4417,"href":"https:\/\/seic.com.co\/index.php\/wp-json\/wp\/v2\/product\/4067\/revisions\/4417"}],"wp:featuredmedia":[{"embeddable":true,"href":"https:\/\/seic.com.co\/index.php\/wp-json\/wp\/v2\/media\/2816"}],"wp:attachment":[{"href":"https:\/\/seic.com.co\/index.php\/wp-json\/wp\/v2\/media?parent=4067"}],"wp:term":[{"taxonomy":"pwb-brand","embeddable":true,"href":"https:\/\/seic.com.co\/index.php\/wp-json\/wp\/v2\/pwb-brand?post=4067"},{"taxonomy":"brand","embeddable":true,"href":"https:\/\/seic.com.co\/index.php\/wp-json\/wp\/v2\/etheme_brands?post=4067"},{"taxonomy":"product_brand","embeddable":true,"href":"https:\/\/seic.com.co\/index.php\/wp-json\/wp\/v2\/product_brand?post=4067"},{"taxonomy":"product_cat","embeddable":true,"href":"https:\/\/seic.com.co\/index.php\/wp-json\/wp\/v2\/product_cat?post=4067"},{"taxonomy":"product_tag","embeddable":true,"href":"https:\/\/seic.com.co\/index.php\/wp-json\/wp\/v2\/product_tag?post=4067"}],"curies":[{"name":"wp","href":"https:\/\/api.w.org\/{rel}","templated":true}]}}