{"id":4068,"date":"2023-08-16T17:15:44","date_gmt":"2023-08-16T17:15:44","guid":{"rendered":"https:\/\/seic.com.co\/index.php\/product\/k107a\/"},"modified":"2023-08-22T19:35:46","modified_gmt":"2023-08-22T19:35:46","slug":"k107a","status":"publish","type":"product","link":"https:\/\/seic.com.co\/index.php\/product\/k107a\/","title":{"rendered":"Convertidor K107A"},"content":{"rendered":"<p>K107A es un amplificador para l\u00ednea serie RS485. Se utiliza para ampliar tanto la longitud como el n\u00famero de dispositivos admitidos (m\u00e1ximo 32) en la l\u00ednea serie RS485. \u00datil tambi\u00e9n cuando se necesita una conexi\u00f3n en estrella que la habitual no es posible con la l\u00ednea RS485.<\/p>\n","protected":false},"excerpt":{"rendered":"<p>Convertidor repetidor serial optoaislado RS485\/RS485<\/p>\n","protected":false},"featured_media":2818,"comment_status":"open","ping_status":"closed","template":"","meta":[],"pwb-brand":[663],"etheme_brands":[{"term_id":162,"name":"SENECA","slug":"seneca","term_group":0,"term_taxonomy_id":162,"taxonomy":"brand","description":"","parent":0,"count":167,"filter":"raw"}],"product_brand":[],"product_cat":[640],"product_tag":[220,221,222,127,54],"class_list":{"0":"post-4068","1":"product","2":"type-product","3":"status-publish","4":"has-post-thumbnail","6":"pwb-brand-seneca","7":"brand-seneca","8":"product_cat-convertidores-seriales","9":"product_tag-k107a","10":"product_tag-repetidor-serial","11":"product_tag-rs485","12":"product_tag-seic","13":"product_tag-seneca","15":"first","16":"instock","17":"taxable","18":"shipping-taxable","19":"purchasable","20":"product-type-simple"},"brands":[{"id":663,"name":"SENECA","slug":"seneca"}],"_links":{"self":[{"href":"https:\/\/seic.com.co\/index.php\/wp-json\/wp\/v2\/product\/4068","targetHints":{"allow":["GET"]}}],"collection":[{"href":"https:\/\/seic.com.co\/index.php\/wp-json\/wp\/v2\/product"}],"about":[{"href":"https:\/\/seic.com.co\/index.php\/wp-json\/wp\/v2\/types\/product"}],"replies":[{"embeddable":true,"href":"https:\/\/seic.com.co\/index.php\/wp-json\/wp\/v2\/comments?post=4068"}],"version-history":[{"count":1,"href":"https:\/\/seic.com.co\/index.php\/wp-json\/wp\/v2\/product\/4068\/revisions"}],"predecessor-version":[{"id":4418,"href":"https:\/\/seic.com.co\/index.php\/wp-json\/wp\/v2\/product\/4068\/revisions\/4418"}],"wp:featuredmedia":[{"embeddable":true,"href":"https:\/\/seic.com.co\/index.php\/wp-json\/wp\/v2\/media\/2818"}],"wp:attachment":[{"href":"https:\/\/seic.com.co\/index.php\/wp-json\/wp\/v2\/media?parent=4068"}],"wp:term":[{"taxonomy":"pwb-brand","embeddable":true,"href":"https:\/\/seic.com.co\/index.php\/wp-json\/wp\/v2\/pwb-brand?post=4068"},{"taxonomy":"brand","embeddable":true,"href":"https:\/\/seic.com.co\/index.php\/wp-json\/wp\/v2\/etheme_brands?post=4068"},{"taxonomy":"product_brand","embeddable":true,"href":"https:\/\/seic.com.co\/index.php\/wp-json\/wp\/v2\/product_brand?post=4068"},{"taxonomy":"product_cat","embeddable":true,"href":"https:\/\/seic.com.co\/index.php\/wp-json\/wp\/v2\/product_cat?post=4068"},{"taxonomy":"product_tag","embeddable":true,"href":"https:\/\/seic.com.co\/index.php\/wp-json\/wp\/v2\/product_tag?post=4068"}],"curies":[{"name":"wp","href":"https:\/\/api.w.org\/{rel}","templated":true}]}}