{"id":4069,"date":"2023-08-16T17:15:44","date_gmt":"2023-08-16T17:15:44","guid":{"rendered":"https:\/\/seic.com.co\/index.php\/product\/k107b\/"},"modified":"2023-08-22T19:35:46","modified_gmt":"2023-08-22T19:35:46","slug":"k107b","status":"publish","type":"product","link":"https:\/\/seic.com.co\/index.php\/product\/k107b\/","title":{"rendered":"Convertidor K107B"},"content":{"rendered":"<p>El K107B est\u00e1 dise\u00f1ado para aceptar una sola entrada RS-485 semid\u00faplex y dar una salida RS-232 semid\u00faplex \u00fanica y aislada. El K107B es ideal para la mayor\u00eda de las conversiones en serie y transmisiones aisladas a largas distancias. Al ser un K-Liner, presenta una carcasa s\u00faper delgada, solo 102,5&#215;93,1&#215;6,2 mm. El K107B de montaje en riel DIN ofrece conectividad K-BUS opcional que permite un mayor ahorro en tiempo y cableado al unir las conexiones de suministro de energ\u00eda de 24 VCC nominales.<\/p>\n","protected":false},"excerpt":{"rendered":"<p>Convertidor\/aislador serie RS232 <-> RS485<\/p>\n","protected":false},"featured_media":2819,"comment_status":"open","ping_status":"closed","template":"","meta":[],"pwb-brand":[663],"etheme_brands":[{"term_id":162,"name":"SENECA","slug":"seneca","term_group":0,"term_taxonomy_id":162,"taxonomy":"brand","description":"","parent":0,"count":167,"filter":"raw"}],"product_brand":[],"product_cat":[640],"product_tag":[223,224,222,127,54],"class_list":{"0":"post-4069","1":"product","2":"type-product","3":"status-publish","4":"has-post-thumbnail","6":"pwb-brand-seneca","7":"brand-seneca","8":"product_cat-convertidores-seriales","9":"product_tag-k107b","10":"product_tag-rs232","11":"product_tag-rs485","12":"product_tag-seic","13":"product_tag-seneca","15":"first","16":"instock","17":"taxable","18":"shipping-taxable","19":"purchasable","20":"product-type-simple"},"brands":[{"id":663,"name":"SENECA","slug":"seneca"}],"_links":{"self":[{"href":"https:\/\/seic.com.co\/index.php\/wp-json\/wp\/v2\/product\/4069","targetHints":{"allow":["GET"]}}],"collection":[{"href":"https:\/\/seic.com.co\/index.php\/wp-json\/wp\/v2\/product"}],"about":[{"href":"https:\/\/seic.com.co\/index.php\/wp-json\/wp\/v2\/types\/product"}],"replies":[{"embeddable":true,"href":"https:\/\/seic.com.co\/index.php\/wp-json\/wp\/v2\/comments?post=4069"}],"version-history":[{"count":1,"href":"https:\/\/seic.com.co\/index.php\/wp-json\/wp\/v2\/product\/4069\/revisions"}],"predecessor-version":[{"id":4419,"href":"https:\/\/seic.com.co\/index.php\/wp-json\/wp\/v2\/product\/4069\/revisions\/4419"}],"wp:featuredmedia":[{"embeddable":true,"href":"https:\/\/seic.com.co\/index.php\/wp-json\/wp\/v2\/media\/2819"}],"wp:attachment":[{"href":"https:\/\/seic.com.co\/index.php\/wp-json\/wp\/v2\/media?parent=4069"}],"wp:term":[{"taxonomy":"pwb-brand","embeddable":true,"href":"https:\/\/seic.com.co\/index.php\/wp-json\/wp\/v2\/pwb-brand?post=4069"},{"taxonomy":"brand","embeddable":true,"href":"https:\/\/seic.com.co\/index.php\/wp-json\/wp\/v2\/etheme_brands?post=4069"},{"taxonomy":"product_brand","embeddable":true,"href":"https:\/\/seic.com.co\/index.php\/wp-json\/wp\/v2\/product_brand?post=4069"},{"taxonomy":"product_cat","embeddable":true,"href":"https:\/\/seic.com.co\/index.php\/wp-json\/wp\/v2\/product_cat?post=4069"},{"taxonomy":"product_tag","embeddable":true,"href":"https:\/\/seic.com.co\/index.php\/wp-json\/wp\/v2\/product_tag?post=4069"}],"curies":[{"name":"wp","href":"https:\/\/api.w.org\/{rel}","templated":true}]}}