{"id":4070,"date":"2023-08-16T17:15:44","date_gmt":"2023-08-16T17:15:44","guid":{"rendered":"https:\/\/seic.com.co\/index.php\/product\/k107usb\/"},"modified":"2023-08-22T19:35:46","modified_gmt":"2023-08-22T19:35:46","slug":"k107usb","status":"publish","type":"product","link":"https:\/\/seic.com.co\/index.php\/product\/k107usb\/","title":{"rendered":"Convertidor K107USB"},"content":{"rendered":"<p>K107USB es una interfaz capaz de implementar un puerto serie RS485 utilizando un puerto USB de PC. Los controladores disponibles reconocer\u00e1n la interfaz serial como un puerto serial est\u00e1ndar; por lo tanto, el uso del producto est\u00e1 permitido directamente a trav\u00e9s de cualquier software capaz de comunicarse con los puertos serie est\u00e1ndar del sistema operativo (COM1, COM2, etc.). Los puertos RS485 y USB est\u00e1n aislados entre s\u00ed a 1500 V.<\/p>\n","protected":false},"excerpt":{"rendered":"<p>Convertidor \/ aislador USB <-> RS485<\/p>\n","protected":false},"featured_media":2820,"comment_status":"open","ping_status":"closed","template":"","meta":[],"pwb-brand":[663],"etheme_brands":[{"term_id":162,"name":"SENECA","slug":"seneca","term_group":0,"term_taxonomy_id":162,"taxonomy":"brand","description":"","parent":0,"count":167,"filter":"raw"}],"product_brand":[],"product_cat":[640],"product_tag":[225,222,127,54,226,208],"class_list":{"0":"post-4070","1":"product","2":"type-product","3":"status-publish","4":"has-post-thumbnail","6":"pwb-brand-seneca","7":"brand-seneca","8":"product_cat-convertidores-seriales","9":"product_tag-k107usb","10":"product_tag-rs485","11":"product_tag-seic","12":"product_tag-seneca","13":"product_tag-serial","14":"product_tag-usb","16":"first","17":"instock","18":"taxable","19":"shipping-taxable","20":"purchasable","21":"product-type-simple"},"brands":[{"id":663,"name":"SENECA","slug":"seneca"}],"_links":{"self":[{"href":"https:\/\/seic.com.co\/index.php\/wp-json\/wp\/v2\/product\/4070","targetHints":{"allow":["GET"]}}],"collection":[{"href":"https:\/\/seic.com.co\/index.php\/wp-json\/wp\/v2\/product"}],"about":[{"href":"https:\/\/seic.com.co\/index.php\/wp-json\/wp\/v2\/types\/product"}],"replies":[{"embeddable":true,"href":"https:\/\/seic.com.co\/index.php\/wp-json\/wp\/v2\/comments?post=4070"}],"version-history":[{"count":1,"href":"https:\/\/seic.com.co\/index.php\/wp-json\/wp\/v2\/product\/4070\/revisions"}],"predecessor-version":[{"id":4420,"href":"https:\/\/seic.com.co\/index.php\/wp-json\/wp\/v2\/product\/4070\/revisions\/4420"}],"wp:featuredmedia":[{"embeddable":true,"href":"https:\/\/seic.com.co\/index.php\/wp-json\/wp\/v2\/media\/2820"}],"wp:attachment":[{"href":"https:\/\/seic.com.co\/index.php\/wp-json\/wp\/v2\/media?parent=4070"}],"wp:term":[{"taxonomy":"pwb-brand","embeddable":true,"href":"https:\/\/seic.com.co\/index.php\/wp-json\/wp\/v2\/pwb-brand?post=4070"},{"taxonomy":"brand","embeddable":true,"href":"https:\/\/seic.com.co\/index.php\/wp-json\/wp\/v2\/etheme_brands?post=4070"},{"taxonomy":"product_brand","embeddable":true,"href":"https:\/\/seic.com.co\/index.php\/wp-json\/wp\/v2\/product_brand?post=4070"},{"taxonomy":"product_cat","embeddable":true,"href":"https:\/\/seic.com.co\/index.php\/wp-json\/wp\/v2\/product_cat?post=4070"},{"taxonomy":"product_tag","embeddable":true,"href":"https:\/\/seic.com.co\/index.php\/wp-json\/wp\/v2\/product_tag?post=4070"}],"curies":[{"name":"wp","href":"https:\/\/api.w.org\/{rel}","templated":true}]}}