{"id":4073,"date":"2023-08-16T17:15:45","date_gmt":"2023-08-16T17:15:45","guid":{"rendered":"https:\/\/seic.com.co\/index.php\/product\/k109pt1000\/"},"modified":"2023-08-22T19:35:46","modified_gmt":"2023-08-22T19:35:46","slug":"k109pt1000","status":"publish","type":"product","link":"https:\/\/seic.com.co\/index.php\/product\/k109pt1000\/","title":{"rendered":"Convertidor K109PT1000"},"content":{"rendered":"<p>K109PT1000 es un convertidor para Termorresistencia PT1000 de 2,3,4 hilos y proporciona una se\u00f1al de salida est\u00e1ndar mA\/V. Es completamente configurable a trav\u00e9s de interruptores DIP. Un aislamiento galv\u00e1nico de 3 v\u00edas entre los circuitos de fuente de alimentaci\u00f3n \/\/ entrada \/\/ salida asegura la integridad de sus datos.<\/p>\n","protected":false},"excerpt":{"rendered":"<p>Convertidor\/aislador de corriente\/voltaje de PT1000 a CC<\/p>\n","protected":false},"featured_media":2823,"comment_status":"open","ping_status":"closed","template":"","meta":[],"pwb-brand":[663],"etheme_brands":[{"term_id":162,"name":"SENECA","slug":"seneca","term_group":0,"term_taxonomy_id":162,"taxonomy":"brand","description":"","parent":0,"count":167,"filter":"raw"}],"product_brand":[],"product_cat":[637],"product_tag":[232,233,127,54],"class_list":{"0":"post-4073","1":"product","2":"type-product","3":"status-publish","4":"has-post-thumbnail","6":"pwb-brand-seneca","7":"brand-seneca","8":"product_cat-convertidores-analogicos","9":"product_tag-k109pt1000","10":"product_tag-pt1000","11":"product_tag-seic","12":"product_tag-seneca","14":"first","15":"instock","16":"taxable","17":"shipping-taxable","18":"purchasable","19":"product-type-simple"},"brands":[{"id":663,"name":"SENECA","slug":"seneca"}],"_links":{"self":[{"href":"https:\/\/seic.com.co\/index.php\/wp-json\/wp\/v2\/product\/4073","targetHints":{"allow":["GET"]}}],"collection":[{"href":"https:\/\/seic.com.co\/index.php\/wp-json\/wp\/v2\/product"}],"about":[{"href":"https:\/\/seic.com.co\/index.php\/wp-json\/wp\/v2\/types\/product"}],"replies":[{"embeddable":true,"href":"https:\/\/seic.com.co\/index.php\/wp-json\/wp\/v2\/comments?post=4073"}],"version-history":[{"count":1,"href":"https:\/\/seic.com.co\/index.php\/wp-json\/wp\/v2\/product\/4073\/revisions"}],"predecessor-version":[{"id":4423,"href":"https:\/\/seic.com.co\/index.php\/wp-json\/wp\/v2\/product\/4073\/revisions\/4423"}],"wp:featuredmedia":[{"embeddable":true,"href":"https:\/\/seic.com.co\/index.php\/wp-json\/wp\/v2\/media\/2823"}],"wp:attachment":[{"href":"https:\/\/seic.com.co\/index.php\/wp-json\/wp\/v2\/media?parent=4073"}],"wp:term":[{"taxonomy":"pwb-brand","embeddable":true,"href":"https:\/\/seic.com.co\/index.php\/wp-json\/wp\/v2\/pwb-brand?post=4073"},{"taxonomy":"brand","embeddable":true,"href":"https:\/\/seic.com.co\/index.php\/wp-json\/wp\/v2\/etheme_brands?post=4073"},{"taxonomy":"product_brand","embeddable":true,"href":"https:\/\/seic.com.co\/index.php\/wp-json\/wp\/v2\/product_brand?post=4073"},{"taxonomy":"product_cat","embeddable":true,"href":"https:\/\/seic.com.co\/index.php\/wp-json\/wp\/v2\/product_cat?post=4073"},{"taxonomy":"product_tag","embeddable":true,"href":"https:\/\/seic.com.co\/index.php\/wp-json\/wp\/v2\/product_tag?post=4073"}],"curies":[{"name":"wp","href":"https:\/\/api.w.org\/{rel}","templated":true}]}}