{"id":4075,"date":"2023-08-16T17:15:45","date_gmt":"2023-08-16T17:15:45","guid":{"rendered":"https:\/\/seic.com.co\/index.php\/product\/k109s\/"},"modified":"2023-08-22T19:35:47","modified_gmt":"2023-08-22T19:35:47","slug":"k109s","status":"publish","type":"product","link":"https:\/\/seic.com.co\/index.php\/product\/k109s\/","title":{"rendered":"Convertidor K109S"},"content":{"rendered":"<p>K109S es un dispositivo que acepta se\u00f1ales mA\/V capaces de convertirlas en se\u00f1ales est\u00e1ndar mA\/V. El dispositivo puede alimentar tambi\u00e9n todos los sensores de 2 hilos y todos los par\u00e1metros son configurables a trav\u00e9s de interruptores DIP. La conexi\u00f3n de la fuente de alimentaci\u00f3n est\u00e1 disponible en los terminales o un conector especial (K-BUS) permite una distribuci\u00f3n de la fuente de alimentaci\u00f3n a los m\u00f3dulos a trav\u00e9s del conector de bus. Un aislamiento galv\u00e1nico de 3 v\u00edas entre los circuitos de fuente de alimentaci\u00f3n \/\/ entrada \/\/ salida asegura la integridad de sus datos.<\/p>\n","protected":false},"excerpt":{"rendered":"<p>Convertidor de corriente\/voltaje CC a corriente\/voltaje CC<\/p>\n","protected":false},"featured_media":2825,"comment_status":"open","ping_status":"closed","template":"","meta":[],"pwb-brand":[663],"etheme_brands":[{"term_id":162,"name":"SENECA","slug":"seneca","term_group":0,"term_taxonomy_id":162,"taxonomy":"brand","description":"","parent":0,"count":167,"filter":"raw"}],"product_brand":[],"product_cat":[637],"product_tag":[235,236,237,127,54],"class_list":{"0":"post-4075","1":"product","2":"type-product","3":"status-publish","4":"has-post-thumbnail","6":"pwb-brand-seneca","7":"brand-seneca","8":"product_cat-convertidores-analogicos","9":"product_tag-conversor","10":"product_tag-convertidor","11":"product_tag-k109s","12":"product_tag-seic","13":"product_tag-seneca","15":"first","16":"instock","17":"taxable","18":"shipping-taxable","19":"purchasable","20":"product-type-simple"},"brands":[{"id":663,"name":"SENECA","slug":"seneca"}],"_links":{"self":[{"href":"https:\/\/seic.com.co\/index.php\/wp-json\/wp\/v2\/product\/4075","targetHints":{"allow":["GET"]}}],"collection":[{"href":"https:\/\/seic.com.co\/index.php\/wp-json\/wp\/v2\/product"}],"about":[{"href":"https:\/\/seic.com.co\/index.php\/wp-json\/wp\/v2\/types\/product"}],"replies":[{"embeddable":true,"href":"https:\/\/seic.com.co\/index.php\/wp-json\/wp\/v2\/comments?post=4075"}],"version-history":[{"count":1,"href":"https:\/\/seic.com.co\/index.php\/wp-json\/wp\/v2\/product\/4075\/revisions"}],"predecessor-version":[{"id":4425,"href":"https:\/\/seic.com.co\/index.php\/wp-json\/wp\/v2\/product\/4075\/revisions\/4425"}],"wp:featuredmedia":[{"embeddable":true,"href":"https:\/\/seic.com.co\/index.php\/wp-json\/wp\/v2\/media\/2825"}],"wp:attachment":[{"href":"https:\/\/seic.com.co\/index.php\/wp-json\/wp\/v2\/media?parent=4075"}],"wp:term":[{"taxonomy":"pwb-brand","embeddable":true,"href":"https:\/\/seic.com.co\/index.php\/wp-json\/wp\/v2\/pwb-brand?post=4075"},{"taxonomy":"brand","embeddable":true,"href":"https:\/\/seic.com.co\/index.php\/wp-json\/wp\/v2\/etheme_brands?post=4075"},{"taxonomy":"product_brand","embeddable":true,"href":"https:\/\/seic.com.co\/index.php\/wp-json\/wp\/v2\/product_brand?post=4075"},{"taxonomy":"product_cat","embeddable":true,"href":"https:\/\/seic.com.co\/index.php\/wp-json\/wp\/v2\/product_cat?post=4075"},{"taxonomy":"product_tag","embeddable":true,"href":"https:\/\/seic.com.co\/index.php\/wp-json\/wp\/v2\/product_tag?post=4075"}],"curies":[{"name":"wp","href":"https:\/\/api.w.org\/{rel}","templated":true}]}}