{"id":4077,"date":"2023-08-16T17:15:45","date_gmt":"2023-08-16T17:15:45","guid":{"rendered":"https:\/\/seic.com.co\/index.php\/product\/k109ui\/"},"modified":"2023-08-22T19:35:47","modified_gmt":"2023-08-22T19:35:47","slug":"k109ui","status":"publish","type":"product","link":"https:\/\/seic.com.co\/index.php\/product\/k109ui\/","title":{"rendered":"Convertidor K109UI"},"content":{"rendered":"<p>El K109UI est\u00e1 dise\u00f1ado para aceptar una entrada de se\u00f1al de proceso de voltaje o corriente est\u00e1ndar de un solo canal y brindar una salida de corriente o voltaje \u00fanica y aislada. Tiene una capacidad de linealizaci\u00f3n de &#8220;Tanque&#8221; dise\u00f1ada para su uso en aplicaciones de tanques cil\u00edndricos horizontales y una funci\u00f3n &#8220;SQRT&#8221; para aplicaciones relacionadas con el flujo, todas las cuales se configuran f\u00e1cilmente mediante interruptores DIP. El K109UI de montaje en riel DIN ofrece conectividad K-BUS opcional que permite un mayor ahorro en tiempo y cableado al unir las conexiones de suministro de energ\u00eda de 24 VCC nominales.<\/p>\n","protected":false},"excerpt":{"rendered":"<p>Convertidor optoaislado V-I \/ V-I<\/p>\n","protected":false},"featured_media":2827,"comment_status":"open","ping_status":"closed","template":"","meta":[],"pwb-brand":[663],"etheme_brands":[],"product_brand":[],"product_cat":[637],"product_tag":[239,127,54,241,240],"class_list":{"0":"post-4077","1":"product","2":"type-product","3":"status-publish","4":"has-post-thumbnail","6":"pwb-brand-seneca","7":"product_cat-convertidores-analogicos","8":"product_tag-k109ui","9":"product_tag-seic","10":"product_tag-seneca","11":"product_tag-termocupla","12":"product_tag-termopar","14":"first","15":"instock","16":"taxable","17":"shipping-taxable","18":"purchasable","19":"product-type-simple"},"brands":[{"id":663,"name":"SENECA","slug":"seneca"}],"_links":{"self":[{"href":"https:\/\/seic.com.co\/index.php\/wp-json\/wp\/v2\/product\/4077","targetHints":{"allow":["GET"]}}],"collection":[{"href":"https:\/\/seic.com.co\/index.php\/wp-json\/wp\/v2\/product"}],"about":[{"href":"https:\/\/seic.com.co\/index.php\/wp-json\/wp\/v2\/types\/product"}],"replies":[{"embeddable":true,"href":"https:\/\/seic.com.co\/index.php\/wp-json\/wp\/v2\/comments?post=4077"}],"version-history":[{"count":1,"href":"https:\/\/seic.com.co\/index.php\/wp-json\/wp\/v2\/product\/4077\/revisions"}],"predecessor-version":[{"id":4427,"href":"https:\/\/seic.com.co\/index.php\/wp-json\/wp\/v2\/product\/4077\/revisions\/4427"}],"wp:featuredmedia":[{"embeddable":true,"href":"https:\/\/seic.com.co\/index.php\/wp-json\/wp\/v2\/media\/2827"}],"wp:attachment":[{"href":"https:\/\/seic.com.co\/index.php\/wp-json\/wp\/v2\/media?parent=4077"}],"wp:term":[{"taxonomy":"pwb-brand","embeddable":true,"href":"https:\/\/seic.com.co\/index.php\/wp-json\/wp\/v2\/pwb-brand?post=4077"},{"taxonomy":"brand","embeddable":true,"href":"https:\/\/seic.com.co\/index.php\/wp-json\/wp\/v2\/etheme_brands?post=4077"},{"taxonomy":"product_brand","embeddable":true,"href":"https:\/\/seic.com.co\/index.php\/wp-json\/wp\/v2\/product_brand?post=4077"},{"taxonomy":"product_cat","embeddable":true,"href":"https:\/\/seic.com.co\/index.php\/wp-json\/wp\/v2\/product_cat?post=4077"},{"taxonomy":"product_tag","embeddable":true,"href":"https:\/\/seic.com.co\/index.php\/wp-json\/wp\/v2\/product_tag?post=4077"}],"curies":[{"name":"wp","href":"https:\/\/api.w.org\/{rel}","templated":true}]}}