{"id":4084,"date":"2023-08-16T17:15:46","date_gmt":"2023-08-16T17:15:46","guid":{"rendered":"https:\/\/seic.com.co\/index.php\/product\/k112\/"},"modified":"2023-08-22T19:35:47","modified_gmt":"2023-08-22T19:35:47","slug":"k112","status":"publish","type":"product","link":"https:\/\/seic.com.co\/index.php\/product\/k112\/","title":{"rendered":"Acoplador K112"},"content":{"rendered":"<p>El m\u00f3dulo de aislamiento K112 ha sido dise\u00f1ado para adaptar sensores on\/off espec\u00edficos a una conexi\u00f3n est\u00e1ndar NPN y\/o PNP. Es una soluci\u00f3n \u00fatil para interconectar un sensor de proximidad con un plc. Las dos salidas (PNP y NPN) se pueden utilizar simult\u00e1neamente. Un aislamiento galv\u00e1nico bidireccional entre los circuitos de entrada\/salida asegura la integridad de sus datos.<\/p>\n","protected":false},"excerpt":{"rendered":"<p>Acoplador\/aislador digital universal<\/p>\n","protected":false},"featured_media":2829,"comment_status":"open","ping_status":"closed","template":"","meta":[],"pwb-brand":[663],"etheme_brands":[{"term_id":162,"name":"SENECA","slug":"seneca","term_group":0,"term_taxonomy_id":162,"taxonomy":"brand","description":"","parent":0,"count":167,"filter":"raw"}],"product_brand":[],"product_cat":[635],"product_tag":[249,250,248,252,251,127,54],"class_list":{"0":"post-4084","1":"product","2":"type-product","3":"status-publish","4":"has-post-thumbnail","6":"pwb-brand-seneca","7":"brand-seneca","8":"product_cat-convertidores-digitales","9":"product_tag-acoplador","10":"product_tag-aislador","11":"product_tag-k112","12":"product_tag-npn","13":"product_tag-pnp","14":"product_tag-seic","15":"product_tag-seneca","17":"first","18":"instock","19":"taxable","20":"shipping-taxable","21":"purchasable","22":"product-type-simple"},"brands":[{"id":663,"name":"SENECA","slug":"seneca"}],"_links":{"self":[{"href":"https:\/\/seic.com.co\/index.php\/wp-json\/wp\/v2\/product\/4084","targetHints":{"allow":["GET"]}}],"collection":[{"href":"https:\/\/seic.com.co\/index.php\/wp-json\/wp\/v2\/product"}],"about":[{"href":"https:\/\/seic.com.co\/index.php\/wp-json\/wp\/v2\/types\/product"}],"replies":[{"embeddable":true,"href":"https:\/\/seic.com.co\/index.php\/wp-json\/wp\/v2\/comments?post=4084"}],"version-history":[{"count":1,"href":"https:\/\/seic.com.co\/index.php\/wp-json\/wp\/v2\/product\/4084\/revisions"}],"predecessor-version":[{"id":4428,"href":"https:\/\/seic.com.co\/index.php\/wp-json\/wp\/v2\/product\/4084\/revisions\/4428"}],"wp:featuredmedia":[{"embeddable":true,"href":"https:\/\/seic.com.co\/index.php\/wp-json\/wp\/v2\/media\/2829"}],"wp:attachment":[{"href":"https:\/\/seic.com.co\/index.php\/wp-json\/wp\/v2\/media?parent=4084"}],"wp:term":[{"taxonomy":"pwb-brand","embeddable":true,"href":"https:\/\/seic.com.co\/index.php\/wp-json\/wp\/v2\/pwb-brand?post=4084"},{"taxonomy":"brand","embeddable":true,"href":"https:\/\/seic.com.co\/index.php\/wp-json\/wp\/v2\/etheme_brands?post=4084"},{"taxonomy":"product_brand","embeddable":true,"href":"https:\/\/seic.com.co\/index.php\/wp-json\/wp\/v2\/product_brand?post=4084"},{"taxonomy":"product_cat","embeddable":true,"href":"https:\/\/seic.com.co\/index.php\/wp-json\/wp\/v2\/product_cat?post=4084"},{"taxonomy":"product_tag","embeddable":true,"href":"https:\/\/seic.com.co\/index.php\/wp-json\/wp\/v2\/product_tag?post=4084"}],"curies":[{"name":"wp","href":"https:\/\/api.w.org\/{rel}","templated":true}]}}