{"id":4097,"date":"2023-08-16T17:15:49","date_gmt":"2023-08-16T17:15:49","guid":{"rendered":"https:\/\/seic.com.co\/?post_type=product&#038;p=4097"},"modified":"2023-08-22T19:35:52","modified_gmt":"2023-08-22T19:35:52","slug":"pt100","status":"publish","type":"product","link":"https:\/\/seic.com.co\/index.php\/product\/pt100\/","title":{"rendered":"PT100"},"content":{"rendered":"<p>Pt100 est\u00e1ndar de 3 hilos con cabezal resistente a la intemperie y 1\/2&#8243; Gas Macho<\/p>\n","protected":false},"excerpt":{"rendered":"<p>Las sondas de temperatura PT100 son dispositivos que suministran, a trav\u00e9s de un proceso f\u00edsico, la medici\u00f3n de temperatura a los instrumentos a los que est\u00e1n conectadas. Estos productos se pueden utilizar tambi\u00e9n en aplicaciones industriales particularmente pesadas.<\/p>\n","protected":false},"featured_media":2843,"comment_status":"open","ping_status":"closed","template":"","meta":[],"pwb-brand":[663],"etheme_brands":[{"term_id":162,"name":"SENECA","slug":"seneca","term_group":0,"term_taxonomy_id":162,"taxonomy":"brand","description":"","parent":0,"count":167,"filter":"raw"}],"product_brand":[],"product_cat":[642],"product_tag":[231,274,127,54,302,240],"class_list":{"0":"post-4097","1":"product","2":"type-product","3":"status-publish","4":"has-post-thumbnail","6":"pwb-brand-seneca","7":"brand-seneca","8":"product_cat-transmisores-de-temperatura","9":"product_tag-pt100","10":"product_tag-rtd","11":"product_tag-seic","12":"product_tag-seneca","13":"product_tag-sensor","14":"product_tag-termopar","16":"first","17":"instock","18":"taxable","19":"shipping-taxable","20":"purchasable","21":"product-type-variable","22":"has-default-attributes"},"brands":[{"id":663,"name":"SENECA","slug":"seneca"}],"_links":{"self":[{"href":"https:\/\/seic.com.co\/index.php\/wp-json\/wp\/v2\/product\/4097","targetHints":{"allow":["GET"]}}],"collection":[{"href":"https:\/\/seic.com.co\/index.php\/wp-json\/wp\/v2\/product"}],"about":[{"href":"https:\/\/seic.com.co\/index.php\/wp-json\/wp\/v2\/types\/product"}],"replies":[{"embeddable":true,"href":"https:\/\/seic.com.co\/index.php\/wp-json\/wp\/v2\/comments?post=4097"}],"version-history":[{"count":1,"href":"https:\/\/seic.com.co\/index.php\/wp-json\/wp\/v2\/product\/4097\/revisions"}],"predecessor-version":[{"id":4121,"href":"https:\/\/seic.com.co\/index.php\/wp-json\/wp\/v2\/product\/4097\/revisions\/4121"}],"wp:featuredmedia":[{"embeddable":true,"href":"https:\/\/seic.com.co\/index.php\/wp-json\/wp\/v2\/media\/2843"}],"wp:attachment":[{"href":"https:\/\/seic.com.co\/index.php\/wp-json\/wp\/v2\/media?parent=4097"}],"wp:term":[{"taxonomy":"pwb-brand","embeddable":true,"href":"https:\/\/seic.com.co\/index.php\/wp-json\/wp\/v2\/pwb-brand?post=4097"},{"taxonomy":"brand","embeddable":true,"href":"https:\/\/seic.com.co\/index.php\/wp-json\/wp\/v2\/etheme_brands?post=4097"},{"taxonomy":"product_brand","embeddable":true,"href":"https:\/\/seic.com.co\/index.php\/wp-json\/wp\/v2\/product_brand?post=4097"},{"taxonomy":"product_cat","embeddable":true,"href":"https:\/\/seic.com.co\/index.php\/wp-json\/wp\/v2\/product_cat?post=4097"},{"taxonomy":"product_tag","embeddable":true,"href":"https:\/\/seic.com.co\/index.php\/wp-json\/wp\/v2\/product_tag?post=4097"}],"curies":[{"name":"wp","href":"https:\/\/api.w.org\/{rel}","templated":true}]}}