{"id":4098,"date":"2023-08-16T17:15:49","date_gmt":"2023-08-16T17:15:49","guid":{"rendered":"https:\/\/seic.com.co\/index.php\/product\/k-bus\/"},"modified":"2025-05-29T15:17:58","modified_gmt":"2025-05-29T15:17:58","slug":"k-bus","status":"publish","type":"product","link":"https:\/\/seic.com.co\/index.php\/product\/k-bus\/","title":{"rendered":"Conector K-BUS"},"content":{"rendered":"<p>K-BUS es un accesorio de montaje en riel DIN que se utiliza para m\u00faltiples conexiones y alimentaci\u00f3n de convertidores de se\u00f1al K-Line. Cada conector K-BUS permite la inserci\u00f3n de 2 m\u00f3dulos. K-BUS debe montarse en la gu\u00eda del riel DIN con los conectores salientes hacia la izquierda. K-BUS forma parte del sistema distribuido SMART SUPPLY espec\u00edfico para productos K-line. SMART SUPPLY con K-BUS puede gestionar hasta 16 m\u00f3dulos con una absorci\u00f3n total inferior a 400 mA. Con el m\u00f3dulo de alimentaci\u00f3n redundante (K-SUPPLY), el sistema puede gestionar hasta 75 m\u00f3dulos con un consumo de corriente total m\u00e1ximo de 1,6 A.<\/p>\n","protected":false},"excerpt":{"rendered":"<p>Conector de fuente de alimentaci\u00f3n expandible<\/p>\n","protected":false},"featured_media":2833,"comment_status":"open","ping_status":"closed","template":"","meta":[],"pwb-brand":[663],"etheme_brands":[{"term_id":162,"name":"SENECA","slug":"seneca","term_group":0,"term_taxonomy_id":162,"taxonomy":"brand","description":"","parent":0,"count":167,"filter":"raw"}],"product_brand":[],"product_cat":[639],"product_tag":[228,260,127,54],"class_list":{"0":"post-4098","1":"product","2":"type-product","3":"status-publish","4":"has-post-thumbnail","6":"pwb-brand-seneca","7":"brand-seneca","8":"product_cat-accesorios-y-repuestos","9":"product_tag-k-bus","10":"product_tag-riel-din","11":"product_tag-seic","12":"product_tag-seneca","14":"first","15":"instock","16":"taxable","17":"shipping-taxable","18":"purchasable","19":"product-type-simple"},"brands":[{"id":663,"name":"SENECA","slug":"seneca"}],"_links":{"self":[{"href":"https:\/\/seic.com.co\/index.php\/wp-json\/wp\/v2\/product\/4098","targetHints":{"allow":["GET"]}}],"collection":[{"href":"https:\/\/seic.com.co\/index.php\/wp-json\/wp\/v2\/product"}],"about":[{"href":"https:\/\/seic.com.co\/index.php\/wp-json\/wp\/v2\/types\/product"}],"replies":[{"embeddable":true,"href":"https:\/\/seic.com.co\/index.php\/wp-json\/wp\/v2\/comments?post=4098"}],"version-history":[{"count":1,"href":"https:\/\/seic.com.co\/index.php\/wp-json\/wp\/v2\/product\/4098\/revisions"}],"predecessor-version":[{"id":4432,"href":"https:\/\/seic.com.co\/index.php\/wp-json\/wp\/v2\/product\/4098\/revisions\/4432"}],"wp:featuredmedia":[{"embeddable":true,"href":"https:\/\/seic.com.co\/index.php\/wp-json\/wp\/v2\/media\/2833"}],"wp:attachment":[{"href":"https:\/\/seic.com.co\/index.php\/wp-json\/wp\/v2\/media?parent=4098"}],"wp:term":[{"taxonomy":"pwb-brand","embeddable":true,"href":"https:\/\/seic.com.co\/index.php\/wp-json\/wp\/v2\/pwb-brand?post=4098"},{"taxonomy":"brand","embeddable":true,"href":"https:\/\/seic.com.co\/index.php\/wp-json\/wp\/v2\/etheme_brands?post=4098"},{"taxonomy":"product_brand","embeddable":true,"href":"https:\/\/seic.com.co\/index.php\/wp-json\/wp\/v2\/product_brand?post=4098"},{"taxonomy":"product_cat","embeddable":true,"href":"https:\/\/seic.com.co\/index.php\/wp-json\/wp\/v2\/product_cat?post=4098"},{"taxonomy":"product_tag","embeddable":true,"href":"https:\/\/seic.com.co\/index.php\/wp-json\/wp\/v2\/product_tag?post=4098"}],"curies":[{"name":"wp","href":"https:\/\/api.w.org\/{rel}","templated":true}]}}