{"id":4100,"date":"2023-08-16T17:15:49","date_gmt":"2023-08-16T17:15:49","guid":{"rendered":"https:\/\/seic.com.co\/index.php\/product\/k-supply\/"},"modified":"2023-08-22T19:35:49","modified_gmt":"2023-08-22T19:35:49","slug":"k-supply","status":"publish","type":"product","link":"https:\/\/seic.com.co\/index.php\/product\/k-supply\/","title":{"rendered":"K-SUPPLY"},"content":{"rendered":"<p>SISTEMA DE ALIMENTACI\u00d3N. Con la excepci\u00f3n de los instrumentos alimentados por bucle, que no son alimentados por bus, los acondicionadores de se\u00f1al K Line pueden ser alimentados de 3 maneras diferentes: por el bloque de terminales de resorte (24 Vdc directo de la fuente de alimentaci\u00f3n) o por el sistema SMART SUPPLY. El sistema SMART SUPPLY se basa en un conector KBUS ampliable. Hasta 16 dispositivos, la distribuci\u00f3n de la fuente de alimentaci\u00f3n es posible conectando un solo dispositivo a la fuente de tensi\u00f3n, ya que el consumo total no supera los 400 mA. M\u00e1s de 16 y hasta 75 dispositivos, con un consumo m\u00e1ximo de corriente de 1,6 A (aproximadamente 21 mA por m\u00f3dulo), se necesita el m\u00f3dulo K-SUPPLY que tiene protecciones contra sobretensiones a bordo.<\/p>\n","protected":false},"excerpt":{"rendered":"<p>M\u00f3dulo de fuente de alimentaci\u00f3n redundante para m\u00f3dulos K-Line<\/p>\n","protected":false},"featured_media":2835,"comment_status":"open","ping_status":"closed","template":"","meta":[],"pwb-brand":[663],"etheme_brands":[{"term_id":162,"name":"SENECA","slug":"seneca","term_group":0,"term_taxonomy_id":162,"taxonomy":"brand","description":"","parent":0,"count":167,"filter":"raw"}],"product_brand":[],"product_cat":[639],"product_tag":[207,268,127,54,267],"class_list":{"0":"post-4100","1":"product","2":"type-product","3":"status-publish","4":"has-post-thumbnail","6":"pwb-brand-seneca","7":"brand-seneca","8":"product_cat-accesorios-y-repuestos","9":"product_tag-fuente","10":"product_tag-k-line","11":"product_tag-seic","12":"product_tag-seneca","13":"product_tag-suministro-k","15":"first","16":"instock","17":"taxable","18":"shipping-taxable","19":"purchasable","20":"product-type-simple"},"brands":[{"id":663,"name":"SENECA","slug":"seneca"}],"_links":{"self":[{"href":"https:\/\/seic.com.co\/index.php\/wp-json\/wp\/v2\/product\/4100","targetHints":{"allow":["GET"]}}],"collection":[{"href":"https:\/\/seic.com.co\/index.php\/wp-json\/wp\/v2\/product"}],"about":[{"href":"https:\/\/seic.com.co\/index.php\/wp-json\/wp\/v2\/types\/product"}],"replies":[{"embeddable":true,"href":"https:\/\/seic.com.co\/index.php\/wp-json\/wp\/v2\/comments?post=4100"}],"version-history":[{"count":1,"href":"https:\/\/seic.com.co\/index.php\/wp-json\/wp\/v2\/product\/4100\/revisions"}],"predecessor-version":[{"id":4592,"href":"https:\/\/seic.com.co\/index.php\/wp-json\/wp\/v2\/product\/4100\/revisions\/4592"}],"wp:featuredmedia":[{"embeddable":true,"href":"https:\/\/seic.com.co\/index.php\/wp-json\/wp\/v2\/media\/2835"}],"wp:attachment":[{"href":"https:\/\/seic.com.co\/index.php\/wp-json\/wp\/v2\/media?parent=4100"}],"wp:term":[{"taxonomy":"pwb-brand","embeddable":true,"href":"https:\/\/seic.com.co\/index.php\/wp-json\/wp\/v2\/pwb-brand?post=4100"},{"taxonomy":"brand","embeddable":true,"href":"https:\/\/seic.com.co\/index.php\/wp-json\/wp\/v2\/etheme_brands?post=4100"},{"taxonomy":"product_brand","embeddable":true,"href":"https:\/\/seic.com.co\/index.php\/wp-json\/wp\/v2\/product_brand?post=4100"},{"taxonomy":"product_cat","embeddable":true,"href":"https:\/\/seic.com.co\/index.php\/wp-json\/wp\/v2\/product_cat?post=4100"},{"taxonomy":"product_tag","embeddable":true,"href":"https:\/\/seic.com.co\/index.php\/wp-json\/wp\/v2\/product_tag?post=4100"}],"curies":[{"name":"wp","href":"https:\/\/api.w.org\/{rel}","templated":true}]}}