{"id":4130,"date":"2023-08-16T17:15:53","date_gmt":"2023-08-16T17:15:53","guid":{"rendered":"https:\/\/seic.com.co\/?post_type=product&#038;p=4130"},"modified":"2023-08-22T19:35:52","modified_gmt":"2023-08-22T19:35:52","slug":"r-32dido","status":"publish","type":"product","link":"https:\/\/seic.com.co\/index.php\/product\/r-32dido\/","title":{"rendered":"M\u00f3dulo R-32DIDO"},"content":{"rendered":"<p>R-32DIDO es un m\u00f3dulo mixto digital para requisitos de cableado flexibles, espacios de instalaci\u00f3n peque\u00f1os y aplicaciones de alta densidad de E\/S con redes Ethernet integradas. R-32DIDO tiene 32 canales de entrada\/salida Mosfet\/PNP que tambi\u00e9n se pueden configurar como totalizadores de @32 bits. Gracias a la funcionalidad de espejo de E\/S, las se\u00f1ales digitales se pueden duplicar en uno o m\u00e1s m\u00f3dulos en modo Peer to Peer. La configuraci\u00f3n se realiza a trav\u00e9s de un servidor web integrado. Los modelos Ethernet duales se pueden conectar en modo de conexi\u00f3n en cadena Ethernet con derivaci\u00f3n de fallas para garantizar la conexi\u00f3n incluso si falla un m\u00f3dulo en la cadena de medici\u00f3n. En estos modelos tambi\u00e9n es posible la configuraci\u00f3n a trav\u00e9s del software EASY SETUP, ya que hay un puerto micro USB en la parte frontal.<\/p>\n","protected":false},"excerpt":{"rendered":"<p>32-CH entradas\/salidas digitales Modbus TCP-IP\/Modbus RTU<\/p>\n","protected":false},"featured_media":2847,"comment_status":"open","ping_status":"closed","template":"","meta":[],"pwb-brand":[663],"etheme_brands":[{"term_id":162,"name":"SENECA","slug":"seneca","term_group":0,"term_taxonomy_id":162,"taxonomy":"brand","description":"","parent":0,"count":167,"filter":"raw"}],"product_brand":[],"product_cat":[645],"product_tag":[322,320,252,251,323,127,54,208],"class_list":{"0":"post-4130","1":"product","2":"type-product","3":"status-publish","4":"has-post-thumbnail","6":"pwb-brand-seneca","7":"brand-seneca","8":"product_cat-modulos-e-s-modbus-rtu","9":"product_tag-easy-setup","10":"product_tag-ethernet","11":"product_tag-npn","12":"product_tag-pnp","13":"product_tag-r-32dido","14":"product_tag-seic","15":"product_tag-seneca","16":"product_tag-usb","18":"first","19":"instock","20":"taxable","21":"shipping-taxable","22":"purchasable","23":"product-type-variable"},"brands":[{"id":663,"name":"SENECA","slug":"seneca"}],"_links":{"self":[{"href":"https:\/\/seic.com.co\/index.php\/wp-json\/wp\/v2\/product\/4130","targetHints":{"allow":["GET"]}}],"collection":[{"href":"https:\/\/seic.com.co\/index.php\/wp-json\/wp\/v2\/product"}],"about":[{"href":"https:\/\/seic.com.co\/index.php\/wp-json\/wp\/v2\/types\/product"}],"replies":[{"embeddable":true,"href":"https:\/\/seic.com.co\/index.php\/wp-json\/wp\/v2\/comments?post=4130"}],"version-history":[{"count":2,"href":"https:\/\/seic.com.co\/index.php\/wp-json\/wp\/v2\/product\/4130\/revisions"}],"predecessor-version":[{"id":4437,"href":"https:\/\/seic.com.co\/index.php\/wp-json\/wp\/v2\/product\/4130\/revisions\/4437"}],"wp:featuredmedia":[{"embeddable":true,"href":"https:\/\/seic.com.co\/index.php\/wp-json\/wp\/v2\/media\/2847"}],"wp:attachment":[{"href":"https:\/\/seic.com.co\/index.php\/wp-json\/wp\/v2\/media?parent=4130"}],"wp:term":[{"taxonomy":"pwb-brand","embeddable":true,"href":"https:\/\/seic.com.co\/index.php\/wp-json\/wp\/v2\/pwb-brand?post=4130"},{"taxonomy":"brand","embeddable":true,"href":"https:\/\/seic.com.co\/index.php\/wp-json\/wp\/v2\/etheme_brands?post=4130"},{"taxonomy":"product_brand","embeddable":true,"href":"https:\/\/seic.com.co\/index.php\/wp-json\/wp\/v2\/product_brand?post=4130"},{"taxonomy":"product_cat","embeddable":true,"href":"https:\/\/seic.com.co\/index.php\/wp-json\/wp\/v2\/product_cat?post=4130"},{"taxonomy":"product_tag","embeddable":true,"href":"https:\/\/seic.com.co\/index.php\/wp-json\/wp\/v2\/product_tag?post=4130"}],"curies":[{"name":"wp","href":"https:\/\/api.w.org\/{rel}","templated":true}]}}