{"id":4131,"date":"2023-08-16T17:15:53","date_gmt":"2023-08-16T17:15:53","guid":{"rendered":"https:\/\/seic.com.co\/?post_type=product&#038;p=4131"},"modified":"2023-08-22T19:35:52","modified_gmt":"2023-08-22T19:35:52","slug":"r-32dido-p","status":"publish","type":"product","link":"https:\/\/seic.com.co\/index.php\/product\/r-32dido-p\/","title":{"rendered":"M\u00f3dulo R-32DIDO-P"},"content":{"rendered":"<p>R-32DIDO-P es un m\u00f3dulo mixto digital para requisitos de cableado flexibles, espacios de instalaci\u00f3n peque\u00f1os y aplicaciones de alta densidad de E\/S con redes Ethernet integradas. El R-32DIDO-P tiene 32 canales que se pueden configurar individualmente como entradas o salidas digitales. El m\u00f3dulo cuenta con aislamiento entre entradas, salidas y resto de circuitos de baja tensi\u00f3n de 1.500 Vac. La configuraci\u00f3n se puede realizar mediante el software CODESYS softPLC y el entorno de dise\u00f1o TiA Portal\/Simatic Step7. R-32DIDO-P admite comunicaci\u00f3n PROFINET IO. Los m\u00f3dulos con 2 puertos Ethernet se pueden conectar en modo de conexi\u00f3n en cadena Ethernet con derivaci\u00f3n de fallas para garantizar la conexi\u00f3n Ethernet incluso si falla un m\u00f3dulo en la cadena.<\/p>\n","protected":false},"excerpt":{"rendered":"<p>R-32DIDO-P es un m\u00f3dulo mixto digital para requisitos de cableado flexibles, espacios de instalaci\u00f3n peque\u00f1os y aplicaciones de alta densidad de E\/S con redes Ethernet integradas. El R-32DIDO-P tiene 32 canales que se pueden configurar individualmente como entradas o salidas digitales. El m\u00f3dulo cuenta con aislamiento entre entradas, salidas y resto de circuitos de baja tensi\u00f3n de 1.500 Vac.<\/p>\n","protected":false},"featured_media":2847,"comment_status":"open","ping_status":"closed","template":"","meta":[],"pwb-brand":[663],"etheme_brands":[{"term_id":162,"name":"SENECA","slug":"seneca","term_group":0,"term_taxonomy_id":162,"taxonomy":"brand","description":"","parent":0,"count":167,"filter":"raw"}],"product_brand":[],"product_cat":[646],"product_tag":[320,325,127,54,326],"class_list":{"0":"post-4131","1":"product","2":"type-product","3":"status-publish","4":"has-post-thumbnail","6":"pwb-brand-seneca","7":"brand-seneca","8":"product_cat-sistemas-de-e-s-profinet","9":"product_tag-ethernet","10":"product_tag-r-32dido-p","11":"product_tag-seic","12":"product_tag-seneca","13":"product_tag-tia-portal","15":"first","16":"instock","17":"taxable","18":"shipping-taxable","19":"purchasable","20":"product-type-variable"},"brands":[{"id":663,"name":"SENECA","slug":"seneca"}],"_links":{"self":[{"href":"https:\/\/seic.com.co\/index.php\/wp-json\/wp\/v2\/product\/4131","targetHints":{"allow":["GET"]}}],"collection":[{"href":"https:\/\/seic.com.co\/index.php\/wp-json\/wp\/v2\/product"}],"about":[{"href":"https:\/\/seic.com.co\/index.php\/wp-json\/wp\/v2\/types\/product"}],"replies":[{"embeddable":true,"href":"https:\/\/seic.com.co\/index.php\/wp-json\/wp\/v2\/comments?post=4131"}],"version-history":[{"count":2,"href":"https:\/\/seic.com.co\/index.php\/wp-json\/wp\/v2\/product\/4131\/revisions"}],"predecessor-version":[{"id":4438,"href":"https:\/\/seic.com.co\/index.php\/wp-json\/wp\/v2\/product\/4131\/revisions\/4438"}],"wp:featuredmedia":[{"embeddable":true,"href":"https:\/\/seic.com.co\/index.php\/wp-json\/wp\/v2\/media\/2847"}],"wp:attachment":[{"href":"https:\/\/seic.com.co\/index.php\/wp-json\/wp\/v2\/media?parent=4131"}],"wp:term":[{"taxonomy":"pwb-brand","embeddable":true,"href":"https:\/\/seic.com.co\/index.php\/wp-json\/wp\/v2\/pwb-brand?post=4131"},{"taxonomy":"brand","embeddable":true,"href":"https:\/\/seic.com.co\/index.php\/wp-json\/wp\/v2\/etheme_brands?post=4131"},{"taxonomy":"product_brand","embeddable":true,"href":"https:\/\/seic.com.co\/index.php\/wp-json\/wp\/v2\/product_brand?post=4131"},{"taxonomy":"product_cat","embeddable":true,"href":"https:\/\/seic.com.co\/index.php\/wp-json\/wp\/v2\/product_cat?post=4131"},{"taxonomy":"product_tag","embeddable":true,"href":"https:\/\/seic.com.co\/index.php\/wp-json\/wp\/v2\/product_tag?post=4131"}],"curies":[{"name":"wp","href":"https:\/\/api.w.org\/{rel}","templated":true}]}}