{"id":4132,"date":"2023-08-16T17:15:53","date_gmt":"2023-08-16T17:15:53","guid":{"rendered":"https:\/\/seic.com.co\/?post_type=product&#038;p=4132"},"modified":"2025-05-29T18:36:13","modified_gmt":"2025-05-29T18:36:13","slug":"r-pass-0-2-s","status":"publish","type":"product","link":"https:\/\/seic.com.co\/index.php\/product\/r-pass-0-2-s\/","title":{"rendered":"Controlador R-PASS-0-2-S"},"content":{"rendered":"<p>R-PASS-S es una unidad de control avanzada IEC 61131 que soporta de forma nativa la plataforma de teleasistencia y control remoto SENECA LET&#8217;S para Industria 4.0. Esta poderosa CPU proporciona la m\u00e1xima confiabilidad y seguridad para la administraci\u00f3n y el monitoreo de datos al combinar la funcionalidad de PLC (Straton IDE) con funciones de enrutamiento y acceso remoto que admiten conexiones punto a punto para teleservicio o tipo de LAN \u00fanica para telecontrol . Los controladores R-PASS-S ofrecen soluciones de conectividad cliente\/servidor para construir sistemas de diversa complejidad y puntos de acceso simult\u00e1neos a la planta o m\u00e1quina individual. Tambi\u00e9n son ampliables con el m\u00f3dulo de comunicaci\u00f3n R-COMM equipado con un m\u00f3dem 4G LTE.<br \/>\nEquipado con puertos Ethernet (modelos de 2 o 4 puertos disponibles) configurables en modo SWITCH o LAN\/WAN, 3 puertos serie, m\u00f3dulo WiFi opcional y 1 puerto USB, R-PASS-S admite servidor ModBUS TCP, maestro\/esclavo ModBUS RTU , servidor FTP\/SFTP, servidor HTTP\/HTPPS, cifrado OpenVPN y protocolos IEC 60870-101, IEC 60870-104, IEC 61850 (opcional) para aplicaciones de gesti\u00f3n de energ\u00eda. El dispositivo integra una CPU ARM de 32 bits, 1 Gb Flash, 64 MB de RAM y una ranura de expansi\u00f3n de memoria microSD. La configuraci\u00f3n se realiza a trav\u00e9s del servidor web y el entorno Z-NET4.&#8221;<\/p>\n","protected":false},"excerpt":{"rendered":"<p>Controlador IEC 61131, Straton IDE, VPN, E\/S integradas, WiFi (opcional)<\/p>\n","protected":false},"featured_media":2849,"comment_status":"open","ping_status":"closed","template":"","meta":[],"pwb-brand":[663],"etheme_brands":[{"term_id":162,"name":"SENECA","slug":"seneca","term_group":0,"term_taxonomy_id":162,"taxonomy":"brand","description":"","parent":0,"count":167,"filter":"raw"}],"product_brand":[],"product_cat":[647],"product_tag":[320,332,331,127,54],"class_list":{"0":"post-4132","1":"product","2":"type-product","3":"status-publish","4":"has-post-thumbnail","6":"pwb-brand-seneca","7":"brand-seneca","8":"product_cat-controladores-multifuncion-iec-61131-3","9":"product_tag-ethernet","10":"product_tag-iec-61131","11":"product_tag-r-pass-0-2-s","12":"product_tag-seic","13":"product_tag-seneca","15":"first","16":"instock","17":"taxable","18":"shipping-taxable","19":"purchasable","20":"product-type-variable"},"brands":[{"id":663,"name":"SENECA","slug":"seneca"}],"_links":{"self":[{"href":"https:\/\/seic.com.co\/index.php\/wp-json\/wp\/v2\/product\/4132","targetHints":{"allow":["GET"]}}],"collection":[{"href":"https:\/\/seic.com.co\/index.php\/wp-json\/wp\/v2\/product"}],"about":[{"href":"https:\/\/seic.com.co\/index.php\/wp-json\/wp\/v2\/types\/product"}],"replies":[{"embeddable":true,"href":"https:\/\/seic.com.co\/index.php\/wp-json\/wp\/v2\/comments?post=4132"}],"version-history":[{"count":2,"href":"https:\/\/seic.com.co\/index.php\/wp-json\/wp\/v2\/product\/4132\/revisions"}],"predecessor-version":[{"id":4439,"href":"https:\/\/seic.com.co\/index.php\/wp-json\/wp\/v2\/product\/4132\/revisions\/4439"}],"wp:featuredmedia":[{"embeddable":true,"href":"https:\/\/seic.com.co\/index.php\/wp-json\/wp\/v2\/media\/2849"}],"wp:attachment":[{"href":"https:\/\/seic.com.co\/index.php\/wp-json\/wp\/v2\/media?parent=4132"}],"wp:term":[{"taxonomy":"pwb-brand","embeddable":true,"href":"https:\/\/seic.com.co\/index.php\/wp-json\/wp\/v2\/pwb-brand?post=4132"},{"taxonomy":"brand","embeddable":true,"href":"https:\/\/seic.com.co\/index.php\/wp-json\/wp\/v2\/etheme_brands?post=4132"},{"taxonomy":"product_brand","embeddable":true,"href":"https:\/\/seic.com.co\/index.php\/wp-json\/wp\/v2\/product_brand?post=4132"},{"taxonomy":"product_cat","embeddable":true,"href":"https:\/\/seic.com.co\/index.php\/wp-json\/wp\/v2\/product_cat?post=4132"},{"taxonomy":"product_tag","embeddable":true,"href":"https:\/\/seic.com.co\/index.php\/wp-json\/wp\/v2\/product_tag?post=4132"}],"curies":[{"name":"wp","href":"https:\/\/api.w.org\/{rel}","templated":true}]}}