{"id":4146,"date":"2023-08-16T17:15:55","date_gmt":"2023-08-16T17:15:55","guid":{"rendered":"https:\/\/seic.com.co\/index.php\/product\/r-16di-8do\/"},"modified":"2023-08-22T19:35:51","modified_gmt":"2023-08-22T19:35:51","slug":"r-16di-8do","status":"publish","type":"product","link":"https:\/\/seic.com.co\/index.php\/product\/r-16di-8do\/","title":{"rendered":"M\u00f3dulo R-16DI-8DO"},"content":{"rendered":"<p>R-16DI-8DO es un m\u00f3dulo mixto digital con puerto Ethernet dual de 10\/100 Mbps y puerto de programaci\u00f3n Micro USB frontal. La herramienta est\u00e1 dise\u00f1ada para necesidades de cableado flexible, espacios de instalaci\u00f3n peque\u00f1os, aplicaciones de E\/S de alta densidad con redes Ethernet integradas. El R-16DI-8DO tiene 16 entradas digitales PNP\/NPN que tambi\u00e9n se pueden configurar como totalizadores de @32 bits y 8 salidas digitales de rel\u00e9 con un rango m\u00e1ximo de 30 V \/ 1 A. Todos los totalizadores se almacenan en memoria no vol\u00e1til (FeRAM ). El m\u00f3dulo est\u00e1 equipado con aislamiento entre entradas, salidas y otros circuitos de baja tensi\u00f3n igual a 1,5 kVac. La configuraci\u00f3n se puede realizar a trav\u00e9s de un software dedicado y un servidor web con soporte HTML5. La direcci\u00f3n IP, la direcci\u00f3n MAC y la versi\u00f3n de firmware asociadas con el m\u00f3dulo \u00fanico se pueden identificar o configurar en la red LAN a trav\u00e9s de la herramienta SDD (Seneca Discovery Device). El R-16DI-8DO es compatible con la comunicaci\u00f3n en serie ModBUS TCP-IP y RS485 con el protocolo ModBUS RTU. El R-16DI-8DO se puede conectar en modo de cadena tipo margarita Ethernet con derivaci\u00f3n de fallas para garantizar una conexi\u00f3n Ethernet incluso si falla un m\u00f3dulo en la cadena. Las se\u00f1ales digitales se pueden duplicar en uno o m\u00e1s m\u00f3dulos en modo Peer to Peer (funcionalidad de espejo de E\/S). Otra funci\u00f3n avanzada es la funci\u00f3n &#8220;ModBUS Passthrough&#8221;, gracias a la cual el m\u00f3dulo puede desviar a RS485 las solicitudes provenientes de Modbus TCP-IP actuando, de hecho, como una puerta de enlace.<\/p>\n","protected":false},"excerpt":{"rendered":"<p>Entradas digitales de 16 canales \/ Salidas de rel\u00e9 digitales de 8 canales M\u00f3dulo Modbus TCP-IP \/ Modbus RTU (2 ETH)<\/p>\n","protected":false},"featured_media":2846,"comment_status":"open","ping_status":"closed","template":"","meta":[],"pwb-brand":[663],"etheme_brands":[{"term_id":162,"name":"SENECA","slug":"seneca","term_group":0,"term_taxonomy_id":162,"taxonomy":"brand","description":"","parent":0,"count":167,"filter":"raw"}],"product_brand":[],"product_cat":[645],"product_tag":[320,252,251,319,127,54,208],"class_list":{"0":"post-4146","1":"product","2":"type-product","3":"status-publish","4":"has-post-thumbnail","6":"pwb-brand-seneca","7":"brand-seneca","8":"product_cat-modulos-e-s-modbus-rtu","9":"product_tag-ethernet","10":"product_tag-npn","11":"product_tag-pnp","12":"product_tag-r-16di-8do","13":"product_tag-seic","14":"product_tag-seneca","15":"product_tag-usb","17":"first","18":"instock","19":"taxable","20":"shipping-taxable","21":"purchasable","22":"product-type-simple"},"brands":[{"id":663,"name":"SENECA","slug":"seneca"}],"_links":{"self":[{"href":"https:\/\/seic.com.co\/index.php\/wp-json\/wp\/v2\/product\/4146","targetHints":{"allow":["GET"]}}],"collection":[{"href":"https:\/\/seic.com.co\/index.php\/wp-json\/wp\/v2\/product"}],"about":[{"href":"https:\/\/seic.com.co\/index.php\/wp-json\/wp\/v2\/types\/product"}],"replies":[{"embeddable":true,"href":"https:\/\/seic.com.co\/index.php\/wp-json\/wp\/v2\/comments?post=4146"}],"version-history":[{"count":1,"href":"https:\/\/seic.com.co\/index.php\/wp-json\/wp\/v2\/product\/4146\/revisions"}],"predecessor-version":[{"id":4440,"href":"https:\/\/seic.com.co\/index.php\/wp-json\/wp\/v2\/product\/4146\/revisions\/4440"}],"wp:featuredmedia":[{"embeddable":true,"href":"https:\/\/seic.com.co\/index.php\/wp-json\/wp\/v2\/media\/2846"}],"wp:attachment":[{"href":"https:\/\/seic.com.co\/index.php\/wp-json\/wp\/v2\/media?parent=4146"}],"wp:term":[{"taxonomy":"pwb-brand","embeddable":true,"href":"https:\/\/seic.com.co\/index.php\/wp-json\/wp\/v2\/pwb-brand?post=4146"},{"taxonomy":"brand","embeddable":true,"href":"https:\/\/seic.com.co\/index.php\/wp-json\/wp\/v2\/etheme_brands?post=4146"},{"taxonomy":"product_brand","embeddable":true,"href":"https:\/\/seic.com.co\/index.php\/wp-json\/wp\/v2\/product_brand?post=4146"},{"taxonomy":"product_cat","embeddable":true,"href":"https:\/\/seic.com.co\/index.php\/wp-json\/wp\/v2\/product_cat?post=4146"},{"taxonomy":"product_tag","embeddable":true,"href":"https:\/\/seic.com.co\/index.php\/wp-json\/wp\/v2\/product_tag?post=4146"}],"curies":[{"name":"wp","href":"https:\/\/api.w.org\/{rel}","templated":true}]}}