{"id":4147,"date":"2023-08-16T17:15:55","date_gmt":"2023-08-16T17:15:55","guid":{"rendered":"https:\/\/seic.com.co\/index.php\/product\/r-16di-8do-p\/"},"modified":"2023-08-22T19:35:51","modified_gmt":"2023-08-22T19:35:51","slug":"r-16di-8do-p","status":"publish","type":"product","link":"https:\/\/seic.com.co\/index.php\/product\/r-16di-8do-p\/","title":{"rendered":"M\u00f3dulo R-16DI-8DO-P"},"content":{"rendered":"<p>R-16DI-8DO-P es un m\u00f3dulo digital mixto con dos puertos Ethernet de 10\/100 Mbps. Est\u00e1 dise\u00f1ado para necesidades de cableado flexibles, espacio de instalaci\u00f3n peque\u00f1o, aplicaciones de alta densidad de E\/S con redes Ethernet integradas. R-16DI-8DO-P tiene 16 entradas digitales PNP\/NPN y 8 salidas de rel\u00e9 digitales con un rango m\u00e1ximo de 30 V \/ 1 A. El m\u00f3dulo dispone de aislamiento entre entradas, salidas y el resto de circuitos de baja tensi\u00f3n de 1.500 Vac. La configuraci\u00f3n se puede realizar a trav\u00e9s del software CODESYS softPLC y el entorno de dise\u00f1o TiA Portal\/Simatic Step7. R-16DI-8DO-P es compatible con la comunicaci\u00f3n PROFINET IO y se puede conectar en modo de conexi\u00f3n en cadena Ethernet con derivaci\u00f3n de fallas para garantizar la conexi\u00f3n Ethernet incluso en caso de falla de un m\u00f3dulo en la cadena.<\/p>\n","protected":false},"excerpt":{"rendered":"<p>Entradas digitales de 16 canales \/ 8 salidas de rel\u00e9 digitales M\u00f3dulo Profinet IO (2 ETH)<\/p>\n","protected":false},"featured_media":2846,"comment_status":"open","ping_status":"closed","template":"","meta":[],"pwb-brand":[663],"etheme_brands":[{"term_id":162,"name":"SENECA","slug":"seneca","term_group":0,"term_taxonomy_id":162,"taxonomy":"brand","description":"","parent":0,"count":167,"filter":"raw"}],"product_brand":[],"product_cat":[646],"product_tag":[322,320,252,251,321,127,54,208],"class_list":{"0":"post-4147","1":"product","2":"type-product","3":"status-publish","4":"has-post-thumbnail","6":"pwb-brand-seneca","7":"brand-seneca","8":"product_cat-sistemas-de-e-s-profinet","9":"product_tag-easy-setup","10":"product_tag-ethernet","11":"product_tag-npn","12":"product_tag-pnp","13":"product_tag-r-16di-8do-p","14":"product_tag-seic","15":"product_tag-seneca","16":"product_tag-usb","18":"first","19":"instock","20":"taxable","21":"shipping-taxable","22":"purchasable","23":"product-type-simple"},"brands":[{"id":663,"name":"SENECA","slug":"seneca"}],"_links":{"self":[{"href":"https:\/\/seic.com.co\/index.php\/wp-json\/wp\/v2\/product\/4147","targetHints":{"allow":["GET"]}}],"collection":[{"href":"https:\/\/seic.com.co\/index.php\/wp-json\/wp\/v2\/product"}],"about":[{"href":"https:\/\/seic.com.co\/index.php\/wp-json\/wp\/v2\/types\/product"}],"replies":[{"embeddable":true,"href":"https:\/\/seic.com.co\/index.php\/wp-json\/wp\/v2\/comments?post=4147"}],"version-history":[{"count":1,"href":"https:\/\/seic.com.co\/index.php\/wp-json\/wp\/v2\/product\/4147\/revisions"}],"predecessor-version":[{"id":4441,"href":"https:\/\/seic.com.co\/index.php\/wp-json\/wp\/v2\/product\/4147\/revisions\/4441"}],"wp:featuredmedia":[{"embeddable":true,"href":"https:\/\/seic.com.co\/index.php\/wp-json\/wp\/v2\/media\/2846"}],"wp:attachment":[{"href":"https:\/\/seic.com.co\/index.php\/wp-json\/wp\/v2\/media?parent=4147"}],"wp:term":[{"taxonomy":"pwb-brand","embeddable":true,"href":"https:\/\/seic.com.co\/index.php\/wp-json\/wp\/v2\/pwb-brand?post=4147"},{"taxonomy":"brand","embeddable":true,"href":"https:\/\/seic.com.co\/index.php\/wp-json\/wp\/v2\/etheme_brands?post=4147"},{"taxonomy":"product_brand","embeddable":true,"href":"https:\/\/seic.com.co\/index.php\/wp-json\/wp\/v2\/product_brand?post=4147"},{"taxonomy":"product_cat","embeddable":true,"href":"https:\/\/seic.com.co\/index.php\/wp-json\/wp\/v2\/product_cat?post=4147"},{"taxonomy":"product_tag","embeddable":true,"href":"https:\/\/seic.com.co\/index.php\/wp-json\/wp\/v2\/product_tag?post=4147"}],"curies":[{"name":"wp","href":"https:\/\/api.w.org\/{rel}","templated":true}]}}