{"id":4154,"date":"2023-08-16T17:15:56","date_gmt":"2023-08-16T17:15:56","guid":{"rendered":"https:\/\/seic.com.co\/index.php\/product\/r-8ai-8dido\/"},"modified":"2023-08-22T19:35:52","modified_gmt":"2023-08-22T19:35:52","slug":"r-8ai-8dido","status":"publish","type":"product","link":"https:\/\/seic.com.co\/index.php\/product\/r-8ai-8dido\/","title":{"rendered":"M\u00f3dulo R-8AI-8DIDO"},"content":{"rendered":"<p>R-8AI-8DIDO es un m\u00f3dulo mixto con un puerto Ethernet dual de 10\/100 Mbps y un puerto de programaci\u00f3n Micro USB frontal. La herramienta est\u00e1 dise\u00f1ada para necesidades de cableado flexibles, espacios de instalaci\u00f3n peque\u00f1os, aplicaciones de E\/S de alta densidad con redes Ethernet integradas. El R-8AI-8DIDO tiene 8 entradas anal\u00f3gicas y 8 canales digitales. El m\u00f3dulo est\u00e1 equipado con aislamiento entre entradas, salidas y otros circuitos de baja tensi\u00f3n igual a 1,5 kVac. La configuraci\u00f3n se puede realizar a trav\u00e9s de un software dedicado y un servidor web con soporte HTML5. La direcci\u00f3n IP, la direcci\u00f3n MAC y la versi\u00f3n de firmware asociadas con el m\u00f3dulo \u00fanico se pueden identificar o configurar en la red LAN a trav\u00e9s de la herramienta SDD (Seneca Discovery Device). El R-8AI-8DIDO es compatible con la comunicaci\u00f3n serial ModBUS TCP-IP y RS485 con el protocolo ModBUS RTU. El R-8AI-8DIDO se puede conectar en modo de conexi\u00f3n en cadena Ethernet con derivaci\u00f3n de fallas para garantizar una conexi\u00f3n Ethernet incluso si hay un m\u00f3dulo en la cadena. falla Las se\u00f1ales digitales se pueden duplicar en uno o m\u00e1s m\u00f3dulos en modo Peer to Peer (funcionalidad de espejo de E\/S). Otra funci\u00f3n avanzada es la funci\u00f3n &#8220;ModBUS Passthrough&#8221;, gracias a la cual el m\u00f3dulo puede desviar a RS485 las solicitudes provenientes de Modbus TCP-IP actuando, de hecho, como una puerta de enlace.<\/p>\n","protected":false},"excerpt":{"rendered":"<p>Entradas anal\u00f3gicas de 8 canales \/ Entradas \/ salidas digitales de 8 canales M\u00f3dulo Modbus TCP-IP \/ Modbus RTU (2 ETH)<\/p>\n","protected":false},"featured_media":2580,"comment_status":"open","ping_status":"closed","template":"","meta":[],"pwb-brand":[663],"etheme_brands":[{"term_id":162,"name":"SENECA","slug":"seneca","term_group":0,"term_taxonomy_id":162,"taxonomy":"brand","description":"","parent":0,"count":167,"filter":"raw"}],"product_brand":[],"product_cat":[645],"product_tag":[320,329,95,97,127,54,208],"class_list":{"0":"post-4154","1":"product","2":"type-product","3":"status-publish","4":"has-post-thumbnail","6":"pwb-brand-seneca","7":"brand-seneca","8":"product_cat-modulos-e-s-modbus-rtu","9":"product_tag-ethernet","10":"product_tag-html","11":"product_tag-modbus","12":"product_tag-r-8ai-8dido","13":"product_tag-seic","14":"product_tag-seneca","15":"product_tag-usb","17":"first","18":"instock","19":"taxable","20":"shipping-taxable","21":"purchasable","22":"product-type-simple"},"brands":[{"id":663,"name":"SENECA","slug":"seneca"}],"_links":{"self":[{"href":"https:\/\/seic.com.co\/index.php\/wp-json\/wp\/v2\/product\/4154","targetHints":{"allow":["GET"]}}],"collection":[{"href":"https:\/\/seic.com.co\/index.php\/wp-json\/wp\/v2\/product"}],"about":[{"href":"https:\/\/seic.com.co\/index.php\/wp-json\/wp\/v2\/types\/product"}],"replies":[{"embeddable":true,"href":"https:\/\/seic.com.co\/index.php\/wp-json\/wp\/v2\/comments?post=4154"}],"version-history":[{"count":1,"href":"https:\/\/seic.com.co\/index.php\/wp-json\/wp\/v2\/product\/4154\/revisions"}],"predecessor-version":[{"id":4442,"href":"https:\/\/seic.com.co\/index.php\/wp-json\/wp\/v2\/product\/4154\/revisions\/4442"}],"wp:featuredmedia":[{"embeddable":true,"href":"https:\/\/seic.com.co\/index.php\/wp-json\/wp\/v2\/media\/2580"}],"wp:attachment":[{"href":"https:\/\/seic.com.co\/index.php\/wp-json\/wp\/v2\/media?parent=4154"}],"wp:term":[{"taxonomy":"pwb-brand","embeddable":true,"href":"https:\/\/seic.com.co\/index.php\/wp-json\/wp\/v2\/pwb-brand?post=4154"},{"taxonomy":"brand","embeddable":true,"href":"https:\/\/seic.com.co\/index.php\/wp-json\/wp\/v2\/etheme_brands?post=4154"},{"taxonomy":"product_brand","embeddable":true,"href":"https:\/\/seic.com.co\/index.php\/wp-json\/wp\/v2\/product_brand?post=4154"},{"taxonomy":"product_cat","embeddable":true,"href":"https:\/\/seic.com.co\/index.php\/wp-json\/wp\/v2\/product_cat?post=4154"},{"taxonomy":"product_tag","embeddable":true,"href":"https:\/\/seic.com.co\/index.php\/wp-json\/wp\/v2\/product_tag?post=4154"}],"curies":[{"name":"wp","href":"https:\/\/api.w.org\/{rel}","templated":true}]}}