{"id":4166,"date":"2023-08-16T17:15:59","date_gmt":"2023-08-16T17:15:59","guid":{"rendered":"https:\/\/seic.com.co\/?post_type=product&#038;p=4166"},"modified":"2023-08-22T19:35:56","modified_gmt":"2023-08-22T19:35:56","slug":"s21n1-1-st","status":"publish","type":"product","link":"https:\/\/seic.com.co\/index.php\/product\/s21n1-1-st\/","title":{"rendered":"Batch controller S21N1-1-ST"},"content":{"rendered":"<p>S21N1 es un controlador de lotes con un panel frontal de policarbonato de 72&#215;144 mm que incluye 2 pantallas num\u00e9ricas LED rojo de 5 d\u00edgitos de alto brillo, 7 LED que designan el estado de funcionamiento, 6 teclas para la programaci\u00f3n del dispositivo y el comando del ciclo de dosificaci\u00f3n. El dispositivo tiene 3 entradas digitales de control (marcha, parada, reinicio) y 1 entrada de sensor de pulso como contacto libre, contacto red, colector abierto NPN\/PNP BJT, sensor NAMUR, sensor de efecto Hall o sensor fotoel\u00e9ctrico (frecuencia m\u00e1xima 2,2 kHz) . Dos son salidas digitales de rel\u00e9 SPDT (5 A, 250 V, carga resistiva). S21N1 est\u00e1 disponible en versiones est\u00e1ndar, Ex, IP65. A diferencia del modelo S20, el S21N1 tambi\u00e9n est\u00e1 equipado con reloj y memoria flash y puede gestionar la transici\u00f3n del horario de verano al horario de invierno y viceversa.<\/p>\n","protected":false},"excerpt":{"rendered":"<p>Batch controller con CPU, doble display, bater\u00eda con reloj y puerta serial RS485<\/p>\n","protected":false},"featured_media":2855,"comment_status":"open","ping_status":"closed","template":"","meta":[],"pwb-brand":[663],"etheme_brands":[{"term_id":162,"name":"SENECA","slug":"seneca","term_group":0,"term_taxonomy_id":162,"taxonomy":"brand","description":"","parent":0,"count":167,"filter":"raw"}],"product_brand":[],"product_cat":[651],"product_tag":[376,357,358,378,127,54],"class_list":{"0":"post-4166","1":"product","2":"type-product","3":"status-publish","4":"has-post-thumbnail","6":"pwb-brand-seneca","7":"brand-seneca","8":"product_cat-batch-controllers-s-series","9":"product_tag-repeticion-de-mandos","10":"product_tag-s20n1","11":"product_tag-s21n1","12":"product_tag-s21n1-1-st","13":"product_tag-seic","14":"product_tag-seneca","16":"first","17":"instock","18":"taxable","19":"shipping-taxable","20":"purchasable","21":"product-type-variable"},"brands":[{"id":663,"name":"SENECA","slug":"seneca"}],"_links":{"self":[{"href":"https:\/\/seic.com.co\/index.php\/wp-json\/wp\/v2\/product\/4166","targetHints":{"allow":["GET"]}}],"collection":[{"href":"https:\/\/seic.com.co\/index.php\/wp-json\/wp\/v2\/product"}],"about":[{"href":"https:\/\/seic.com.co\/index.php\/wp-json\/wp\/v2\/types\/product"}],"replies":[{"embeddable":true,"href":"https:\/\/seic.com.co\/index.php\/wp-json\/wp\/v2\/comments?post=4166"}],"version-history":[{"count":2,"href":"https:\/\/seic.com.co\/index.php\/wp-json\/wp\/v2\/product\/4166\/revisions"}],"predecessor-version":[{"id":4449,"href":"https:\/\/seic.com.co\/index.php\/wp-json\/wp\/v2\/product\/4166\/revisions\/4449"}],"wp:featuredmedia":[{"embeddable":true,"href":"https:\/\/seic.com.co\/index.php\/wp-json\/wp\/v2\/media\/2855"}],"wp:attachment":[{"href":"https:\/\/seic.com.co\/index.php\/wp-json\/wp\/v2\/media?parent=4166"}],"wp:term":[{"taxonomy":"pwb-brand","embeddable":true,"href":"https:\/\/seic.com.co\/index.php\/wp-json\/wp\/v2\/pwb-brand?post=4166"},{"taxonomy":"brand","embeddable":true,"href":"https:\/\/seic.com.co\/index.php\/wp-json\/wp\/v2\/etheme_brands?post=4166"},{"taxonomy":"product_brand","embeddable":true,"href":"https:\/\/seic.com.co\/index.php\/wp-json\/wp\/v2\/product_brand?post=4166"},{"taxonomy":"product_cat","embeddable":true,"href":"https:\/\/seic.com.co\/index.php\/wp-json\/wp\/v2\/product_cat?post=4166"},{"taxonomy":"product_tag","embeddable":true,"href":"https:\/\/seic.com.co\/index.php\/wp-json\/wp\/v2\/product_tag?post=4166"}],"curies":[{"name":"wp","href":"https:\/\/api.w.org\/{rel}","templated":true}]}}