{"id":4169,"date":"2023-08-16T17:15:59","date_gmt":"2023-08-16T17:15:59","guid":{"rendered":"https:\/\/seic.com.co\/index.php\/product\/s109s-1-st\/"},"modified":"2023-08-22T19:35:54","modified_gmt":"2023-08-22T19:35:54","slug":"s109s-1-st","status":"publish","type":"product","link":"https:\/\/seic.com.co\/index.php\/product\/s109s-1-st\/","title":{"rendered":"Aislador S109S-1-ST"},"content":{"rendered":"<p>S109S es un convertidor de se\u00f1al y fuente de alimentaci\u00f3n con separaci\u00f3n galv\u00e1nica para lazo de corriente 0-20 mA y 4-20 mA. Permite alimentar tanto el bucle de entrada como el de salida con tensi\u00f3n de 24 Vdc. S109S est\u00e1 disponible con suministro principal de 115 Vac y 230 Vac. La tensi\u00f3n de aislamiento entre los circuitos de entrada y salida es de unos 2.000 Vdc, se garantiza una alta precisi\u00f3n y linealidad gracias a un optoaislador lineal para separar se\u00f1ales. S109S lleva caja para carril en 2 m\u00f3dulos DIN, noryl autoextinguible; para colocar sobre barra de 35 mm (DIN 46277). Se utiliza principalmente en el aislamiento de se\u00f1ales de medici\u00f3n entre transductores en instrumentaci\u00f3n de adquisici\u00f3n y de campo.<\/p>\n","protected":false},"excerpt":{"rendered":"<p>Aislador galv\u00e1nico para lazo de corriente 4-20 mA, 115\/230 Vac<\/p>\n","protected":false},"featured_media":2860,"comment_status":"open","ping_status":"closed","template":"","meta":[],"pwb-brand":[663],"etheme_brands":[{"term_id":162,"name":"SENECA","slug":"seneca","term_group":0,"term_taxonomy_id":162,"taxonomy":"brand","description":"","parent":0,"count":167,"filter":"raw"}],"product_brand":[],"product_cat":[652],"product_tag":[250,346,255,345,344,127,54],"class_list":{"0":"post-4169","1":"product","2":"type-product","3":"status-publish","4":"has-post-thumbnail","6":"pwb-brand-seneca","7":"brand-seneca","8":"product_cat-dispositivos-analogicos-de-alto-voltaje","9":"product_tag-aislador","10":"product_tag-bucle","11":"product_tag-corriente","12":"product_tag-galvanico","13":"product_tag-s109s-1-st","14":"product_tag-seic","15":"product_tag-seneca","17":"first","18":"instock","19":"taxable","20":"shipping-taxable","21":"purchasable","22":"product-type-simple"},"brands":[{"id":663,"name":"SENECA","slug":"seneca"}],"_links":{"self":[{"href":"https:\/\/seic.com.co\/index.php\/wp-json\/wp\/v2\/product\/4169","targetHints":{"allow":["GET"]}}],"collection":[{"href":"https:\/\/seic.com.co\/index.php\/wp-json\/wp\/v2\/product"}],"about":[{"href":"https:\/\/seic.com.co\/index.php\/wp-json\/wp\/v2\/types\/product"}],"replies":[{"embeddable":true,"href":"https:\/\/seic.com.co\/index.php\/wp-json\/wp\/v2\/comments?post=4169"}],"version-history":[{"count":1,"href":"https:\/\/seic.com.co\/index.php\/wp-json\/wp\/v2\/product\/4169\/revisions"}],"predecessor-version":[{"id":4452,"href":"https:\/\/seic.com.co\/index.php\/wp-json\/wp\/v2\/product\/4169\/revisions\/4452"}],"wp:featuredmedia":[{"embeddable":true,"href":"https:\/\/seic.com.co\/index.php\/wp-json\/wp\/v2\/media\/2860"}],"wp:attachment":[{"href":"https:\/\/seic.com.co\/index.php\/wp-json\/wp\/v2\/media?parent=4169"}],"wp:term":[{"taxonomy":"pwb-brand","embeddable":true,"href":"https:\/\/seic.com.co\/index.php\/wp-json\/wp\/v2\/pwb-brand?post=4169"},{"taxonomy":"brand","embeddable":true,"href":"https:\/\/seic.com.co\/index.php\/wp-json\/wp\/v2\/etheme_brands?post=4169"},{"taxonomy":"product_brand","embeddable":true,"href":"https:\/\/seic.com.co\/index.php\/wp-json\/wp\/v2\/product_brand?post=4169"},{"taxonomy":"product_cat","embeddable":true,"href":"https:\/\/seic.com.co\/index.php\/wp-json\/wp\/v2\/product_cat?post=4169"},{"taxonomy":"product_tag","embeddable":true,"href":"https:\/\/seic.com.co\/index.php\/wp-json\/wp\/v2\/product_tag?post=4169"}],"curies":[{"name":"wp","href":"https:\/\/api.w.org\/{rel}","templated":true}]}}