{"id":4174,"date":"2023-08-16T17:15:59","date_gmt":"2023-08-16T17:15:59","guid":{"rendered":"https:\/\/seic.com.co\/index.php\/product\/s170-1-st\/"},"modified":"2023-08-22T19:35:54","modified_gmt":"2023-08-22T19:35:54","slug":"s170-1-st","status":"publish","type":"product","link":"https:\/\/seic.com.co\/index.php\/product\/s170-1-st\/","title":{"rendered":"Convertidor S170-1-ST"},"content":{"rendered":"<p>S170 es un m\u00f3dulo convertidor de se\u00f1al de 2 salidas anal\u00f3gicas con aislamiento galv\u00e1nico de 3500 V entre la se\u00f1al de entrada y las se\u00f1ales de salida obtenidas mediante optoacopladores lineales. El dispositivo permite convertir la se\u00f1al de entrada anal\u00f3gica en dos se\u00f1ales de salida anal\u00f3gica (cada salida se puede configurar en modo de voltaje o corriente).<\/p>\n","protected":false},"excerpt":{"rendered":"<p>Duplicador DC &#8211; aislador, 115 \/ 230 Vac<\/p>\n","protected":false},"featured_media":2863,"comment_status":"open","ping_status":"closed","template":"","meta":[],"pwb-brand":[663],"etheme_brands":[{"term_id":162,"name":"SENECA","slug":"seneca","term_group":0,"term_taxonomy_id":162,"taxonomy":"brand","description":"","parent":0,"count":167,"filter":"raw"}],"product_brand":[],"product_cat":[652],"product_tag":[355,345,354,127,54,351],"class_list":{"0":"post-4174","1":"product","2":"type-product","3":"status-publish","4":"has-post-thumbnail","6":"pwb-brand-seneca","7":"brand-seneca","8":"product_cat-dispositivos-analogicos-de-alto-voltaje","9":"product_tag-aislamiento","10":"product_tag-galvanico","11":"product_tag-s170-1-st","12":"product_tag-seic","13":"product_tag-seneca","14":"product_tag-sensores","16":"first","17":"instock","18":"taxable","19":"shipping-taxable","20":"purchasable","21":"product-type-simple"},"brands":[{"id":663,"name":"SENECA","slug":"seneca"}],"_links":{"self":[{"href":"https:\/\/seic.com.co\/index.php\/wp-json\/wp\/v2\/product\/4174","targetHints":{"allow":["GET"]}}],"collection":[{"href":"https:\/\/seic.com.co\/index.php\/wp-json\/wp\/v2\/product"}],"about":[{"href":"https:\/\/seic.com.co\/index.php\/wp-json\/wp\/v2\/types\/product"}],"replies":[{"embeddable":true,"href":"https:\/\/seic.com.co\/index.php\/wp-json\/wp\/v2\/comments?post=4174"}],"version-history":[{"count":1,"href":"https:\/\/seic.com.co\/index.php\/wp-json\/wp\/v2\/product\/4174\/revisions"}],"predecessor-version":[{"id":4454,"href":"https:\/\/seic.com.co\/index.php\/wp-json\/wp\/v2\/product\/4174\/revisions\/4454"}],"wp:featuredmedia":[{"embeddable":true,"href":"https:\/\/seic.com.co\/index.php\/wp-json\/wp\/v2\/media\/2863"}],"wp:attachment":[{"href":"https:\/\/seic.com.co\/index.php\/wp-json\/wp\/v2\/media?parent=4174"}],"wp:term":[{"taxonomy":"pwb-brand","embeddable":true,"href":"https:\/\/seic.com.co\/index.php\/wp-json\/wp\/v2\/pwb-brand?post=4174"},{"taxonomy":"brand","embeddable":true,"href":"https:\/\/seic.com.co\/index.php\/wp-json\/wp\/v2\/etheme_brands?post=4174"},{"taxonomy":"product_brand","embeddable":true,"href":"https:\/\/seic.com.co\/index.php\/wp-json\/wp\/v2\/product_brand?post=4174"},{"taxonomy":"product_cat","embeddable":true,"href":"https:\/\/seic.com.co\/index.php\/wp-json\/wp\/v2\/product_cat?post=4174"},{"taxonomy":"product_tag","embeddable":true,"href":"https:\/\/seic.com.co\/index.php\/wp-json\/wp\/v2\/product_tag?post=4174"}],"curies":[{"name":"wp","href":"https:\/\/api.w.org\/{rel}","templated":true}]}}