{"id":4196,"date":"2023-08-16T17:16:02","date_gmt":"2023-08-16T17:16:02","guid":{"rendered":"https:\/\/seic.com.co\/index.php\/product\/s301-1-r\/"},"modified":"2023-08-22T19:35:56","modified_gmt":"2023-08-22T19:35:56","slug":"s301-1-r","status":"publish","type":"product","link":"https:\/\/seic.com.co\/index.php\/product\/s301-1-r\/","title":{"rendered":"Indicador S301-1-R"},"content":{"rendered":"<p>El S301 es un indicador digital programable de 4 d\u00edgitos y 4 alarmas con entrada universal (tensi\u00f3n, corriente, termopares, PT100, potenci\u00f3metro), adem\u00e1s de medici\u00f3n y visualizaci\u00f3n de la variable de entrada en unidades t\u00e9cnicas de medida. S301 ofrece tambi\u00e9n retransmisi\u00f3n de la variable visualizada en salida anal\u00f3gica aislada y 4 umbrales programables con varios usos posibles (opcionales). S301 lo proporciona la entrada para la funci\u00f3n de retenci\u00f3n y la memoria de valores m\u00e1ximos y m\u00ednimos.<\/p>\n","protected":false},"excerpt":{"rendered":"<p>Indicador de 4 cifras con entrada universal y salida retransmitida<\/p>\n","protected":false},"featured_media":2864,"comment_status":"open","ping_status":"closed","template":"","meta":[],"pwb-brand":[663],"etheme_brands":[{"term_id":162,"name":"SENECA","slug":"seneca","term_group":0,"term_taxonomy_id":162,"taxonomy":"brand","description":"","parent":0,"count":167,"filter":"raw"}],"product_brand":[],"product_cat":[654],"product_tag":[255,389,388,387,231,384,127,54,385,386,364],"class_list":{"0":"post-4196","1":"product","2":"type-product","3":"status-publish","4":"has-post-thumbnail","6":"pwb-brand-seneca","7":"brand-seneca","8":"product_cat-indicadores-digitales","9":"product_tag-corriente","10":"product_tag-indicador-digital","11":"product_tag-medicion","12":"product_tag-potenciometro","13":"product_tag-pt100","14":"product_tag-s301-1-r","15":"product_tag-seic","16":"product_tag-seneca","17":"product_tag-tension","18":"product_tag-termopares","19":"product_tag-visualizacion","21":"first","22":"instock","23":"taxable","24":"shipping-taxable","25":"purchasable","26":"product-type-variable","27":"has-default-attributes"},"brands":[{"id":663,"name":"SENECA","slug":"seneca"}],"_links":{"self":[{"href":"https:\/\/seic.com.co\/index.php\/wp-json\/wp\/v2\/product\/4196","targetHints":{"allow":["GET"]}}],"collection":[{"href":"https:\/\/seic.com.co\/index.php\/wp-json\/wp\/v2\/product"}],"about":[{"href":"https:\/\/seic.com.co\/index.php\/wp-json\/wp\/v2\/types\/product"}],"replies":[{"embeddable":true,"href":"https:\/\/seic.com.co\/index.php\/wp-json\/wp\/v2\/comments?post=4196"}],"version-history":[{"count":1,"href":"https:\/\/seic.com.co\/index.php\/wp-json\/wp\/v2\/product\/4196\/revisions"}],"predecessor-version":[{"id":4459,"href":"https:\/\/seic.com.co\/index.php\/wp-json\/wp\/v2\/product\/4196\/revisions\/4459"}],"wp:featuredmedia":[{"embeddable":true,"href":"https:\/\/seic.com.co\/index.php\/wp-json\/wp\/v2\/media\/2864"}],"wp:attachment":[{"href":"https:\/\/seic.com.co\/index.php\/wp-json\/wp\/v2\/media?parent=4196"}],"wp:term":[{"taxonomy":"pwb-brand","embeddable":true,"href":"https:\/\/seic.com.co\/index.php\/wp-json\/wp\/v2\/pwb-brand?post=4196"},{"taxonomy":"brand","embeddable":true,"href":"https:\/\/seic.com.co\/index.php\/wp-json\/wp\/v2\/etheme_brands?post=4196"},{"taxonomy":"product_brand","embeddable":true,"href":"https:\/\/seic.com.co\/index.php\/wp-json\/wp\/v2\/product_brand?post=4196"},{"taxonomy":"product_cat","embeddable":true,"href":"https:\/\/seic.com.co\/index.php\/wp-json\/wp\/v2\/product_cat?post=4196"},{"taxonomy":"product_tag","embeddable":true,"href":"https:\/\/seic.com.co\/index.php\/wp-json\/wp\/v2\/product_tag?post=4196"}],"curies":[{"name":"wp","href":"https:\/\/api.w.org\/{rel}","templated":true}]}}