{"id":4229,"date":"2023-08-16T17:16:08","date_gmt":"2023-08-16T17:16:08","guid":{"rendered":"https:\/\/seic.com.co\/?post_type=product&#038;p=4229"},"modified":"2023-08-22T19:35:58","modified_gmt":"2023-08-22T19:35:58","slug":"s311ak-4-l","status":"publish","type":"product","link":"https:\/\/seic.com.co\/index.php\/product\/s311ak-4-l\/","title":{"rendered":"Indicador S311AK-4-L"},"content":{"rendered":"<p>El S311AK-4-L puede leer se\u00f1ales de voltaje (0-10 V) o corriente (0-20 mA) con o sin medici\u00f3n alimentada por lazo. Todos los par\u00e1metros y la configuraci\u00f3n de la pantalla se pueden configurar por men\u00fa. La entrada se mostrar\u00e1 y escalar\u00e1 en una pantalla de 4 d\u00edgitos seg\u00fan la configuraci\u00f3n. S311AK-4-L tiene una excelente resoluci\u00f3n, precisi\u00f3n y estabilidad de temperatura. Las dimensiones compactas permiten mejorar el montaje en cuadro el\u00e9ctrico.<\/p>\n","protected":false},"excerpt":{"rendered":"<p>Indicador de 4 d\u00edgitos entrada anal\u00f3gica<\/p>\n","protected":false},"featured_media":2867,"comment_status":"open","ping_status":"closed","template":"","meta":[],"pwb-brand":[663],"etheme_brands":[{"term_id":162,"name":"SENECA","slug":"seneca","term_group":0,"term_taxonomy_id":162,"taxonomy":"brand","description":"","parent":0,"count":167,"filter":"raw"}],"product_brand":[],"product_cat":[654],"product_tag":[255,419,418,417,127,54,256],"class_list":{"0":"post-4229","1":"product","2":"type-product","3":"status-publish","4":"has-post-thumbnail","6":"pwb-brand-seneca","7":"brand-seneca","8":"product_cat-indicadores-digitales","9":"product_tag-corriente","10":"product_tag-precision","11":"product_tag-resolucion","12":"product_tag-s311ak-4-l","13":"product_tag-seic","14":"product_tag-seneca","15":"product_tag-voltaje","17":"first","18":"instock","19":"taxable","20":"shipping-taxable","21":"purchasable","22":"product-type-variable","23":"has-default-attributes"},"brands":[{"id":663,"name":"SENECA","slug":"seneca"}],"_links":{"self":[{"href":"https:\/\/seic.com.co\/index.php\/wp-json\/wp\/v2\/product\/4229","targetHints":{"allow":["GET"]}}],"collection":[{"href":"https:\/\/seic.com.co\/index.php\/wp-json\/wp\/v2\/product"}],"about":[{"href":"https:\/\/seic.com.co\/index.php\/wp-json\/wp\/v2\/types\/product"}],"replies":[{"embeddable":true,"href":"https:\/\/seic.com.co\/index.php\/wp-json\/wp\/v2\/comments?post=4229"}],"version-history":[{"count":2,"href":"https:\/\/seic.com.co\/index.php\/wp-json\/wp\/v2\/product\/4229\/revisions"}],"predecessor-version":[{"id":4462,"href":"https:\/\/seic.com.co\/index.php\/wp-json\/wp\/v2\/product\/4229\/revisions\/4462"}],"wp:featuredmedia":[{"embeddable":true,"href":"https:\/\/seic.com.co\/index.php\/wp-json\/wp\/v2\/media\/2867"}],"wp:attachment":[{"href":"https:\/\/seic.com.co\/index.php\/wp-json\/wp\/v2\/media?parent=4229"}],"wp:term":[{"taxonomy":"pwb-brand","embeddable":true,"href":"https:\/\/seic.com.co\/index.php\/wp-json\/wp\/v2\/pwb-brand?post=4229"},{"taxonomy":"brand","embeddable":true,"href":"https:\/\/seic.com.co\/index.php\/wp-json\/wp\/v2\/etheme_brands?post=4229"},{"taxonomy":"product_brand","embeddable":true,"href":"https:\/\/seic.com.co\/index.php\/wp-json\/wp\/v2\/product_brand?post=4229"},{"taxonomy":"product_cat","embeddable":true,"href":"https:\/\/seic.com.co\/index.php\/wp-json\/wp\/v2\/product_cat?post=4229"},{"taxonomy":"product_tag","embeddable":true,"href":"https:\/\/seic.com.co\/index.php\/wp-json\/wp\/v2\/product_tag?post=4229"}],"curies":[{"name":"wp","href":"https:\/\/api.w.org\/{rel}","templated":true}]}}