{"id":4231,"date":"2023-08-16T17:16:09","date_gmt":"2023-08-16T17:16:09","guid":{"rendered":"https:\/\/seic.com.co\/?post_type=product&#038;p=4231"},"modified":"2023-08-22T19:35:59","modified_gmt":"2023-08-22T19:35:59","slug":"s311g-4-h","status":"publish","type":"product","link":"https:\/\/seic.com.co\/index.php\/product\/s311g-4-h\/","title":{"rendered":"Indicador S311G-4-H"},"content":{"rendered":"<p>S311G es tanto un\u00a0indicador digital con entrada anal\u00f3gica\u00a0(V, mA, Ohm) como un\u00a0generador de voltaje\/corriente. Es ampliable con interfaz ModBUS que permite la retransmisi\u00f3n anal\u00f3gica del valor medido a una salida aislada en tensi\u00f3n o en corriente. El S311G tiene dos modos de funcionamiento: &#8220;AUTO&#8221; donde mide un valor anal\u00f3gico y lo retransmite a la salida; &#8220;MANUAL&#8221; donde genera un valor definido en la salida. En modo manual, y durante la transici\u00f3n entre un modo y otro, es posible configurar una funci\u00f3n de atenuaci\u00f3n de la se\u00f1al (&#8220;bumples transfer&#8221;). Esta funci\u00f3n evita sobretensiones peligrosas de tensi\u00f3n\/corriente y golpes de ariete, lo que mejora la longevidad de la instrumentaci\u00f3n y reduce los costos de mantenimiento asociados.<\/p>\n","protected":false},"excerpt":{"rendered":"<p>Indicador de entrada universal de 4 d\u00edgitos<\/p>\n","protected":false},"featured_media":2869,"comment_status":"open","ping_status":"closed","template":"","meta":[],"pwb-brand":[663],"etheme_brands":[{"term_id":162,"name":"SENECA","slug":"seneca","term_group":0,"term_taxonomy_id":162,"taxonomy":"brand","description":"","parent":0,"count":167,"filter":"raw"}],"product_brand":[],"product_cat":[654],"product_tag":[441,389,95,439,127,54],"class_list":{"0":"post-4231","1":"product","2":"type-product","3":"status-publish","4":"has-post-thumbnail","6":"pwb-brand-seneca","7":"brand-seneca","8":"product_cat-indicadores-digitales","9":"product_tag-entrada-analogica","10":"product_tag-indicador-digital","11":"product_tag-modbus","12":"product_tag-s311g-4-h","13":"product_tag-seic","14":"product_tag-seneca","16":"first","17":"instock","18":"taxable","19":"shipping-taxable","20":"purchasable","21":"product-type-variable"},"brands":[{"id":663,"name":"SENECA","slug":"seneca"}],"_links":{"self":[{"href":"https:\/\/seic.com.co\/index.php\/wp-json\/wp\/v2\/product\/4231","targetHints":{"allow":["GET"]}}],"collection":[{"href":"https:\/\/seic.com.co\/index.php\/wp-json\/wp\/v2\/product"}],"about":[{"href":"https:\/\/seic.com.co\/index.php\/wp-json\/wp\/v2\/types\/product"}],"replies":[{"embeddable":true,"href":"https:\/\/seic.com.co\/index.php\/wp-json\/wp\/v2\/comments?post=4231"}],"version-history":[{"count":2,"href":"https:\/\/seic.com.co\/index.php\/wp-json\/wp\/v2\/product\/4231\/revisions"}],"predecessor-version":[{"id":4464,"href":"https:\/\/seic.com.co\/index.php\/wp-json\/wp\/v2\/product\/4231\/revisions\/4464"}],"wp:featuredmedia":[{"embeddable":true,"href":"https:\/\/seic.com.co\/index.php\/wp-json\/wp\/v2\/media\/2869"}],"wp:attachment":[{"href":"https:\/\/seic.com.co\/index.php\/wp-json\/wp\/v2\/media?parent=4231"}],"wp:term":[{"taxonomy":"pwb-brand","embeddable":true,"href":"https:\/\/seic.com.co\/index.php\/wp-json\/wp\/v2\/pwb-brand?post=4231"},{"taxonomy":"brand","embeddable":true,"href":"https:\/\/seic.com.co\/index.php\/wp-json\/wp\/v2\/etheme_brands?post=4231"},{"taxonomy":"product_brand","embeddable":true,"href":"https:\/\/seic.com.co\/index.php\/wp-json\/wp\/v2\/product_brand?post=4231"},{"taxonomy":"product_cat","embeddable":true,"href":"https:\/\/seic.com.co\/index.php\/wp-json\/wp\/v2\/product_cat?post=4231"},{"taxonomy":"product_tag","embeddable":true,"href":"https:\/\/seic.com.co\/index.php\/wp-json\/wp\/v2\/product_tag?post=4231"}],"curies":[{"name":"wp","href":"https:\/\/api.w.org\/{rel}","templated":true}]}}